{"id":16,"date":"2021-01-02T17:56:32","date_gmt":"2021-01-02T17:56:32","guid":{"rendered":"https:\/\/fossavatn.is\/?page_id=16"},"modified":"2022-03-17T21:29:00","modified_gmt":"2022-03-17T21:29:00","slug":"um","status":"publish","type":"page","link":"https:\/\/fossavatn.is\/en\/um\/","title":{"rendered":"History of Fossavatnsgangan"},"content":{"rendered":"<p>For the first few decades the race was 20 km long. In 1987 a shorter distance of 10 km was added, and two years later another addition was made, this time an easy 7 km course which is suitable for children and beginners. The 50 km race has been on the program since 2004.<\/p>\n\n\n\n<figure class=\"wp-block-image size-full\"><img loading=\"lazy\" decoding=\"async\" width=\"980\" height=\"600\" src=\"https:\/\/fossavatn.is\/wp-content\/uploads\/2021\/01\/image-26.png\" alt=\"\" class=\"wp-image-428\" srcset=\"https:\/\/fossavatn.is\/wp-content\/uploads\/2021\/01\/image-26.png 980w, https:\/\/fossavatn.is\/wp-content\/uploads\/2021\/01\/image-26-600x367.png 600w\" sizes=\"auto, (max-width: 980px) 100vw, 980px\" \/><\/figure>\n\n\n\n<p>The most successful Fossavatn athlete is the local skier Kristjan Rafn Gudmundsson, who won the race 12 times in the 1960s and 70s. However, the skier who has participated in most Fossavatn races is another local, Sigurdur Jonsson, who first skied the race in 1938 and has participated almost every year since!<\/p>\n\n\n\n<p>After the inauguration of the 50 km distance, Fossavatnsgangan has been getting increased attention from skiers overseas. The reace was added to the FIS Race Calendar in 2005, and that same year the Fossavatn became a founding partner of the FIS Nordic Ski Marathon Cup, a series which includes the Holmenkollen Skimaraton in Norway, Tornedalsloppet in Sweden, Oulun Tervahiihto in Finland and Fossavant Ski Marathon in Iceland.<\/p>\n\n\n\n<div class=\"wp-block-columns is-layout-flex wp-container-core-columns-is-layout-28f84493 wp-block-columns-is-layout-flex\">\n<div class=\"wp-block-column is-layout-flow wp-block-column-is-layout-flow\">\n<figure class=\"wp-block-image size-large\"><img decoding=\"async\" src=\"https:\/\/fossavatn.is\/wp-content\/uploads\/2022\/03\/skidafrettir1961-1024x648.png\" alt=\"Sk\u00ed\u00f0afr\u00e9ttir 1961\" class=\"wp-image-2902\"\/><\/figure>\n<\/div>\n\n\n\n<div class=\"wp-block-column is-layout-flow wp-block-column-is-layout-flow\">\n<figure class=\"wp-block-image size-large\"><img decoding=\"async\" src=\"https:\/\/fossavatn.is\/wp-content\/uploads\/2022\/03\/frett1969-1024x555.png\" alt=\"\" class=\"wp-image-2903\"\/><\/figure>\n<\/div>\n<\/div>\n\n\n\n<p>After the 50 km distance was introduced in the Fossavatnsg\u00e5nginn, the tournament has attracted more and more attention abroad. In 2005, the race was included in the tournament list of the International Ski Federation, FIS, and in the same year it became a founding member of the Nordic tournament series, FIS Nordic Ski Marathon Cup. It is a collaboration between the Fossavatnsg\u00e5ngin, Holmenkollen Skimaraton in Norway, Tornedalsloppet in Sweden and Oulun Tervahiito in Finland. All this has led to the fact that participation in the walk has been increasing from year to year and the increase has been in the group of both domestic and foreign skiers. Many world-renowned skiers have made their way to \u00cdsafj\u00f6r\u00f0ur to walk the Fossavatn Walk. The first in that order was Paul Gunnar Mikkelsplass from Norway, who came here at the height of his fame in 1985. The last year has seen a lot of additions to this group, and we can mention competitors such as Thomas Alsgaard, Hilde G. Pedersen, Suzanne Nystr\u00f6m, Oskar Sv\u00e4rd and Petter Northug.<\/p>\n\n\n\n<p><\/p>\n\n\n\n<p>The race has represented the western part of the country and winter sports in the <a href=\"http:\/\/landvaettur.is\">Landv\u00e6ttir sports series<\/a> since the foundation of that association in 2013. The sport of cross-country skiing has been on the rise in recent years in connection with popular cross-country courses on \u00cdsafj\u00f6r\u00f0ur and elsewhere in the country. <\/p>\n\n\n\n<p>Fossavatnsgangan was a force of fate in the life of \u00cdsafj\u00f6r\u00f0ur's newest Olympian, Snorri Einarsson, who came to participate in the race in 2017 and <a href=\"https:\/\/www.ruv.is\/frett\/2022\/02\/03\/allt-buid-ad-breytast-fra-sidustu-olympiuleikum?term=landinn&amp;rtype=news&amp;slot=83\">took root in the town<\/a>. <\/p>\n\n\n\n<p><\/p>\n\n\n\n<div style=\"height:100px\" aria-hidden=\"true\" class=\"wp-block-spacer\"><\/div>","protected":false},"excerpt":{"rendered":"<p>Fossavatnsgangan er elsta sk\u00ed\u00f0am\u00f3t sem enn er vi\u00f0 l\u00fd\u00f0i \u00e1 \u00cdslandi, en gangan f\u00f3r fyrst fram \u00e1ri\u00f0 1935. Gangan fer jafnan fram um m\u00e1na\u00f0am\u00f3tin apr\u00edl\/ma\u00ed og markar lok sk\u00ed\u00f0avert\u00ed\u00f0arinnar h\u00e9r \u00e1 landi. Lengst af var a\u00f0eins ein vegalengd \u00e1 dagskr\u00e1 Fossavatnsg\u00f6ngunnar, u.\u00fe.b. 20 km lei\u00f0 fr\u00e1 Vatnahnj\u00fak \u00ed n\u00e1grenni Fossavatns yfir \u00e1 Seljalandsdal. \u00c1ri\u00f0 1987 [&hellip;]<\/p>\n","protected":false},"author":1,"featured_media":0,"parent":0,"menu_order":0,"comment_status":"closed","ping_status":"closed","template":"","meta":{"footnotes":""},"class_list":["post-16","page","type-page","status-publish","hentry"],"_links":{"self":[{"href":"https:\/\/fossavatn.is\/en\/wp-json\/wp\/v2\/pages\/16","targetHints":{"allow":["GET"]}}],"collection":[{"href":"https:\/\/fossavatn.is\/en\/wp-json\/wp\/v2\/pages"}],"about":[{"href":"https:\/\/fossavatn.is\/en\/wp-json\/wp\/v2\/types\/page"}],"author":[{"embeddable":true,"href":"https:\/\/fossavatn.is\/en\/wp-json\/wp\/v2\/users\/1"}],"replies":[{"embeddable":true,"href":"https:\/\/fossavatn.is\/en\/wp-json\/wp\/v2\/comments?post=16"}],"version-history":[{"count":15,"href":"https:\/\/fossavatn.is\/en\/wp-json\/wp\/v2\/pages\/16\/revisions"}],"predecessor-version":[{"id":3258,"href":"https:\/\/fossavatn.is\/en\/wp-json\/wp\/v2\/pages\/16\/revisions\/3258"}],"wp:attachment":[{"href":"https:\/\/fossavatn.is\/en\/wp-json\/wp\/v2\/media?parent=16"}],"curies":[{"name":"wp","href":"https:\/\/api.w.org\/{rel}","templated":true}]}}