{"id":2922,"date":"2022-03-13T19:02:47","date_gmt":"2022-03-13T19:02:47","guid":{"rendered":"https:\/\/fossavatn.is\/?page_id=2922"},"modified":"2026-04-16T12:50:38","modified_gmt":"2026-04-16T12:50:38","slug":"50-km","status":"publish","type":"page","link":"https:\/\/fossavatn.is\/en\/50-km\/","title":{"rendered":"Fossavatnsgangan 50 km"},"content":{"rendered":"<p><\/p>\n\n\n\n<div class=\"wp-block-group alignfull has-global-padding is-layout-constrained wp-container-core-group-is-layout-669513ed wp-block-group-is-layout-constrained\" style=\"margin-top:0;margin-bottom:0;padding-top:var(--wp--preset--spacing--50);padding-right:var(--wp--preset--spacing--50);padding-bottom:var(--wp--preset--spacing--50);padding-left:var(--wp--preset--spacing--50)\">\n<div class=\"wp-block-group alignwide has-base-2-background-color has-background has-global-padding is-layout-constrained wp-container-core-group-is-layout-4eef32b3 wp-block-group-is-layout-constrained\" style=\"border-radius:16px;padding-top:var(--wp--preset--spacing--10);padding-right:var(--wp--preset--spacing--50);padding-bottom:var(--wp--preset--spacing--10);padding-left:var(--wp--preset--spacing--50)\">\n<div style=\"height:var(--wp--preset--spacing--30)\" aria-hidden=\"true\" class=\"wp-block-spacer\"><\/div>\n\n\n\n<div class=\"wp-block-columns alignwide is-layout-flex wp-container-core-columns-is-layout-06670bbc wp-block-columns-is-layout-flex\">\n<div class=\"wp-block-column is-layout-flow wp-block-column-is-layout-flow\" style=\"border-top-color:var(--wp--preset--color--contrast-3);border-top-width:1px;padding-top:var(--wp--preset--spacing--30);padding-right:var(--wp--preset--spacing--30);padding-bottom:var(--wp--preset--spacing--10);padding-left:var(--wp--preset--spacing--30)\">\n<h4 class=\"wp-block-heading has-text-align-center has-medium-font-size\" style=\"padding-top:1px\"><em>Date<\/em><\/h4>\n\n\n\n<h5 class=\"wp-block-heading has-text-align-center has-x-large-font-size\">April 18, 2026<\/h5>\n\n\n\n<div style=\"height:var(--wp--preset--spacing--10)\" aria-hidden=\"true\" class=\"wp-block-spacer\"><\/div>\n<\/div>\n\n\n\n<div class=\"wp-block-column is-layout-flow wp-block-column-is-layout-flow\" style=\"border-top-color:var(--wp--preset--color--contrast-3);border-top-width:1px;padding-top:var(--wp--preset--spacing--30);padding-right:var(--wp--preset--spacing--30);padding-bottom:var(--wp--preset--spacing--10);padding-left:var(--wp--preset--spacing--30)\">\n<h4 class=\"wp-block-heading has-text-align-center has-medium-font-size\" style=\"padding-top:1px\"><em>Startup<\/em><\/h4>\n\n\n\n<h5 class=\"wp-block-heading has-text-align-center has-x-large-font-size\">08:00\u20139:00<\/h5>\n\n\n\n<div style=\"height:var(--wp--preset--spacing--10)\" aria-hidden=\"true\" class=\"wp-block-spacer\"><\/div>\n<\/div>\n\n\n\n<div class=\"wp-block-column is-layout-flow wp-block-column-is-layout-flow\" style=\"border-top-color:var(--wp--preset--color--contrast-3);border-top-width:1px;padding-top:var(--wp--preset--spacing--30);padding-right:var(--wp--preset--spacing--30);padding-bottom:var(--wp--preset--spacing--10);padding-left:var(--wp--preset--spacing--30)\">\n<h4 class=\"wp-block-heading has-text-align-center has-medium-font-size\" style=\"padding-top:1px\"><em>Style<\/em><\/h4>\n\n\n\n<h5 class=\"wp-block-heading has-text-align-center has-x-large-font-size\">Classic<\/h5>\n\n\n\n<div style=\"height:var(--wp--preset--spacing--10)\" aria-hidden=\"true\" class=\"wp-block-spacer\"><\/div>\n<\/div>\n<\/div>\n\n\n\n<div class=\"wp-block-columns alignwide is-layout-flex wp-container-core-columns-is-layout-06670bbc wp-block-columns-is-layout-flex\">\n<div class=\"wp-block-column is-layout-flow wp-block-column-is-layout-flow\" style=\"border-top-color:var(--wp--preset--color--contrast-3);border-top-width:1px;padding-top:var(--wp--preset--spacing--30);padding-right:var(--wp--preset--spacing--30);padding-bottom:var(--wp--preset--spacing--10);padding-left:var(--wp--preset--spacing--30)\">\n<h4 class=\"wp-block-heading has-text-align-center has-medium-font-size\" style=\"padding-top:1px\"><em>Age limit<\/em><\/h4>\n\n\n\n<h5 class=\"wp-block-heading has-text-align-center has-x-large-font-size\"><a href=\"https:\/\/fossavatn.is\/en\/reglur-og-skilmalar\/#aldursreglur\" data-type=\"page\" data-id=\"182\">16 years<\/a><\/h5>\n\n\n\n<div style=\"height:var(--wp--preset--spacing--10)\" aria-hidden=\"true\" class=\"wp-block-spacer\"><\/div>\n<\/div>\n\n\n\n<div class=\"wp-block-column is-layout-flow wp-block-column-is-layout-flow\" style=\"border-top-color:var(--wp--preset--color--contrast-3);border-top-width:1px;padding-top:var(--wp--preset--spacing--30);padding-right:var(--wp--preset--spacing--30);padding-bottom:var(--wp--preset--spacing--10);padding-left:var(--wp--preset--spacing--30)\">\n<h4 class=\"wp-block-heading has-text-align-center has-medium-font-size\" style=\"padding-top:1px\"><em>Transponder timing<\/em><\/h4>\n\n\n\n<h5 class=\"wp-block-heading has-text-align-center has-x-large-font-size\">Yes<\/h5>\n\n\n\n<div style=\"height:var(--wp--preset--spacing--10)\" aria-hidden=\"true\" class=\"wp-block-spacer\"><\/div>\n<\/div>\n\n\n\n<div class=\"wp-block-column is-layout-flow wp-block-column-is-layout-flow\" style=\"border-top-color:var(--wp--preset--color--contrast-3);border-top-width:1px;padding-top:var(--wp--preset--spacing--30);padding-right:var(--wp--preset--spacing--30);padding-bottom:var(--wp--preset--spacing--10);padding-left:var(--wp--preset--spacing--30)\">\n<h4 class=\"wp-block-heading has-text-align-center has-medium-font-size\" style=\"padding-top:1px\"><em>Backpack requirement<\/em><\/h4>\n\n\n\n<h5 class=\"wp-block-heading has-text-align-center has-x-large-font-size\">Yes<\/h5>\n\n\n\n<div style=\"height:var(--wp--preset--spacing--10)\" aria-hidden=\"true\" class=\"wp-block-spacer\"><\/div>\n<\/div>\n\n\n\n<div class=\"wp-block-column is-layout-flow wp-block-column-is-layout-flow\" style=\"border-top-color:var(--wp--preset--color--contrast-3);border-top-width:1px;padding-top:var(--wp--preset--spacing--30);padding-right:var(--wp--preset--spacing--30);padding-bottom:var(--wp--preset--spacing--10);padding-left:var(--wp--preset--spacing--30)\">\n<h4 class=\"wp-block-heading has-text-align-center has-medium-font-size\" style=\"padding-top:1px\"><em>Time limit<\/em><\/h4>\n\n\n\n<h5 class=\"wp-block-heading has-text-align-center has-large-font-size\">2.5 hrs for 10 km; <br>6,5 hrs for 35 km<\/h5>\n\n\n\n<div style=\"height:var(--wp--preset--spacing--10)\" aria-hidden=\"true\" class=\"wp-block-spacer\"><\/div>\n<\/div>\n<\/div>\n<\/div>\n<\/div>\n\n\n\n<div class=\"wp-block-buttons is-content-justification-center is-layout-flex wp-container-core-buttons-is-layout-a89b3969 wp-block-buttons-is-layout-flex\">\n<div class=\"wp-block-button has-custom-width wp-block-button__width-25\"><a class=\"wp-block-button__link has-large-font-size has-custom-font-size wp-element-button\" href=\"http:\/\/skraning.fossavatn.is\" style=\"padding-top:var(--wp--preset--spacing--10);padding-right:var(--wp--preset--spacing--10);padding-bottom:var(--wp--preset--spacing--10);padding-left:var(--wp--preset--spacing--10)\">Registration<\/a><\/div>\n<\/div>\n\n\n\n<div style=\"height:59px\" aria-hidden=\"true\" class=\"wp-block-spacer\"><\/div>\n\n\n\n<div class=\"wp-block-media-text is-stacked-on-mobile\" style=\"grid-template-columns:27% auto\"><figure class=\"wp-block-media-text__media\"><img loading=\"lazy\" decoding=\"async\" width=\"300\" height=\"240\" src=\"https:\/\/fossavatn.is\/wp-content\/uploads\/2022\/04\/l_image5437f788330b0-1.jpg\" alt=\"\" class=\"wp-image-3519 size-full\"\/><\/figure><div class=\"wp-block-media-text__content\">\n<p class=\"has-medium-font-size\"><em>Fossavatnsgangan 50 km counts as one of the four <a href=\"http:\/\/landvaettur.is\/\">Landv\u00e6ttur challenge<\/a>.<\/em><\/p>\n<\/div><\/div>\n\n\n\n<h2 class=\"wp-block-heading\">The course<\/h2>\n\n\n\n<div class=\"wp-block-columns is-layout-flex wp-container-core-columns-is-layout-28f84493 wp-block-columns-is-layout-flex\">\n<div class=\"wp-block-column is-layout-flow wp-block-column-is-layout-flow\">\n<h3 class=\"wp-block-heading\">In a nutshell<\/h3>\n\n\n\n<p>The first 15 km are tough as you work your way from 290 m altitude up to 614 m. From there you have a fairly easy 10 km descend towards N\u00f3nvatn and Engidalur, to the turning point at \u201cSteinn\u201d (approximately 26 km). The next 4 km are not easy and are followed by a very long and demanding climb up to Fellsh\u00e1ls.\u00a0 After that you have a long section in a gentle terrain, before the final climb up the notorious Mi\u00f0fellsh\u00e1ls. From there, the last 7 km are all flat or downhill.<\/p>\n<\/div>\n\n\n\n<div class=\"wp-block-column is-layout-flow wp-block-column-is-layout-flow\">\n<h3 class=\"wp-block-heading\">Distance between drinking stations<\/h3>\n\n\n\n<figure class=\"wp-block-table is-style-fv-tafla\"><table><tbody><tr><td>Start-B\u00farfell<\/td><td>5.2 km<\/td><\/tr><tr><td>B\u00farfell \u2013 Heathen&nbsp;<\/td><td>4.5 km<\/td><\/tr><tr><td>Heiden \u2013 N\u00f3nvatn<\/td><td>9.7 km<\/td><\/tr><tr><td>N\u00f3nvatn \u2013 N\u00f3nvatn<\/td><td>8.3 km<\/td><\/tr><tr><td>N\u00f3nvatn \u2013 Heiden<\/td><td>6.7 km<\/td><\/tr><tr><td>Heiden \u2013 B\u00farfell<\/td><td>5.4 km<\/td><\/tr><tr><td>B\u00farfell - finish<\/td><td>10.2 km<\/td><\/tr><\/tbody><\/table><\/figure>\n<\/div>\n<\/div>\n\n\n\n<figure class=\"wp-block-image aligncenter size-large is-resized\"><a href=\"https:\/\/nonnikiddi2.carto.com\/viz\/fb012cea-04be-11e6-becb-0ecd1babdde5\/embed_map\"><img decoding=\"async\" src=\"https:\/\/fossavatn.is\/wp-content\/uploads\/2022\/03\/50km-1024x685.png\" alt=\"\" class=\"wp-image-2949\"\/><\/a><figcaption class=\"wp-element-caption\">Map of 50 km course <a href=\"https:\/\/nonnikiddi2.carto.com\/viz\/fb012cea-04be-11e6-becb-0ecd1babdde5\/embed_map\">Interactive version.<\/a> See also <a href=\"http:\/\/www.opensnowmap.org\/#map=12\/-23.226\/66.037&amp;b=snowmap&amp;m=false&amp;h=false\">OpenSnowMap<\/a>.<\/figcaption><\/figure>\n\n\n\n<figure class=\"wp-block-image aligncenter size-large is-resized\"><a href=\"https:\/\/fossavatn.is\/wp-content\/uploads\/2021\/01\/image-36-1024x737.png\"><img decoding=\"async\" src=\"https:\/\/fossavatn.is\/wp-content\/uploads\/2021\/01\/image-36-1024x737.png\" alt=\"\" class=\"wp-image-582\"\/><\/a><figcaption class=\"wp-element-caption\">Overview by \u00d3mar Sm\u00e1ra. <\/figcaption><\/figure>\n\n\n\n<h3 class=\"wp-block-heading\">Course description<\/h3>\n\n\n\n<p>You start from the ski house at Seljalandsdalur like all the other distances. The first kilometer is an easy loop around the start area, but the next kilometer is mostly a steep and difficult climb up to H\u00e1abr\u00fan, one of the most picturesque points of the course. The view from there over the fjord Skutulsfj\u00f6r\u00f0ur is stunning and ideal to take a photo or two if you\u00b4re not too much in a hurry.<\/p>\n\n\n\n<p>Following the climb up to H\u00e1abr\u00fan you come to a relatively flat section that stretches for over a kilometer. It takes you under a ski lift and eventually to the crossroads where the 12,5 km skiers turn right but the 25 and 50 km skiers keep on going straight. Soon after you pass the crossroads you will be greeted by an uphill that takes you under another ski lift. Now you have skied some 4 quite strenuous kilometers with a total elevation of 155 m. After another kilometer you come to the first feeding station, B\u00farfell 1. Following the feeding station you will be treated to an easy section called Hn\u00edfar, before doing another 2 km long climb up to the next feeding station, Hei\u00f0in 1. This is the only point of the course that is accessible by car, although the road is only open for our staff and the rescue team.\u00a0<\/p>\n\n\n\n<p>From the feeding station you continue for some 4,5 km until you reach Fellsh\u00e1ls, the highest point of the course. If you are not too serious about the competition, this is a nice point to relax and enjoy the fabulous view over the surrounding area. From up here you have a fairly easy descend down to the next feeding station, N\u00f3nvatn 1. The gentle terrain continues all the way around the valley Engidalur to the rock \u201cSteinn\u201d. This was the starting point for Fossavatnsgangan in the early days, when the main distance was 20 km. You, on the other hand, have already finished some 26 km by now and need to be prepared for some demanding kilometers that are waiting for you. First you work your way back to the feeding station N\u00f3nvatn, and then up the long and strenuous hill Fellsh\u00e1ls. For the second time, you are at the highest point of the course. From there you can glide and double pole to the feeding station Hei\u00f0in 2.<\/p>\n\n\n\n<p>The next 5,5 km\u00a0 or so are relatively easy, but when you come to the final feeding station, B\u00farfell 2, you better consume all the energy you possibly can. You are just about to start the most dreaded part of the course, the climb between the mountains B\u00farfell and Mi\u00f0fell which reaches its climax when you work your way up the infamous hill Mi\u00f0fellsh\u00e1ls.\u00a0 But no matter how difficult it may be to conquer this hill, once you reach the top you can look forward to 7 km of downhill and easy double poling all the way to the finish area.\u00a0 You should be cautious, though, as the downhill sections can be very fast and challenging, especially for those who are not used to cross country skiing.<\/p>\n\n\n\n<p><\/p>\n\n\n\n<h2 class=\"wp-block-heading\">Profile<\/h2>\n\n\n\n<div style=\"height:35px\" aria-hidden=\"true\" class=\"wp-block-spacer\"><\/div>\n\n\n\n<div class=\"wp-block-columns is-layout-flex wp-container-core-columns-is-layout-28f84493 wp-block-columns-is-layout-flex\">\n<div class=\"wp-block-column is-layout-flow wp-block-column-is-layout-flow\" style=\"flex-basis:66.66%\">\n<figure class=\"wp-block-image size-full\"><img loading=\"lazy\" decoding=\"async\" width=\"646\" height=\"265\" src=\"https:\/\/fossavatn.is\/wp-content\/uploads\/2021\/01\/elevation-50km.png\" alt=\"\" class=\"wp-image-660\" srcset=\"https:\/\/fossavatn.is\/wp-content\/uploads\/2021\/01\/elevation-50km.png 646w, https:\/\/fossavatn.is\/wp-content\/uploads\/2021\/01\/elevation-50km-600x246.png 600w\" sizes=\"auto, (max-width: 646px) 100vw, 646px\" \/><figcaption class=\"wp-element-caption\">Course profile<\/figcaption><\/figure>\n<\/div>\n\n\n\n<div class=\"wp-block-column is-layout-flow wp-block-column-is-layout-flow\" style=\"flex-basis:33.33%\">\n<figure class=\"wp-block-table is-style-fv-tafla\"><table><tbody><tr><td>Start<\/td><td>290 a.s.l.<\/td><\/tr><tr><td>Highest point<\/td><td>614 a.s.l.<\/td><\/tr><tr><td>Longest climb<\/td><td>115 m (above Mi\u00f0fellsh\u00e1ls)<\/td><\/tr><tr><td>Total climb<\/td><td>1,250 m<\/td><\/tr><\/tbody><\/table><figcaption class=\"wp-element-caption\">Elevation and meters above sea level<\/figcaption><\/figure>\n<\/div>\n<\/div>\n\n\n\n<h2 class=\"wp-block-heading\" id=\"stor_og_sma\">Information<\/h2>\n\n\n\n<div class=\"wp-block-columns is-layout-flex wp-container-core-columns-is-layout-28f84493 wp-block-columns-is-layout-flex\">\n<div class=\"wp-block-column is-layout-flow wp-block-column-is-layout-flow\">\n<h3 class=\"wp-block-heading\">Transponder timing<\/h3>\n\n\n\n<p>We use transponder timing in the 50 km race. We open the gates at 08:00 and everyone who wants can start their race then. The gates will be  left open after that for an hour and the electronic chip will make sure to only register the time you actually spend in the course. <\/p>\n\n\n\n<p><\/p>\n<\/div>\n\n\n\n<div class=\"wp-block-column is-layout-flow wp-block-column-is-layout-flow\">\n<h3 class=\"wp-block-heading\">Getting to and from the mountain<\/h3>\n\n\n\n<p>We don't have enough space for private cars at the start, so we provide buses back and forth. <\/p>\n\n\n\n<p><a href=\"https:\/\/fossavatn.is\/en\/buses\/\" rel=\"nofollow\">Further information here. <\/a><\/p>\n<\/div>\n<\/div>\n\n\n\n<div class=\"wp-block-columns is-layout-flex wp-container-core-columns-is-layout-28f84493 wp-block-columns-is-layout-flex\">\n<div class=\"wp-block-column is-layout-flow wp-block-column-is-layout-flow\">\n<h3 class=\"wp-block-heading\">Clothes bags<\/h3>\n\n\n\n<p>You can leave your clothes in the start area in a bag similar to this <a href=\"https:\/\/fossavatn.is\/en\/product\/fatapokinn\/\">we sell<\/a> . The bags are kept outside, so make sure they are weather proof. You get a number to mark the bag with.<\/p>\n<\/div>\n\n\n\n<div class=\"wp-block-column is-layout-flow wp-block-column-is-layout-flow\">\n<figure class=\"wp-block-image aligncenter size-medium is-style-default\"><img decoding=\"async\" src=\"https:\/\/fossavatn.is\/wp-content\/uploads\/2021\/01\/fatapoki-300x213.jpg\" alt=\"\" class=\"wp-image-2413\"\/><\/figure>\n<\/div>\n<\/div>\n\n\n\n<div style=\"height:100px\" aria-hidden=\"true\" class=\"wp-block-spacer\"><\/div>\n\n\n\n<h2 class=\"wp-block-heading\" id=\"bakpokar\"><strong>Everyone carries a backpack<\/strong><\/h2>\n\n\n\n<div class=\"wp-block-columns is-layout-flex wp-container-core-columns-is-layout-28f84493 wp-block-columns-is-layout-flex\">\n<div class=\"wp-block-column is-layout-flow wp-block-column-is-layout-flow\" style=\"flex-basis:50%\">\n<p>We can face all weathers and anything can happen. For safety, participants in 25 km and 50 km races on Saturday are required to carry a backpack. We don't allow waist packs.<\/p>\n\n\n\n<p>The backpack should at least include outer pants, a jacket, a cap and gloves. In addition, most bring some nutrition, a cup or a flask (we do provide drinks along the way but not cups), ski wax and phone. The bag should weigh at least 1,5 kg. Staff can weigh bags any time during the race. If it is too light or some of the requirements are not fulfilled, we add 15 minutes to your time. You can buy a bag in <a href=\"https:\/\/fossavatn.is\/en\/product\/keppnispokinn\/\">our web store.<\/a>.<\/p>\n<\/div>\n\n\n\n<div class=\"wp-block-column is-layout-flow wp-block-column-is-layout-flow\" style=\"flex-basis:50%\">\n<figure class=\"wp-block-embed is-type-video is-provider-youtube wp-block-embed-youtube wp-embed-aspect-16-9 wp-has-aspect-ratio\"><div class=\"wp-block-embed__wrapper\">\nhttps:\/\/www.youtube.com\/watch?v=fYJg_JcKdiYu0026t=3su0026ab_channel=Fossavatnsgangan%C3%A1%C3%8Dsafir%C3%B0i\n<\/div><\/figure>\n<\/div>\n<\/div>\n\n\n\n<h2 class=\"wp-block-heading\" id=\"timamork\"><strong>Time limit<\/strong><\/h2>\n\n\n\n<p>We have a time limit for the 50 km walk. Competitors must pass the refreshment station at Hei\u00f0inn (approx. 10 km) before 10:00 (based on a start between 08:00\u201308:30) and then return to the same station at Hei\u00f0inn after approx. 35 km (before 14:00 based on a start between 08:00\u201308:30). The time limits have been changed for 2026 and now take into account that those who are predictably long on the course will start as soon as the start begins. Anyone who does not meet the time limit will be stopped at these stations and taken to the finish line in Seljalandsdalur.<\/p>\n\n\n\n<div style=\"height:47px\" aria-hidden=\"true\" class=\"wp-block-spacer\"><\/div>\n\n\n\n<div class=\"wp-block-columns is-layout-flex wp-container-core-columns-is-layout-28f84493 wp-block-columns-is-layout-flex\">\n<div class=\"wp-block-column is-layout-flow wp-block-column-is-layout-flow\">\n<h2 class=\"wp-block-heading\">Cake buffet and prize ceremony<\/h2>\n\n\n\n<p>A generous cake buffet is held in the Torfnes sports center from 15:00-17:00. It is included in the participation fee. <\/p>\n\n\n\n<p>Prizes are handed out at 16:00.  <\/p>\n\n\n\n<p><\/p>\n<\/div>\n\n\n\n<div class=\"wp-block-column is-layout-flow wp-block-column-is-layout-flow\">\n<figure class=\"wp-block-image size-large\"><img decoding=\"async\" src=\"https:\/\/fossavatn.is\/wp-content\/uploads\/2022\/03\/kokur-1024x727.jpg\" alt=\"\" class=\"wp-image-3074\"\/><\/figure>\n<\/div>\n<\/div>\n\n\n\n<div style=\"height:58px\" aria-hidden=\"true\" class=\"wp-block-spacer\"><\/div>\n\n\n\n<h2 class=\"wp-block-heading\">A few photos<\/h2>\n\n\n\n<figure class=\"wp-block-gallery has-nested-images columns-2 is-cropped wp-block-gallery-2 is-layout-flex wp-block-gallery-is-layout-flex\">\n<figure class=\"wp-block-image size-large\"><img loading=\"lazy\" decoding=\"async\" width=\"1200\" height=\"800\" data-id=\"2896\" src=\"https:\/\/fossavatn.is\/wp-content\/uploads\/2022\/03\/fossavatn-29.jpg\" alt=\"\" class=\"wp-image-2896\" srcset=\"https:\/\/fossavatn.is\/wp-content\/uploads\/2022\/03\/fossavatn-29.jpg 1200w, https:\/\/fossavatn.is\/wp-content\/uploads\/2022\/03\/fossavatn-29-600x400.jpg 600w\" sizes=\"auto, (max-width: 1200px) 100vw, 1200px\" \/><figcaption class=\"wp-element-caption\">The stone at Fossavatn, where approximately half of the walk is completed. In the old days, the walk usually started at the stone and was then 20 km long. <\/figcaption><\/figure>\n\n\n\n<figure class=\"wp-block-image size-large\"><img loading=\"lazy\" decoding=\"async\" width=\"1200\" height=\"800\" data-id=\"2882\" src=\"https:\/\/fossavatn.is\/wp-content\/uploads\/2022\/03\/fossavatn-15.jpg\" alt=\"\" class=\"wp-image-2882\" srcset=\"https:\/\/fossavatn.is\/wp-content\/uploads\/2022\/03\/fossavatn-15.jpg 1200w, https:\/\/fossavatn.is\/wp-content\/uploads\/2022\/03\/fossavatn-15-600x400.jpg 600w\" sizes=\"auto, (max-width: 1200px) 100vw, 1200px\" \/><figcaption class=\"wp-element-caption\">Petter Northug in 2017<\/figcaption><\/figure>\n\n\n\n<figure class=\"wp-block-image size-large\"><img loading=\"lazy\" decoding=\"async\" width=\"1200\" height=\"800\" data-id=\"2886\" src=\"https:\/\/fossavatn.is\/wp-content\/uploads\/2022\/03\/fossavatn-19.jpg\" alt=\"\" class=\"wp-image-2886\" srcset=\"https:\/\/fossavatn.is\/wp-content\/uploads\/2022\/03\/fossavatn-19.jpg 1200w, https:\/\/fossavatn.is\/wp-content\/uploads\/2022\/03\/fossavatn-19-600x400.jpg 600w\" sizes=\"auto, (max-width: 1200px) 100vw, 1200px\" \/><figcaption class=\"wp-element-caption\">From the start.<\/figcaption><\/figure>\n\n\n\n<figure class=\"wp-block-image size-large\"><img loading=\"lazy\" decoding=\"async\" width=\"1287\" height=\"857\" data-id=\"2338\" src=\"https:\/\/fossavatn.is\/wp-content\/uploads\/2021\/04\/174576224_4118247661570244_8397949511136422514_n-1-1.jpg\" alt=\"\" class=\"wp-image-2338\" srcset=\"https:\/\/fossavatn.is\/wp-content\/uploads\/2021\/04\/174576224_4118247661570244_8397949511136422514_n-1-1.jpg 1287w, https:\/\/fossavatn.is\/wp-content\/uploads\/2021\/04\/174576224_4118247661570244_8397949511136422514_n-1-1-600x400.jpg 600w\" sizes=\"auto, (max-width: 1287px) 100vw, 1287px\" \/><\/figure>\n<\/figure>\n\n\n\n<div style=\"height:100px\" aria-hidden=\"true\" class=\"wp-block-spacer\"><\/div>","protected":false},"excerpt":{"rendered":"<p>Dagsetning 18. apr\u00edl 2026 R\u00e6sing 08:00\u20139:00 G\u00f6ngua\u00f0fer\u00f0 Hef\u00f0bundin Aldurstakm\u00f6rk 16 \u00e1ra Flj\u00f3tandi start J\u00e1 Bakpokaskylda J\u00e1 T\u00edmam\u00f6rk 2,5 klst fyrir 10 km; 6,5 klst fyrir 35 km 50 km Fossavatnsgangan telur sem ein af fj\u00f3rum \u00ferautum Landv\u00e6ttanna. Brautin \u00cd hnotskurn Fyrstu 15 km eru strembnir, en \u00fe\u00e1 liggur lei\u00f0in fr\u00e1 Seljalandsdal upp \u00e1 Hn\u00edfa, Botnhei\u00f0i [&hellip;]<\/p>\n","protected":false},"author":4,"featured_media":0,"parent":0,"menu_order":0,"comment_status":"closed","ping_status":"closed","template":"","meta":{"footnotes":""},"class_list":["post-2922","page","type-page","status-publish","hentry"],"_links":{"self":[{"href":"https:\/\/fossavatn.is\/en\/wp-json\/wp\/v2\/pages\/2922","targetHints":{"allow":["GET"]}}],"collection":[{"href":"https:\/\/fossavatn.is\/en\/wp-json\/wp\/v2\/pages"}],"about":[{"href":"https:\/\/fossavatn.is\/en\/wp-json\/wp\/v2\/types\/page"}],"author":[{"embeddable":true,"href":"https:\/\/fossavatn.is\/en\/wp-json\/wp\/v2\/users\/4"}],"replies":[{"embeddable":true,"href":"https:\/\/fossavatn.is\/en\/wp-json\/wp\/v2\/comments?post=2922"}],"version-history":[{"count":81,"href":"https:\/\/fossavatn.is\/en\/wp-json\/wp\/v2\/pages\/2922\/revisions"}],"predecessor-version":[{"id":5012,"href":"https:\/\/fossavatn.is\/en\/wp-json\/wp\/v2\/pages\/2922\/revisions\/5012"}],"wp:attachment":[{"href":"https:\/\/fossavatn.is\/en\/wp-json\/wp\/v2\/media?parent=2922"}],"curies":[{"name":"wp","href":"https:\/\/api.w.org\/{rel}","templated":true}]}}