{"id":3093,"date":"2022-03-14T18:28:53","date_gmt":"2022-03-14T18:28:53","guid":{"rendered":"https:\/\/fossavatn.is\/?page_id=3093"},"modified":"2025-07-20T15:50:25","modified_gmt":"2025-07-20T15:50:25","slug":"fossavatnsskautid-25-km","status":"publish","type":"page","link":"https:\/\/fossavatn.is\/en\/fossavatnsskautid-25-km\/","title":{"rendered":"Fossavatnsgangan free style"},"content":{"rendered":"<div class=\"wp-block-group alignfull has-global-padding is-layout-constrained wp-container-core-group-is-layout-aff63992 wp-block-group-is-layout-constrained\" style=\"margin-top:0;margin-bottom:0;padding-top:0;padding-right:var(--wp--preset--spacing--50);padding-bottom:0;padding-left:var(--wp--preset--spacing--50)\">\n<div class=\"wp-block-group alignwide has-base-2-background-color has-background has-global-padding is-layout-constrained wp-container-core-group-is-layout-a151063b wp-block-group-is-layout-constrained\" style=\"border-radius:16px;padding-top:var(--wp--preset--spacing--50);padding-right:var(--wp--preset--spacing--40);padding-bottom:var(--wp--preset--spacing--50);padding-left:var(--wp--preset--spacing--40)\">\n<div style=\"height:var(--wp--preset--spacing--30)\" aria-hidden=\"true\" class=\"wp-block-spacer\"><\/div>\n\n\n\n<div class=\"wp-block-columns alignwide is-layout-flex wp-container-core-columns-is-layout-06670bbc wp-block-columns-is-layout-flex\">\n<div class=\"wp-block-column is-layout-flow wp-block-column-is-layout-flow\" style=\"border-top-color:var(--wp--preset--color--contrast-3);border-top-width:1px;padding-top:var(--wp--preset--spacing--30);padding-right:var(--wp--preset--spacing--30);padding-bottom:var(--wp--preset--spacing--10);padding-left:var(--wp--preset--spacing--30)\">\n<h4 class=\"wp-block-heading has-text-align-center has-medium-font-size\" style=\"padding-top:1px\"><em>Date<\/em><\/h4>\n\n\n\n<h5 class=\"wp-block-heading has-text-align-center has-x-large-font-size\">April 16, 2026<\/h5>\n\n\n\n<div style=\"height:var(--wp--preset--spacing--10)\" aria-hidden=\"true\" class=\"wp-block-spacer\"><\/div>\n<\/div>\n\n\n\n<div class=\"wp-block-column is-layout-flow wp-block-column-is-layout-flow\" style=\"border-top-color:var(--wp--preset--color--contrast-3);border-top-width:1px;padding-top:var(--wp--preset--spacing--30);padding-right:var(--wp--preset--spacing--30);padding-bottom:var(--wp--preset--spacing--10);padding-left:var(--wp--preset--spacing--30)\">\n<h4 class=\"wp-block-heading has-text-align-center has-medium-font-size\" style=\"padding-top:1px\"><em>Startup<\/em><\/h4>\n\n\n\n<h5 class=\"wp-block-heading has-text-align-center has-x-large-font-size\">17:00<\/h5>\n\n\n\n<div style=\"height:var(--wp--preset--spacing--10)\" aria-hidden=\"true\" class=\"wp-block-spacer\"><\/div>\n<\/div>\n\n\n\n<div class=\"wp-block-column is-layout-flow wp-block-column-is-layout-flow\" style=\"border-top-color:var(--wp--preset--color--contrast-3);border-top-width:1px;padding-top:var(--wp--preset--spacing--30);padding-right:var(--wp--preset--spacing--30);padding-bottom:var(--wp--preset--spacing--10);padding-left:var(--wp--preset--spacing--30)\">\n<h4 class=\"wp-block-heading has-text-align-center has-medium-font-size\" style=\"padding-top:1px\"><em>Style<\/em><\/h4>\n\n\n\n<h5 class=\"wp-block-heading has-text-align-center has-x-large-font-size\">Free style<\/h5>\n\n\n\n<div style=\"height:var(--wp--preset--spacing--10)\" aria-hidden=\"true\" class=\"wp-block-spacer\"><\/div>\n<\/div>\n<\/div>\n\n\n\n<div class=\"wp-block-columns alignwide is-layout-flex wp-container-core-columns-is-layout-06670bbc wp-block-columns-is-layout-flex\">\n<div class=\"wp-block-column is-layout-flow wp-block-column-is-layout-flow\" style=\"border-top-color:var(--wp--preset--color--contrast-3);border-top-width:1px;padding-top:var(--wp--preset--spacing--30);padding-right:var(--wp--preset--spacing--30);padding-bottom:var(--wp--preset--spacing--10);padding-left:var(--wp--preset--spacing--30)\">\n<h4 class=\"wp-block-heading has-text-align-center has-medium-font-size\" style=\"padding-top:1px\"><em>Age limit<\/em><\/h4>\n\n\n\n<h5 class=\"wp-block-heading has-text-align-center has-x-large-font-size\"><a href=\"https:\/\/fossavatn.is\/en\/reglur-og-skilmalar\/#aldursreglur\" data-type=\"page\" data-id=\"182\">13 years<\/a><\/h5>\n\n\n\n<div style=\"height:var(--wp--preset--spacing--10)\" aria-hidden=\"true\" class=\"wp-block-spacer\"><\/div>\n<\/div>\n\n\n\n<div class=\"wp-block-column is-layout-flow wp-block-column-is-layout-flow\" style=\"border-top-color:var(--wp--preset--color--contrast-3);border-top-width:1px;padding-top:var(--wp--preset--spacing--30);padding-right:var(--wp--preset--spacing--30);padding-bottom:var(--wp--preset--spacing--10);padding-left:var(--wp--preset--spacing--30)\">\n<h4 class=\"wp-block-heading has-text-align-center has-medium-font-size\" style=\"padding-top:1px\"><em>Transponder timing<\/em><\/h4>\n\n\n\n<h5 class=\"wp-block-heading has-text-align-center has-x-large-font-size\">No<\/h5>\n\n\n\n<div style=\"height:var(--wp--preset--spacing--10)\" aria-hidden=\"true\" class=\"wp-block-spacer\"><\/div>\n<\/div>\n\n\n\n<div class=\"wp-block-column is-layout-flow wp-block-column-is-layout-flow\" style=\"border-top-color:var(--wp--preset--color--contrast-3);border-top-width:1px;padding-top:var(--wp--preset--spacing--30);padding-right:var(--wp--preset--spacing--30);padding-bottom:var(--wp--preset--spacing--10);padding-left:var(--wp--preset--spacing--30)\">\n<h4 class=\"wp-block-heading has-text-align-center has-medium-font-size\" style=\"padding-top:1px\"><em>Backpack requirement<\/em><\/h4>\n\n\n\n<h5 class=\"wp-block-heading has-text-align-center has-x-large-font-size\">No<\/h5>\n\n\n\n<div style=\"height:var(--wp--preset--spacing--10)\" aria-hidden=\"true\" class=\"wp-block-spacer\"><\/div>\n<\/div>\n\n\n\n<div class=\"wp-block-column is-layout-flow wp-block-column-is-layout-flow\" style=\"border-top-color:var(--wp--preset--color--contrast-3);border-top-width:1px;padding-top:var(--wp--preset--spacing--30);padding-right:var(--wp--preset--spacing--30);padding-bottom:var(--wp--preset--spacing--10);padding-left:var(--wp--preset--spacing--30)\">\n<h4 class=\"wp-block-heading has-text-align-center has-medium-font-size\" style=\"padding-top:1px\"><em>Time limit<\/em><\/h4>\n\n\n\n<h5 class=\"wp-block-heading has-text-align-center has-x-large-font-size\">No<\/h5>\n\n\n\n<div style=\"height:var(--wp--preset--spacing--10)\" aria-hidden=\"true\" class=\"wp-block-spacer\"><\/div>\n<\/div>\n<\/div>\n<\/div>\n<\/div>\n\n\n\n<div class=\"wp-block-buttons is-content-justification-center is-layout-flex wp-container-core-buttons-is-layout-a89b3969 wp-block-buttons-is-layout-flex\">\n<div class=\"wp-block-button\"><a class=\"wp-block-button__link has-large-font-size has-custom-font-size wp-element-button\" href=\"http:\/\/skraning.fossavatn.is\" style=\"padding-top:var(--wp--preset--spacing--10);padding-right:var(--wp--preset--spacing--10);padding-bottom:var(--wp--preset--spacing--10);padding-left:var(--wp--preset--spacing--10)\">Registration<\/a><\/div>\n<\/div>\n\n\n\n<div style=\"height:59px\" aria-hidden=\"true\" class=\"wp-block-spacer\"><\/div>\n\n\n\n<h2 class=\"wp-block-heading\">The course<\/h2>\n\n\n\n<div class=\"wp-block-columns is-layout-flex wp-container-core-columns-is-layout-28f84493 wp-block-columns-is-layout-flex\">\n<div class=\"wp-block-column is-layout-flow wp-block-column-is-layout-flow\">\n<h3 class=\"wp-block-heading\">In a nutshell<\/h3>\n\n\n\n<p>The first 15 km are tough, but then the route leads from Seljalandsdal up to Hn\u00edfa, Botnhei\u00f0i and on over Fellsh\u00e1ls. From there, it&#039;s an easy 10 km down to N\u00f3nvatn and on. The walk is from Seljalandsdal to the edges up to Botnshei\u00f0i and then back over Mi\u00f0fellsh\u00e1ls, which is steep. The first 12 km are quite difficult, but the last 7 km are very easy. A real challenge.<\/p>\n<\/div>\n\n\n\n<div class=\"wp-block-column is-layout-flow wp-block-column-is-layout-flow\">\n<h3 class=\"wp-block-heading\">Distance between drinking stations<\/h3>\n\n\n\n<figure class=\"wp-block-table is-style-fv-tafla\"><table><tbody><tr><td>Start-B\u00farfell<\/td><td>5.2 km<\/td><\/tr><tr><td>B\u00farfell \u2013 Heathen&nbsp;<\/td><td>4.5 km<\/td><\/tr><tr><td>Heiden \u2013 B\u00farfell<\/td><td>5.4 km<\/td><\/tr><tr><td>B\u00farfell - finish<\/td><td>10.2 km<\/td><\/tr><\/tbody><\/table><\/figure>\n<\/div>\n<\/div>\n\n\n\n<figure class=\"wp-block-image aligncenter size-large\"><a href=\"https:\/\/nonnikiddi2.carto.com\/viz\/a50ce79c-0550-11e6-bd26-0e31c9be1b51\/public_map\"><img decoding=\"async\" src=\"https:\/\/fossavatn.is\/wp-content\/uploads\/2022\/03\/25-km-1-1024x583.png\" alt=\"\" class=\"wp-image-3103\"\/><\/a><figcaption class=\"wp-element-caption\">Map of the 25 km course. <a href=\"https:\/\/nonnikiddi2.carto.com\/viz\/a50ce79c-0550-11e6-bd26-0e31c9be1b51\/public_map\">Interactive version.<\/a> See also <a href=\"http:\/\/www.opensnowmap.org\/#map=12\/-23.226\/66.037&amp;b=snowmap&amp;m=false&amp;h=false\">OpenSnowMap<\/a>.<\/figcaption><\/figure>\n\n\n\n<figure class=\"wp-block-image aligncenter size-large is-resized\"><a href=\"https:\/\/fossavatn.is\/wp-content\/uploads\/2021\/01\/image-36-1024x737.png\"><img decoding=\"async\" src=\"https:\/\/fossavatn.is\/wp-content\/uploads\/2021\/01\/image-36-1024x737.png\" alt=\"\" class=\"wp-image-582\" style=\"width:768px;height:553px\"\/><\/a><figcaption class=\"wp-element-caption\">Overview by \u00d3mar Sm\u00e1ra. <\/figcaption><\/figure>\n\n\n\n<h3 class=\"wp-block-heading\">Course description<\/h3>\n\n\n\n<p>You start from the ski house at Seljalandsdalur like all the other distances. The first kilometer is an easy loop around the start area, but the next kilometer is mostly a steep and difficult climb up to H\u00e1abr\u00fan, one of the most picturesque points of the course. The view from there over the fjord Skutulsfj\u00f6r\u00f0ur is stunning and ideal to take a photo or two if you\u00b4re not too much in a hurry.<\/p>\n\n\n\n<p>Following the climb up to H\u00e1abr\u00fan you come to a relatively flat section that stretches for over a kilometer. It takes you under a ski lift and eventually to the crossroads where the 12,5 km skiers turn right but the 25 and 50 km skiers keep on going straight. Soon after you pass the crossroads you will be greeted by an uphill that takes you under another ski lift. Now you have skied some 4 quite strenuous kilometers with a total elevation of 155 m. After another kilometer you come to the first feeding station, B\u00farfell 1. Following the feeding station you will be treated to an easy section called Hn\u00edfar, before doing another 2 km long climb up to the next feeding station, Hei\u00f0in 1. This is the only point of the course that is accessible by car, although the road is only open for our staff and the rescue team.\u00a0<\/p>\n\n\n\n<p>Here, approx. 10 km have been covered and now the path eases somewhat for the next few kilometers while walking along Botnhei\u00f0inn. However, that happiness does not last too long because when we have visited the drinking station under B\u00farfell for the second time, after approx. 16 km, a fairly strenuous climb begins where it is called &quot;among falls&quot;, i.e. between the mountains B\u00farfell and Mi\u00f0fell. When you get to Gyltuskar\u00f0, from where you can see down to Botnsdal in S\u00fagandafj\u00f6r\u00f0ur, turn right and take the most famous slope in the Fossavatn pass, Mi\u00f0fellsh\u00e1lsin itself. That neck has proved difficult for many people over the decades. There is a long, steep section going up here, and most people have a lot of energy left in the tank when they reach the top. But that&#039;s not to blame, because now we take relief at the 7 km mark, with long runs and pushes. However, you should be careful, because in many places the flow is very fast and can be dangerous, especially for the inexperienced.<\/p>\n\n\n\n<h2 class=\"wp-block-heading\">Profile<\/h2>\n\n\n\n<div style=\"height:35px\" aria-hidden=\"true\" class=\"wp-block-spacer\"><\/div>\n\n\n\n<div class=\"wp-block-columns is-layout-flex wp-container-core-columns-is-layout-28f84493 wp-block-columns-is-layout-flex\">\n<div class=\"wp-block-column is-layout-flow wp-block-column-is-layout-flow\" style=\"flex-basis:66.66%\">\n<figure class=\"wp-block-image size-full\"><img loading=\"lazy\" decoding=\"async\" width=\"471\" height=\"227\" src=\"https:\/\/fossavatn.is\/wp-content\/uploads\/2021\/01\/elevation-25km.png\" alt=\"\" class=\"wp-image-644\"\/><figcaption class=\"wp-element-caption\">Course profile<\/figcaption><\/figure>\n<\/div>\n\n\n\n<div class=\"wp-block-column is-layout-flow wp-block-column-is-layout-flow\" style=\"flex-basis:33.33%\">\n<figure class=\"wp-block-table is-style-fv-tafla\"><table><tbody><tr><td>Start<\/td><td>290 a.s.l.<\/td><\/tr><tr><td>Highest point (Mi\u00f0fellsh\u00e1ls)<\/td><td>607 etc<\/td><\/tr><tr><td>Longest climb<\/td><td>115 m (above Mi\u00f0fellsh\u00e1ls)<\/td><\/tr><tr><td>Total climb<\/td><td>520 m<\/td><\/tr><\/tbody><\/table><figcaption class=\"wp-element-caption\">Elevation and meters above sea level<\/figcaption><\/figure>\n<\/div>\n<\/div>\n\n\n\n<h2 class=\"wp-block-heading\" id=\"stor_og_sma\">Simpler implementation than the 50 km walk<\/h2>\n\n\n\n<p><strong>Non floating start: <\/strong>All participants start the race at the same time.<\/p>\n\n\n\n<p><strong>Bus ride: <\/strong>There is plenty of space in the parking lots in connection with the Fossavatnsskau\u00f0, but a bus trip is also offered from the sports hall in Torfnes at 16 and back again at 19.<\/p>\n\n\n\n<p><strong>Store the clothes bag in the ski lodge: <\/strong>There is enough space to store clothes bags in the ski shed, outside or in the manure shed. <\/p>\n\n\n\n<p><strong>No backpack duty: <\/strong>It is not mandatory to carry a backpack like on Saturday. <\/p>\n\n\n\n<p><strong>No time limit: <\/strong>There is no specific maximum time for the walk. <\/p>\n\n\n\n<div style=\"height:49px\" aria-hidden=\"true\" class=\"wp-block-spacer\"><\/div>\n\n\n\n<div class=\"wp-block-columns is-layout-flex wp-container-core-columns-is-layout-28f84493 wp-block-columns-is-layout-flex\">\n<div class=\"wp-block-column is-layout-flow wp-block-column-is-layout-flow\">\n<h2 class=\"wp-block-heading\">Cake buffet and prize ceremony<\/h2>\n\n\n\n<p>A delicious coffee buffet will take place in the Torfnesi gymnasium from 15:00-17:00 on Saturday. The buffet is included in the participation fee in Fossavatnsskoutin. <\/p>\n\n\n\n<p class=\"has-vivid-red-color has-text-color\">Prizes are handed out at 16:00.  <\/p>\n\n\n\n<p><\/p>\n<\/div>\n\n\n\n<div class=\"wp-block-column is-layout-flow wp-block-column-is-layout-flow\">\n<figure class=\"wp-block-image size-large\"><img decoding=\"async\" src=\"https:\/\/fossavatn.is\/wp-content\/uploads\/2022\/03\/kokur-1024x727.jpg\" alt=\"\" class=\"wp-image-3074\"\/><\/figure>\n<\/div>\n<\/div>\n\n\n\n<div style=\"height:58px\" aria-hidden=\"true\" class=\"wp-block-spacer\"><\/div>\n\n\n\n<h2 class=\"wp-block-heading\"> A few photos<\/h2>\n\n\n\n<figure class=\"wp-block-gallery has-nested-images columns-2 is-cropped wp-block-gallery-2 is-layout-flex wp-block-gallery-is-layout-flex\">\n<figure class=\"wp-block-image size-large\"><img loading=\"lazy\" decoding=\"async\" width=\"1986\" height=\"1326\" data-id=\"3220\" src=\"https:\/\/fossavatn.is\/wp-content\/uploads\/2022\/03\/skaut.png\" alt=\"\" class=\"wp-image-3220\" srcset=\"https:\/\/fossavatn.is\/wp-content\/uploads\/2022\/03\/skaut.png 1986w, https:\/\/fossavatn.is\/wp-content\/uploads\/2022\/03\/skaut-600x401.png 600w\" sizes=\"auto, (max-width: 1986px) 100vw, 1986px\" \/><figcaption class=\"wp-element-caption\">Snorri Einarsson and Phillip Bellingham in Fossavatnsskautin 2021<\/figcaption><\/figure>\n\n\n\n<figure class=\"wp-block-image size-large\"><img loading=\"lazy\" decoding=\"async\" width=\"1988\" height=\"1326\" data-id=\"3218\" src=\"https:\/\/fossavatn.is\/wp-content\/uploads\/2022\/03\/skaut2.png\" alt=\"Fossavatnsskauti\u00f0 2021\" class=\"wp-image-3218\" srcset=\"https:\/\/fossavatn.is\/wp-content\/uploads\/2022\/03\/skaut2.png 1988w, https:\/\/fossavatn.is\/wp-content\/uploads\/2022\/03\/skaut2-600x400.png 600w\" sizes=\"auto, (max-width: 1988px) 100vw, 1988px\" \/><figcaption class=\"wp-element-caption\">Iris Pessey in Fossavatnsskautin 2021<\/figcaption><\/figure>\n\n\n\n<figure class=\"wp-block-image size-large\"><img loading=\"lazy\" decoding=\"async\" width=\"1982\" height=\"1330\" data-id=\"3232\" src=\"https:\/\/fossavatn.is\/wp-content\/uploads\/2022\/03\/skaut2018.jpg\" alt=\"\" class=\"wp-image-3232\" srcset=\"https:\/\/fossavatn.is\/wp-content\/uploads\/2022\/03\/skaut2018.jpg 1982w, https:\/\/fossavatn.is\/wp-content\/uploads\/2022\/03\/skaut2018-600x403.jpg 600w\" sizes=\"auto, (max-width: 1982px) 100vw, 1982px\" \/><figcaption class=\"wp-element-caption\">From Fossavatnsskautin 2018<\/figcaption><\/figure>\n<\/figure>\n\n\n\n<div style=\"height:100px\" aria-hidden=\"true\" class=\"wp-block-spacer\"><\/div>","protected":false},"excerpt":{"rendered":"<p>Dagsetning 16. apr\u00edl 2026 R\u00e6sing 17:00 G\u00f6ngua\u00f0fer\u00f0 Frj\u00e1ls Aldurstakm\u00f6rk 13 \u00e1ra Flj\u00f3tandi start Nei Bakpokaskylda Nei T\u00edmam\u00f6rk Nei Brautin \u00cd hnotskurn Fyrstu 15 km eru strembnir, en \u00fe\u00e1 liggur lei\u00f0in fr\u00e1 Seljalandsdal upp \u00e1 Hn\u00edfa, Botnhei\u00f0i og \u00e1fram yfir Fellsh\u00e1ls. \u00dea\u00f0an er l\u00e9ttur 10 km leggur ni\u00f0ur a\u00f0 N\u00f3nvatni og \u00e1fram Gengi\u00f0 er fr\u00e1 Seljalandsdal [&hellip;]<\/p>\n","protected":false},"author":4,"featured_media":0,"parent":0,"menu_order":0,"comment_status":"closed","ping_status":"closed","template":"","meta":{"footnotes":""},"class_list":["post-3093","page","type-page","status-publish","hentry"],"_links":{"self":[{"href":"https:\/\/fossavatn.is\/en\/wp-json\/wp\/v2\/pages\/3093","targetHints":{"allow":["GET"]}}],"collection":[{"href":"https:\/\/fossavatn.is\/en\/wp-json\/wp\/v2\/pages"}],"about":[{"href":"https:\/\/fossavatn.is\/en\/wp-json\/wp\/v2\/types\/page"}],"author":[{"embeddable":true,"href":"https:\/\/fossavatn.is\/en\/wp-json\/wp\/v2\/users\/4"}],"replies":[{"embeddable":true,"href":"https:\/\/fossavatn.is\/en\/wp-json\/wp\/v2\/comments?post=3093"}],"version-history":[{"count":17,"href":"https:\/\/fossavatn.is\/en\/wp-json\/wp\/v2\/pages\/3093\/revisions"}],"predecessor-version":[{"id":4877,"href":"https:\/\/fossavatn.is\/en\/wp-json\/wp\/v2\/pages\/3093\/revisions\/4877"}],"wp:attachment":[{"href":"https:\/\/fossavatn.is\/en\/wp-json\/wp\/v2\/media?parent=3093"}],"curies":[{"name":"wp","href":"https:\/\/api.w.org\/{rel}","templated":true}]}}