{"id":3111,"date":"2022-03-14T19:10:08","date_gmt":"2022-03-14T19:10:08","guid":{"rendered":"https:\/\/fossavatn.is\/?page_id=3111"},"modified":"2025-10-09T15:55:21","modified_gmt":"2025-10-09T15:55:21","slug":"naeturfossavatnid-35-km","status":"publish","type":"page","link":"https:\/\/fossavatn.is\/en\/naeturfossavatnid-35-km\/","title":{"rendered":"Fossavatn Night Race 35 km"},"content":{"rendered":"<div class=\"wp-block-group alignfull has-global-padding is-layout-constrained wp-container-core-group-is-layout-cd6163fc wp-block-group-is-layout-constrained\" style=\"margin-top:0;margin-bottom:0;padding-top:var(--wp--preset--spacing--10);padding-right:var(--wp--preset--spacing--50);padding-bottom:var(--wp--preset--spacing--10);padding-left:var(--wp--preset--spacing--50)\">\n<div class=\"wp-block-group alignwide has-base-2-background-color has-background has-global-padding is-layout-constrained wp-container-core-group-is-layout-73b89f41 wp-block-group-is-layout-constrained\" style=\"border-radius:16px;padding-top:var(--wp--preset--spacing--10);padding-right:var(--wp--preset--spacing--40);padding-bottom:var(--wp--preset--spacing--10);padding-left:var(--wp--preset--spacing--40)\">\n<div style=\"height:var(--wp--preset--spacing--30)\" aria-hidden=\"true\" class=\"wp-block-spacer\"><\/div>\n\n\n\n<div class=\"wp-block-columns alignwide is-layout-flex wp-container-core-columns-is-layout-06670bbc wp-block-columns-is-layout-flex\">\n<div class=\"wp-block-column is-layout-flow wp-block-column-is-layout-flow\" style=\"border-top-color:var(--wp--preset--color--contrast-3);border-top-width:1px;padding-top:var(--wp--preset--spacing--30);padding-right:var(--wp--preset--spacing--30);padding-bottom:var(--wp--preset--spacing--10);padding-left:var(--wp--preset--spacing--30)\">\n<h4 class=\"wp-block-heading has-text-align-center has-medium-font-size\" style=\"padding-top:1px\"><em>Date<\/em><\/h4>\n\n\n\n<h5 class=\"wp-block-heading has-text-align-center has-x-large-font-size\">April 15, 2026<\/h5>\n\n\n\n<div style=\"height:var(--wp--preset--spacing--10)\" aria-hidden=\"true\" class=\"wp-block-spacer\"><\/div>\n<\/div>\n\n\n\n<div class=\"wp-block-column is-layout-flow wp-block-column-is-layout-flow\" style=\"border-top-color:var(--wp--preset--color--contrast-3);border-top-width:1px;padding-top:var(--wp--preset--spacing--30);padding-right:var(--wp--preset--spacing--30);padding-bottom:var(--wp--preset--spacing--10);padding-left:var(--wp--preset--spacing--30)\">\n<h4 class=\"wp-block-heading has-text-align-center has-medium-font-size\" style=\"padding-top:1px\"><em>Startup<\/em><\/h4>\n\n\n\n<h5 class=\"wp-block-heading has-text-align-center has-x-large-font-size\">22:00<\/h5>\n\n\n\n<div style=\"height:var(--wp--preset--spacing--10)\" aria-hidden=\"true\" class=\"wp-block-spacer\"><\/div>\n<\/div>\n\n\n\n<div class=\"wp-block-column is-layout-flow wp-block-column-is-layout-flow\" style=\"border-top-color:var(--wp--preset--color--contrast-3);border-top-width:1px;padding-top:var(--wp--preset--spacing--30);padding-right:var(--wp--preset--spacing--30);padding-bottom:var(--wp--preset--spacing--10);padding-left:var(--wp--preset--spacing--30)\">\n<h4 class=\"wp-block-heading has-text-align-center has-medium-font-size\" style=\"padding-top:1px\"><em>Style<\/em><\/h4>\n\n\n\n<h5 class=\"wp-block-heading has-text-align-center has-x-large-font-size\">Free style<\/h5>\n\n\n\n<div style=\"height:var(--wp--preset--spacing--10)\" aria-hidden=\"true\" class=\"wp-block-spacer\"><\/div>\n<\/div>\n<\/div>\n\n\n\n<div class=\"wp-block-columns alignwide is-layout-flex wp-container-core-columns-is-layout-06670bbc wp-block-columns-is-layout-flex\">\n<div class=\"wp-block-column is-layout-flow wp-block-column-is-layout-flow\" style=\"border-top-color:var(--wp--preset--color--contrast-3);border-top-width:1px;padding-top:var(--wp--preset--spacing--30);padding-right:var(--wp--preset--spacing--30);padding-bottom:var(--wp--preset--spacing--10);padding-left:var(--wp--preset--spacing--30)\">\n<h4 class=\"wp-block-heading has-text-align-center has-medium-font-size\" style=\"padding-top:1px\"><em>Age limit<\/em><\/h4>\n\n\n\n<h5 class=\"wp-block-heading has-text-align-center has-x-large-font-size\"><a href=\"https:\/\/fossavatn.is\/en\/reglur-og-skilmalar\/#aldursreglur\" data-type=\"page\" data-id=\"182\">16 years<\/a><\/h5>\n\n\n\n<div style=\"height:var(--wp--preset--spacing--10)\" aria-hidden=\"true\" class=\"wp-block-spacer\"><\/div>\n<\/div>\n\n\n\n<div class=\"wp-block-column is-layout-flow wp-block-column-is-layout-flow\" style=\"border-top-color:var(--wp--preset--color--contrast-3);border-top-width:1px;padding-top:var(--wp--preset--spacing--30);padding-right:var(--wp--preset--spacing--30);padding-bottom:var(--wp--preset--spacing--10);padding-left:var(--wp--preset--spacing--30)\">\n<h4 class=\"wp-block-heading has-text-align-center has-medium-font-size\" style=\"padding-top:1px\">Transponder timing<\/h4>\n\n\n\n<h5 class=\"wp-block-heading has-text-align-center has-x-large-font-size\">No<\/h5>\n\n\n\n<div style=\"height:var(--wp--preset--spacing--10)\" aria-hidden=\"true\" class=\"wp-block-spacer\"><\/div>\n<\/div>\n\n\n\n<div class=\"wp-block-column is-layout-flow wp-block-column-is-layout-flow\" style=\"border-top-color:var(--wp--preset--color--contrast-3);border-top-width:1px;padding-top:var(--wp--preset--spacing--30);padding-right:var(--wp--preset--spacing--30);padding-bottom:var(--wp--preset--spacing--10);padding-left:var(--wp--preset--spacing--30)\">\n<h4 class=\"wp-block-heading has-text-align-center has-medium-font-size\" style=\"padding-top:1px\"><em>Backpack requirement<\/em><\/h4>\n\n\n\n<h5 class=\"wp-block-heading has-text-align-center has-x-large-font-size\">No, but everyone should provide for themselves<\/h5>\n\n\n\n<div style=\"height:var(--wp--preset--spacing--10)\" aria-hidden=\"true\" class=\"wp-block-spacer\"><\/div>\n<\/div>\n\n\n\n<div class=\"wp-block-column is-layout-flow wp-block-column-is-layout-flow\" style=\"border-top-color:var(--wp--preset--color--contrast-3);border-top-width:1px;padding-top:var(--wp--preset--spacing--30);padding-right:var(--wp--preset--spacing--30);padding-bottom:var(--wp--preset--spacing--10);padding-left:var(--wp--preset--spacing--30)\">\n<h4 class=\"wp-block-heading has-text-align-center has-medium-font-size\" style=\"padding-top:1px\"><em>Time limit<\/em><\/h4>\n\n\n\n<h5 class=\"wp-block-heading has-text-align-center has-x-large-font-size\">No<\/h5>\n\n\n\n<div style=\"height:var(--wp--preset--spacing--10)\" aria-hidden=\"true\" class=\"wp-block-spacer\"><\/div>\n<\/div>\n<\/div>\n<\/div>\n<\/div>\n\n\n\n<div class=\"wp-block-buttons is-content-justification-center is-layout-flex wp-container-core-buttons-is-layout-a89b3969 wp-block-buttons-is-layout-flex\">\n<div class=\"wp-block-button\"><a class=\"wp-block-button__link has-large-font-size has-custom-font-size wp-element-button\" href=\"https:\/\/skraning.fossavatn.is\/?lang=en\" style=\"padding-top:var(--wp--preset--spacing--10);padding-right:var(--wp--preset--spacing--10);padding-bottom:var(--wp--preset--spacing--10);padding-left:var(--wp--preset--spacing--10)\">Registration<\/a><\/div>\n<\/div>\n\n\n\n<div style=\"height:100px\" aria-hidden=\"true\" class=\"wp-block-spacer\"><\/div>\n\n\n\n<figure class=\"wp-block-embed is-type-video is-provider-youtube wp-block-embed-youtube wp-embed-aspect-16-9 wp-has-aspect-ratio\"><div class=\"wp-block-embed__wrapper\">\n<iframe loading=\"lazy\" title=\"N\u00e6trFossavatnid 2022 advertisement\" width=\"500\" height=\"281\" src=\"https:\/\/www.youtube.com\/embed\/KdzwiDTU-ck?feature=oembed\" frameborder=\"0\" allow=\"accelerometer; autoplay; clipboard-write; encrypted-media; gyroscope; picture-in-picture; web-share\" referrerpolicy=\"strict-origin-when-cross-origin\" allowfullscreen><\/iframe>\n<\/div><\/figure>\n\n\n\n<div style=\"height:59px\" aria-hidden=\"true\" class=\"wp-block-spacer\"><\/div>\n\n\n\n<h2 class=\"wp-block-heading\">Description<\/h2>\n\n\n\n<p>Race starts at 22:00 in both races. Walk into the night. Lights will be turned off, but participants wear headlights.<\/p>\n\n\n\n<p>The competition format is as follows: It is an individual competition. You can choose between walking 70 km or 35 km. Previously, the walk was a pair competition, but from 2025 it will be an individual competition.<\/p>\n\n\n\n<p>Price will be handed out for the first 3 women and first 3 men in both categories 35 km and 70 km\nThe race is freestyle (you can choose whether to skate or us classical style). You\u00b4re allow to change style in the race but you can only bring 1 extra par with you. We'll transport extra luggages\/skis at the drinking station in the course (see here below)<\/p>\n\n\n\n<p>The competitors are on their own regarding drinks and food. The luggage\/skis will be transported from the start to the feeding station in the 7,25 km course. That is a very convenient place to stop, feeding oneself (or change skis if necessary). After the race the luggage\/skis will be transported again down to the start\/finish area. Please bear with us that you might have to wait a bit after your luggage.<\/p>\n\n\n\n<p>It will be possible to store dry clothes at the Ski Lodge. There we'll offer you a soup\/bread\/chocolate for all participants.<\/p>\n\n\n\n<p><\/p>\n\n\n\n<div class=\"wp-block-columns is-layout-flex wp-container-core-columns-is-layout-28f84493 wp-block-columns-is-layout-flex\">\n<div class=\"wp-block-column is-layout-flow wp-block-column-is-layout-flow\"><\/div>\n\n\n\n<div class=\"wp-block-column is-layout-flow wp-block-column-is-layout-flow\"><\/div>\n<\/div>\n\n\n\n<h3 class=\"wp-block-heading\">Course description<\/h3>\n\n\n\n<p>Start at the ski hut on Seljalandsdal. First you go up to H\u00e1ubr\u00fan and do five laps there (you don&#039;t come down to the lower area in between) and finally come back down to the cabin and to the finish line. Competitors themselves are responsible for counting the laps correctly, but an intermediate station will be located on H\u00e1ubr\u00fan.<\/p>\n\n\n\n<p><\/p>\n\n\n\n<figure class=\"wp-block-image size-large\"><img decoding=\"async\" src=\"https:\/\/fossavatn.is\/wp-content\/uploads\/2023\/03\/image-1-1024x493.png\" alt=\"\" class=\"wp-image-3690\"\/><\/figure>\n\n\n\n<figure class=\"wp-block-table\"><table><thead><tr><th><\/th><th>How often<\/th><th>Distance<\/th><\/tr><\/thead><tbody><tr><td>Start \u2013 High brow<\/td><td>1<\/td><td>1.9 km<\/td><\/tr><tr><td>Circle around H\u00e1ubr\u00fan and Eir\u00edksm\u00fdri<\/td><td>5<\/td><td>6.56 km x 5 = <\/td><\/tr><tr><td>Eyebrow mark<\/td><td>1<\/td><td>1.4 km<\/td><\/tr><\/tbody><tfoot><tr><td><\/td><td><\/td><td>35 km<\/td><\/tr><\/tfoot><\/table><\/figure>\n\n\n\n<div style=\"height:100px\" aria-hidden=\"true\" class=\"wp-block-spacer\"><\/div>","protected":false},"excerpt":{"rendered":"<p>Dagsetning 15. apr\u00edl 2026 R\u00e6sing 22:00 G\u00f6ngua\u00f0fer\u00f0 Frj\u00e1ls Aldurstakm\u00f6rk 16 \u00e1ra Flj\u00f3tandi start Nei Bakpokaskylda Nei, en hver s\u00e9r um sig T\u00edmam\u00f6rk Nei Keppnisl\u00fdsing Keppnin hefst kl. 22:00 \u00ed b\u00e1\u00f0um g\u00f6ngum. Gengi\u00f0 ver\u00f0ur inn \u00ed kv\u00f6ldi\u00f0 og n\u00f3ttina. Sl\u00f6kkt ver\u00f0ur \u00e1 l\u00fdsingunni \u00e1 sk\u00ed\u00f0asv\u00e6\u00f0inu, en \u00fe\u00e1tttakendur ganga me\u00f0 s\u00edn eigin ennislj\u00f3s. Keppnisfyrirkomulag er \u00feannig a\u00f0 [&hellip;]<\/p>\n","protected":false},"author":4,"featured_media":0,"parent":0,"menu_order":0,"comment_status":"closed","ping_status":"closed","template":"","meta":{"footnotes":""},"class_list":["post-3111","page","type-page","status-publish","hentry"],"_links":{"self":[{"href":"https:\/\/fossavatn.is\/en\/wp-json\/wp\/v2\/pages\/3111","targetHints":{"allow":["GET"]}}],"collection":[{"href":"https:\/\/fossavatn.is\/en\/wp-json\/wp\/v2\/pages"}],"about":[{"href":"https:\/\/fossavatn.is\/en\/wp-json\/wp\/v2\/types\/page"}],"author":[{"embeddable":true,"href":"https:\/\/fossavatn.is\/en\/wp-json\/wp\/v2\/users\/4"}],"replies":[{"embeddable":true,"href":"https:\/\/fossavatn.is\/en\/wp-json\/wp\/v2\/comments?post=3111"}],"version-history":[{"count":26,"href":"https:\/\/fossavatn.is\/en\/wp-json\/wp\/v2\/pages\/3111\/revisions"}],"predecessor-version":[{"id":4913,"href":"https:\/\/fossavatn.is\/en\/wp-json\/wp\/v2\/pages\/3111\/revisions\/4913"}],"wp:attachment":[{"href":"https:\/\/fossavatn.is\/en\/wp-json\/wp\/v2\/media?parent=3111"}],"curies":[{"name":"wp","href":"https:\/\/api.w.org\/{rel}","templated":true}]}}