{"id":3141,"date":"2022-03-14T20:08:17","date_gmt":"2022-03-14T20:08:17","guid":{"rendered":"https:\/\/fossavatn.is\/?page_id=3141"},"modified":"2026-03-25T14:52:21","modified_gmt":"2026-03-25T14:52:21","slug":"urslitagrunnur","status":"publish","type":"page","link":"https:\/\/fossavatn.is\/en\/urslitagrunnur\/","title":{"rendered":"Results database"},"content":{"rendered":"<div class=\"wp-block-buttons is-content-justification-right is-layout-flex wp-container-core-buttons-is-layout-d445cf74 wp-block-buttons-is-layout-flex\">\n<div class=\"wp-block-button\"><a class=\"wp-block-button__link has-luminous-vivid-amber-background-color has-background wp-element-button\" href=\"https:\/\/fossavatn.is\/en\/urslitagrunnur-english\/\" style=\"border-radius:5px\">The database in English<\/a><\/div>\n<\/div>\n\n\n\n<p>This results database displays all available results throughout the years. <\/p>\n\n\n\n<p>Real-time information is displayed at <a href=\"http:\/\/www.timataka.net\">Timataka.net<\/a>The database is not directly connected to the real-time database. <\/p>\n\n\n\n<style>.entry-content{width:100% !important;margin-left:0%;}<\/style>\n\n\n<style>\n       .errordiv { padding:10px; margin:10px; border: 1px solid #555555;color: #000000;background-color: #f8f8f8; width:500px; }#iframe1 {visibility:visible;opacity:1;vertical-align:top;}.ai-info-bottom-iframe { position: fixed; z-index: 10000; bottom:0; left: 0; margin: 0px; text-align: center; width: 100%; background-color: #ff9999; padding-left: 5px;padding-bottom: 5px; border-top: 1px solid #aaa } a.ai-bold {font-weight: bold;}#ai-layer-div-iframe1 p {height:100%;margin:0;padding:0}<\/style><script type=\"text\/javascript\">var ai_iframe_width_iframe1 = 0;var ai_iframe_height_iframe1 = 0;function aiReceiveMessageiframe1(event) {  aiProcessMessage(event,\"iframe1\", \"true\",\"\",\"false\",\"false\");}if (window.addEventListener) {  window.addEventListener(\"message\", aiReceiveMessageiframe1);} else if (el.attachEvent)  {  el.attachEvent(\"message\", aiReceiveMessageiframe1);}var aiOnloadScrollTop=\"true\";var aiShowDebug=false;\n\t\tif (typeof aiReadyCallbacks === 'undefined') {\n\t\t\tvar aiReadyCallbacks = [];\n\t\t} else if (!(aiReadyCallbacks instanceof Array)) {\n\t\t\tvar aiReadyCallbacks = [];\n\t\t}    function aiShowIframeId(id_iframe) { jQuery(\"#\"+id_iframe).css(\"visibility\", \"visible\");    }    function aiResizeIframeHeight(height) { aiResizeIframeHeight(height,iframe1); }    function aiResizeIframeHeightId(height,width,id) {aiResizeIframeHeightById(id,height);}<\/script><iframe id=\"iframe1\"  name=\"iframe1\"  src=\"https:\/\/www.gyl.fi\/wp-content\/plugins\/urslit\/tafla.php\"  width=\"100%\"  height=\"150vh\"  scrolling=\"yes\"  marginwidth=\"20px\"  frameborder=\"0\"  border=\"0\"  allowtransparency=\"true\"  loading=\"lazy\"  style=\";border-width: 0px;;border: none;;width:100%;;height:150vh;\" ><\/iframe><script type=\"text\/javascript\">var ifrm_iframe1 = document.getElementById(\"iframe1\");var hiddenTabsDoneiframe1 = false;\nfunction resizeCallbackiframe1() {}<\/script><script type=\"text\/javascript\"><\/script><p style=\"display:block !important; visibility:visible !important;margin: -18px 14px 0 0;padding-left: 3px;padding-top:3px;background: white; overflow: hidden; position: relative; line-height:15px;width: fit-content;\"><small style=\"display:block !important;visibility:visible !important\">powered by Advanced iFrame<\/small><\/p>\n\n\n\n<p><\/p>\n\n\n\n<div style=\"height:100px\" aria-hidden=\"true\" class=\"wp-block-spacer\"><\/div>\n\n\n\n<h2 class=\"wp-block-heading\">About the database<\/h2>\n\n\n\n<p>The database has been assembled during a long time from a range of sources but is nevertheless not complete, especially for shorter distances. <\/p>\n\n\n\n<p><\/p>\n\n\n\n<p>We've tried to standardise spelling of names so as they match up. <\/p>\n\n\n\n<p>The database is called Einar, for Einar Yngva collected a big proportion of older results.<\/p>\n\n\n\n<p>Thanks to Gu\u00f0mundur \u00c1g\u00fastsson, Gu\u00f0mundur Rafn Kristj\u00e1nsson, Hlynur Gu\u00f0mundsson and Heimir Hansson for data collection. El\u00edas Oddsson computerised time recording in the early days. Birgir \u00de\u00f3r Halld\u00f3rsson has overseen time taking the last decade or so. Database created and programmed by Gylfi \u00d3lafsson. All suggestions are <a href=\"mailto:gylfi@gyl.fi\">well recieved<\/a>.<\/p>\n\n\n\n<div style=\"height:100px\" aria-hidden=\"true\" class=\"wp-block-spacer\"><\/div>","protected":false},"excerpt":{"rendered":"<p>\u00darslitagagnagrunnurinn Einar birtir s\u00f6gulegar uppl\u00fdsingar um \u00farslit \u00ed Fossavatnsg\u00f6ngunni \u00ed gegnum \u00e1rin. Raunt\u00edmauppl\u00fdsingar eru birtar \u00e1 Timataka.net. Gagnagrunnurinn er ekki beintengdur t\u00edmat\u00f6kukerfinu. Um g\u00f6gnin og grunninn Gagnagrunnurinn byggir \u00e1 verkefni sem sinnt hefur veri\u00f0 \u00ed skorpum um talsvert skei\u00f0. \u00darslit eru gl\u00f6tu\u00f0 fyrir nokkur \u00e1r og \u00ed sumum tilvikum ekki alveg lj\u00f3st hvort gangan hafi [&hellip;]<\/p>\n","protected":false},"author":4,"featured_media":0,"parent":0,"menu_order":0,"comment_status":"closed","ping_status":"closed","template":"","meta":{"footnotes":""},"class_list":["post-3141","page","type-page","status-publish","hentry"],"_links":{"self":[{"href":"https:\/\/fossavatn.is\/en\/wp-json\/wp\/v2\/pages\/3141","targetHints":{"allow":["GET"]}}],"collection":[{"href":"https:\/\/fossavatn.is\/en\/wp-json\/wp\/v2\/pages"}],"about":[{"href":"https:\/\/fossavatn.is\/en\/wp-json\/wp\/v2\/types\/page"}],"author":[{"embeddable":true,"href":"https:\/\/fossavatn.is\/en\/wp-json\/wp\/v2\/users\/4"}],"replies":[{"embeddable":true,"href":"https:\/\/fossavatn.is\/en\/wp-json\/wp\/v2\/comments?post=3141"}],"version-history":[{"count":45,"href":"https:\/\/fossavatn.is\/en\/wp-json\/wp\/v2\/pages\/3141\/revisions"}],"predecessor-version":[{"id":4966,"href":"https:\/\/fossavatn.is\/en\/wp-json\/wp\/v2\/pages\/3141\/revisions\/4966"}],"wp:attachment":[{"href":"https:\/\/fossavatn.is\/en\/wp-json\/wp\/v2\/media?parent=3141"}],"curies":[{"name":"wp","href":"https:\/\/api.w.org\/{rel}","templated":true}]}}