{"id":3188,"date":"2022-03-15T22:05:19","date_gmt":"2022-03-15T22:05:19","guid":{"rendered":"https:\/\/fossavatn.is\/?page_id=3188"},"modified":"2025-07-20T15:50:05","modified_gmt":"2025-07-20T15:50:05","slug":"fossavatnsgangan-125-km","status":"publish","type":"page","link":"https:\/\/fossavatn.is\/en\/fossavatnsgangan-125-km\/","title":{"rendered":"Fossavatnsgangan 12,5 km"},"content":{"rendered":"<div class=\"wp-block-group alignfull has-global-padding is-layout-constrained wp-container-core-group-is-layout-aff63992 wp-block-group-is-layout-constrained\" style=\"margin-top:0;margin-bottom:0;padding-top:0;padding-right:var(--wp--preset--spacing--50);padding-bottom:0;padding-left:var(--wp--preset--spacing--50)\">\n<div class=\"wp-block-group alignwide has-base-2-background-color has-background has-global-padding is-layout-constrained wp-container-core-group-is-layout-a151063b wp-block-group-is-layout-constrained\" style=\"border-radius:16px;padding-top:var(--wp--preset--spacing--50);padding-right:var(--wp--preset--spacing--40);padding-bottom:var(--wp--preset--spacing--50);padding-left:var(--wp--preset--spacing--40)\">\n<div style=\"height:var(--wp--preset--spacing--30)\" aria-hidden=\"true\" class=\"wp-block-spacer\"><\/div>\n\n\n\n<div class=\"wp-block-columns alignwide is-layout-flex wp-container-core-columns-is-layout-06670bbc wp-block-columns-is-layout-flex\">\n<div class=\"wp-block-column is-layout-flow wp-block-column-is-layout-flow\" style=\"border-top-color:var(--wp--preset--color--contrast-3);border-top-width:1px;padding-top:var(--wp--preset--spacing--30);padding-right:var(--wp--preset--spacing--30);padding-bottom:var(--wp--preset--spacing--10);padding-left:var(--wp--preset--spacing--30)\">\n<h4 class=\"wp-block-heading has-text-align-center has-medium-font-size\" style=\"padding-top:1px\"><em>Date<\/em><\/h4>\n\n\n\n<h5 class=\"wp-block-heading has-text-align-center has-x-large-font-size\">April 18, 2026<\/h5>\n\n\n\n<div style=\"height:var(--wp--preset--spacing--10)\" aria-hidden=\"true\" class=\"wp-block-spacer\"><\/div>\n<\/div>\n\n\n\n<div class=\"wp-block-column is-layout-flow wp-block-column-is-layout-flow\" style=\"border-top-color:var(--wp--preset--color--contrast-3);border-top-width:1px;padding-top:var(--wp--preset--spacing--30);padding-right:var(--wp--preset--spacing--30);padding-bottom:var(--wp--preset--spacing--10);padding-left:var(--wp--preset--spacing--30)\">\n<h4 class=\"wp-block-heading has-text-align-center has-medium-font-size\" style=\"padding-top:1px\"><em>Startup<\/em><\/h4>\n\n\n\n<h5 class=\"wp-block-heading has-text-align-center has-x-large-font-size\">09:15\u201310:00<\/h5>\n\n\n\n<div style=\"height:var(--wp--preset--spacing--10)\" aria-hidden=\"true\" class=\"wp-block-spacer\"><\/div>\n<\/div>\n\n\n\n<div class=\"wp-block-column is-layout-flow wp-block-column-is-layout-flow\" style=\"border-top-color:var(--wp--preset--color--contrast-3);border-top-width:1px;padding-top:var(--wp--preset--spacing--30);padding-right:var(--wp--preset--spacing--30);padding-bottom:var(--wp--preset--spacing--10);padding-left:var(--wp--preset--spacing--30)\">\n<h4 class=\"wp-block-heading has-text-align-center has-medium-font-size\" style=\"padding-top:1px\"><em>Style<\/em><\/h4>\n\n\n\n<h5 class=\"wp-block-heading has-text-align-center has-x-large-font-size\">Classic<\/h5>\n\n\n\n<div style=\"height:var(--wp--preset--spacing--10)\" aria-hidden=\"true\" class=\"wp-block-spacer\"><\/div>\n<\/div>\n<\/div>\n\n\n\n<div class=\"wp-block-columns alignwide is-layout-flex wp-container-core-columns-is-layout-06670bbc wp-block-columns-is-layout-flex\">\n<div class=\"wp-block-column is-layout-flow wp-block-column-is-layout-flow\" style=\"border-top-color:var(--wp--preset--color--contrast-3);border-top-width:1px;padding-top:var(--wp--preset--spacing--30);padding-right:var(--wp--preset--spacing--30);padding-bottom:var(--wp--preset--spacing--10);padding-left:var(--wp--preset--spacing--30)\">\n<h4 class=\"wp-block-heading has-text-align-center has-medium-font-size\" style=\"padding-top:1px\"><em>Age limit<\/em><\/h4>\n\n\n\n<h5 class=\"wp-block-heading has-text-align-center has-x-large-font-size\"><a href=\"https:\/\/fossavatn.is\/en\/reglur-og-skilmalar\/#aldursreglur\" data-type=\"page\" data-id=\"182\">10 years and younger accompanied<\/a><\/h5>\n\n\n\n<div style=\"height:var(--wp--preset--spacing--10)\" aria-hidden=\"true\" class=\"wp-block-spacer\"><\/div>\n<\/div>\n\n\n\n<div class=\"wp-block-column is-layout-flow wp-block-column-is-layout-flow\" style=\"border-top-color:var(--wp--preset--color--contrast-3);border-top-width:1px;padding-top:var(--wp--preset--spacing--30);padding-right:var(--wp--preset--spacing--30);padding-bottom:var(--wp--preset--spacing--10);padding-left:var(--wp--preset--spacing--30)\">\n<h4 class=\"wp-block-heading has-text-align-center has-medium-font-size\" style=\"padding-top:1px\"><em>Transponder timing<\/em><\/h4>\n\n\n\n<h5 class=\"wp-block-heading has-text-align-center has-x-large-font-size\">Yes<\/h5>\n\n\n\n<div style=\"height:var(--wp--preset--spacing--10)\" aria-hidden=\"true\" class=\"wp-block-spacer\"><\/div>\n<\/div>\n\n\n\n<div class=\"wp-block-column is-layout-flow wp-block-column-is-layout-flow\" style=\"border-top-color:var(--wp--preset--color--contrast-3);border-top-width:1px;padding-top:var(--wp--preset--spacing--30);padding-right:var(--wp--preset--spacing--30);padding-bottom:var(--wp--preset--spacing--10);padding-left:var(--wp--preset--spacing--30)\">\n<h4 class=\"wp-block-heading has-text-align-center has-medium-font-size\" style=\"padding-top:1px\"><em>Backpack requirement<\/em><\/h4>\n\n\n\n<h5 class=\"wp-block-heading has-text-align-center has-x-large-font-size\">No<\/h5>\n\n\n\n<div style=\"height:var(--wp--preset--spacing--10)\" aria-hidden=\"true\" class=\"wp-block-spacer\"><\/div>\n<\/div>\n\n\n\n<div class=\"wp-block-column is-layout-flow wp-block-column-is-layout-flow\" style=\"border-top-color:var(--wp--preset--color--contrast-3);border-top-width:1px;padding-top:var(--wp--preset--spacing--30);padding-right:var(--wp--preset--spacing--30);padding-bottom:var(--wp--preset--spacing--10);padding-left:var(--wp--preset--spacing--30)\">\n<h4 class=\"wp-block-heading has-text-align-center has-medium-font-size\" style=\"padding-top:1px\"><em>Time limit<\/em><\/h4>\n\n\n\n<h5 class=\"wp-block-heading has-text-align-center has-x-large-font-size\">No<\/h5>\n\n\n\n<div style=\"height:var(--wp--preset--spacing--10)\" aria-hidden=\"true\" class=\"wp-block-spacer\"><\/div>\n<\/div>\n<\/div>\n<\/div>\n<\/div>\n\n\n\n<div class=\"wp-block-buttons is-content-justification-center is-layout-flex wp-container-core-buttons-is-layout-a89b3969 wp-block-buttons-is-layout-flex\">\n<div class=\"wp-block-button\"><a class=\"wp-block-button__link has-large-font-size has-custom-font-size wp-element-button\" href=\"http:\/\/skraning.fossavatn.is\" style=\"padding-top:var(--wp--preset--spacing--10);padding-right:var(--wp--preset--spacing--10);padding-bottom:var(--wp--preset--spacing--10);padding-left:var(--wp--preset--spacing--10)\">Registration<\/a><\/div>\n<\/div>\n\n\n\n<div style=\"height:59px\" aria-hidden=\"true\" class=\"wp-block-spacer\"><\/div>\n\n\n\n<h2 class=\"wp-block-heading\">The course<\/h2>\n\n\n\n<div class=\"wp-block-columns is-layout-flex wp-container-core-columns-is-layout-28f84493 wp-block-columns-is-layout-flex\">\n<div class=\"wp-block-column is-layout-flow wp-block-column-is-layout-flow\">\n<h3 class=\"wp-block-heading\">In a nutshell<\/h3>\n\n\n\n<p>The walk starts with a short loop around the start\/finish area, but then takes over a kilometer or so with a rather strenuous climb up to H\u00e1ubr\u00fan. It pays to go slowly there, especially for the uninitiated. After this climb, there is a fun track that goes over Eir\u00edksm\u00fdri and then continues a little higher up to Skar\u00f0sengi before taking the flow down to the finish area. If you are not used to it, be careful in the flow.<\/p>\n\n\n\n<p>There are no drinking stations on the way. <\/p>\n<\/div>\n\n\n\n<div class=\"wp-block-column is-layout-flow wp-block-column-is-layout-flow\"><\/div>\n<\/div>\n\n\n\n<figure class=\"wp-block-image size-large\"><img decoding=\"async\" src=\"https:\/\/fossavatn.is\/wp-content\/uploads\/2022\/03\/125-1024x559.png\" alt=\"\" class=\"wp-image-3189\"\/><figcaption class=\"wp-element-caption\"><em>Map of the course. <a href=\"https:\/\/nonnikiddi2.carto.com\/viz\/d82ad67a-055f-11e6-8c01-0ecd1babdde5\/public_map\">Interactive map.<\/a> Note that the course has been changed from what it was when the pencil drawing of the courses shown elsewhere on this page was made. <\/em><\/figcaption><\/figure>\n\n\n\n<h3 class=\"wp-block-heading\">Course description<\/h3>\n\n\n\n<p>You start from the ski house at Seljalandsdalur like all the other distances. The first kilometer is an easy loop around the start area, but the next kilometer is mostly a steep and difficult climb up to H\u00e1abr\u00fan, one of the most picturesque points of the course. The view from there over the fjord Skutulsfj\u00f6r\u00f0ur is stunning and ideal to take a photo or two if you\u00b4re not too much in a hurry.<\/p>\n\n\n\n<p>Now the climb is over for now and we can really enjoy what lies ahead. We walk under the Sandfellslift and continue for about 2 km and then turn right at a junction and follow the foot of Sandfell until we reach a large plain called Eir\u00edksm\u00fdri. There we take a few loops until we climb up to Skar\u00f0sengi, where the main cross-country ski area of \u00cdsfj\u00f6r\u00f0ur was located in years past. After walking a little around Skar\u00f0sengi\u00f0 we come along and at Sandfell into the same track that competitors in the 50 km and 25 km cross-country use for their final sprint. We then follow that track down to the finish area and all the way over the line. Unexperienced people should be careful in the flow.<\/p>\n\n\n\n<h2 class=\"wp-block-heading\">Key figures<\/h2>\n\n\n\n<div class=\"wp-block-columns is-layout-flex wp-container-core-columns-is-layout-28f84493 wp-block-columns-is-layout-flex\">\n<div class=\"wp-block-column is-layout-flow wp-block-column-is-layout-flow\" style=\"flex-basis:100%\">\n<figure class=\"wp-block-table is-style-fv-tafla\"><table><tbody><tr><td>Start<\/td><td>290 a.s.l.<\/td><\/tr><tr><td>Highest point (Mi\u00f0fellsh\u00e1ls)<\/td><td>420 mys<\/td><\/tr><tr><td>Longest climb<\/td><td>60 m<\/td><\/tr><tr><td>Total climb<\/td><td>205 m<\/td><\/tr><\/tbody><\/table><figcaption class=\"wp-element-caption\">Elevation and meters above sea level<\/figcaption><\/figure>\n<\/div>\n<\/div>\n\n\n\n<h2 class=\"wp-block-heading\" id=\"stor_og_sma\">Suitable for beginners<\/h2>\n\n\n\n<div class=\"wp-block-columns is-layout-flex wp-container-core-columns-is-layout-28f84493 wp-block-columns-is-layout-flex\">\n<div class=\"wp-block-column is-layout-flow wp-block-column-is-layout-flow\">\n<p><strong>Transponder timing: <\/strong>Competition starts at 09:00 but the finish line is open until 09:30. Time does not start counting until you start according to timing chip. <\/p>\n\n\n\n<p><strong>No backpack duty: <\/strong>It is not mandatory to carry a backpack as in the longer tunnels. <\/p>\n\n\n\n<p><strong>No time limit: <\/strong>There is no specific maximum time for the walk.<\/p>\n\n\n\n<p>Children aged 10 and under must be accompanied by someone older. <\/p>\n<\/div>\n\n\n\n<div class=\"wp-block-column is-layout-flow wp-block-column-is-layout-flow\">\n<h3 class=\"wp-block-heading\">Bus trips up and down<\/h3>\n\n\n\n<p>We don't have enough space for private cars at the start, so we provide buses back and forth. <\/p>\n\n\n\n<p><a href=\"https:\/\/fossavatn.is\/en\/buses\/\" rel=\"nofollow\">Further information here. <\/a><\/p>\n<\/div>\n<\/div>\n\n\n\n<div class=\"wp-block-columns is-layout-flex wp-container-core-columns-is-layout-28f84493 wp-block-columns-is-layout-flex\">\n<div class=\"wp-block-column is-layout-flow wp-block-column-is-layout-flow\">\n<h3 class=\"wp-block-heading\">Clothes bags<\/h3>\n\n\n\n<p>You can leave your clothes in the start area in a bag similar to this <a href=\"https:\/\/fossavatn.is\/en\/product\/fatapokinn\/\">we sell<\/a> . The bags are kept outside, so make sure they are weather proof. You get a number to mark the bag with.<\/p>\n<\/div>\n\n\n\n<div class=\"wp-block-column is-layout-flow wp-block-column-is-layout-flow\">\n<figure class=\"wp-block-image aligncenter size-medium is-style-default\"><img decoding=\"async\" src=\"https:\/\/fossavatn.is\/wp-content\/uploads\/2021\/01\/fatapoki-300x213.jpg\" alt=\"\" class=\"wp-image-2413\"\/><\/figure>\n<\/div>\n<\/div>\n\n\n\n<div style=\"height:49px\" aria-hidden=\"true\" class=\"wp-block-spacer\"><\/div>\n\n\n\n<div class=\"wp-block-columns is-layout-flex wp-container-core-columns-is-layout-28f84493 wp-block-columns-is-layout-flex\">\n<div class=\"wp-block-column is-layout-flow wp-block-column-is-layout-flow\">\n<h2 class=\"wp-block-heading\">Cake buffet and prize ceremony<\/h2>\n\n\n\n<p>A delicious coffee buffet will take place in the Torfnesi gymnasium from 15:00-17:00 on Saturday. The buffet is included in the participation fee in Fossavatnsskoutin. <\/p>\n\n\n\n<p><\/p>\n<\/div>\n\n\n\n<div class=\"wp-block-column is-layout-flow wp-block-column-is-layout-flow\">\n<figure class=\"wp-block-image size-large\"><img decoding=\"async\" src=\"https:\/\/fossavatn.is\/wp-content\/uploads\/2022\/03\/kokur-1024x727.jpg\" alt=\"\" class=\"wp-image-3074\"\/><\/figure>\n<\/div>\n<\/div>\n\n\n\n<div style=\"height:58px\" aria-hidden=\"true\" class=\"wp-block-spacer\"><\/div>\n\n\n\n<h2 class=\"wp-block-heading\"><\/h2>\n\n\n\n<figure class=\"wp-block-image size-large\"><img decoding=\"async\" src=\"https:\/\/fossavatn.is\/wp-content\/uploads\/2022\/03\/125-2018-1024x686.jpg\" alt=\"\" class=\"wp-image-3242\"\/><\/figure>","protected":false},"excerpt":{"rendered":"<p>Dagsetning 18. apr\u00edl 2026 R\u00e6sing 09:15\u201310:00 G\u00f6ngua\u00f0fer\u00f0 Hef\u00f0bundin Aldurstakm\u00f6rk 10 \u00e1ra og yngri \u00ed fylgd Flj\u00f3tandi start J\u00e1 Bakpokaskylda Nei T\u00edmam\u00f6rk Nei Brautin \u00cd hnotskurn Gangan byrjar \u00e1 stuttum hring um start\/marksv\u00e6\u00f0i\u00f0 en s\u00ed\u00f0an tekur vi\u00f0 k\u00edl\u00f3metri e\u00f0a svo me\u00f0 b\u00fdsna strembnu klifri upp \u00e1 H\u00e1ubr\u00fan. \u00dear borgar sig a\u00f0 fara s\u00e9r h\u00e6gt, s\u00e9rstaklega fyrir [&hellip;]<\/p>\n","protected":false},"author":4,"featured_media":0,"parent":0,"menu_order":0,"comment_status":"closed","ping_status":"closed","template":"","meta":{"footnotes":""},"class_list":["post-3188","page","type-page","status-publish","hentry"],"_links":{"self":[{"href":"https:\/\/fossavatn.is\/en\/wp-json\/wp\/v2\/pages\/3188","targetHints":{"allow":["GET"]}}],"collection":[{"href":"https:\/\/fossavatn.is\/en\/wp-json\/wp\/v2\/pages"}],"about":[{"href":"https:\/\/fossavatn.is\/en\/wp-json\/wp\/v2\/types\/page"}],"author":[{"embeddable":true,"href":"https:\/\/fossavatn.is\/en\/wp-json\/wp\/v2\/users\/4"}],"replies":[{"embeddable":true,"href":"https:\/\/fossavatn.is\/en\/wp-json\/wp\/v2\/comments?post=3188"}],"version-history":[{"count":19,"href":"https:\/\/fossavatn.is\/en\/wp-json\/wp\/v2\/pages\/3188\/revisions"}],"predecessor-version":[{"id":4875,"href":"https:\/\/fossavatn.is\/en\/wp-json\/wp\/v2\/pages\/3188\/revisions\/4875"}],"wp:attachment":[{"href":"https:\/\/fossavatn.is\/en\/wp-json\/wp\/v2\/media?parent=3188"}],"curies":[{"name":"wp","href":"https:\/\/api.w.org\/{rel}","templated":true}]}}