{"id":3191,"date":"2022-03-15T22:06:04","date_gmt":"2022-03-15T22:06:04","guid":{"rendered":"https:\/\/fossavatn.is\/?page_id=3191"},"modified":"2026-04-16T12:50:30","modified_gmt":"2026-04-16T12:50:30","slug":"fossavatnsgangan-25-km","status":"publish","type":"page","link":"https:\/\/fossavatn.is\/en\/fossavatnsgangan-25-km\/","title":{"rendered":"Fossavatnsgangan 25 km"},"content":{"rendered":"<div class=\"wp-block-group alignfull has-global-padding is-layout-constrained wp-container-core-group-is-layout-aff63992 wp-block-group-is-layout-constrained\" style=\"margin-top:0;margin-bottom:0;padding-top:0;padding-right:var(--wp--preset--spacing--50);padding-bottom:0;padding-left:var(--wp--preset--spacing--50)\">\n<div class=\"wp-block-group alignwide has-base-2-background-color has-background has-global-padding is-layout-constrained wp-container-core-group-is-layout-a151063b wp-block-group-is-layout-constrained\" style=\"border-radius:16px;padding-top:var(--wp--preset--spacing--50);padding-right:var(--wp--preset--spacing--40);padding-bottom:var(--wp--preset--spacing--50);padding-left:var(--wp--preset--spacing--40)\">\n<div style=\"height:var(--wp--preset--spacing--30)\" aria-hidden=\"true\" class=\"wp-block-spacer\"><\/div>\n\n\n\n<div class=\"wp-block-columns alignwide is-layout-flex wp-container-core-columns-is-layout-06670bbc wp-block-columns-is-layout-flex\">\n<div class=\"wp-block-column is-layout-flow wp-block-column-is-layout-flow\" style=\"border-top-color:var(--wp--preset--color--contrast-3);border-top-width:1px;padding-top:var(--wp--preset--spacing--30);padding-right:var(--wp--preset--spacing--30);padding-bottom:var(--wp--preset--spacing--10);padding-left:var(--wp--preset--spacing--30)\">\n<h4 class=\"wp-block-heading has-text-align-center has-medium-font-size\" style=\"padding-top:1px\"><em>Date<\/em><\/h4>\n\n\n\n<h5 class=\"wp-block-heading has-text-align-center has-x-large-font-size\">April 18, 2026<\/h5>\n\n\n\n<div style=\"height:var(--wp--preset--spacing--10)\" aria-hidden=\"true\" class=\"wp-block-spacer\"><\/div>\n<\/div>\n\n\n\n<div class=\"wp-block-column is-layout-flow wp-block-column-is-layout-flow\" style=\"border-top-color:var(--wp--preset--color--contrast-3);border-top-width:1px;padding-top:var(--wp--preset--spacing--30);padding-right:var(--wp--preset--spacing--30);padding-bottom:var(--wp--preset--spacing--10);padding-left:var(--wp--preset--spacing--30)\">\n<h4 class=\"wp-block-heading has-text-align-center has-medium-font-size\" style=\"padding-top:1px\"><em>Startup<\/em><\/h4>\n\n\n\n<h5 class=\"wp-block-heading has-text-align-center has-x-large-font-size\">09:15\u201310:00<\/h5>\n\n\n\n<div style=\"height:var(--wp--preset--spacing--10)\" aria-hidden=\"true\" class=\"wp-block-spacer\"><\/div>\n<\/div>\n\n\n\n<div class=\"wp-block-column is-layout-flow wp-block-column-is-layout-flow\" style=\"border-top-color:var(--wp--preset--color--contrast-3);border-top-width:1px;padding-top:var(--wp--preset--spacing--30);padding-right:var(--wp--preset--spacing--30);padding-bottom:var(--wp--preset--spacing--10);padding-left:var(--wp--preset--spacing--30)\">\n<h4 class=\"wp-block-heading has-text-align-center has-medium-font-size\" style=\"padding-top:1px\"><em>Style<\/em><\/h4>\n\n\n\n<h5 class=\"wp-block-heading has-text-align-center has-x-large-font-size\">Classic<\/h5>\n\n\n\n<div style=\"height:var(--wp--preset--spacing--10)\" aria-hidden=\"true\" class=\"wp-block-spacer\"><\/div>\n<\/div>\n<\/div>\n\n\n\n<div class=\"wp-block-columns alignwide is-layout-flex wp-container-core-columns-is-layout-06670bbc wp-block-columns-is-layout-flex\">\n<div class=\"wp-block-column is-layout-flow wp-block-column-is-layout-flow\" style=\"border-top-color:var(--wp--preset--color--contrast-3);border-top-width:1px;padding-top:var(--wp--preset--spacing--30);padding-right:var(--wp--preset--spacing--30);padding-bottom:var(--wp--preset--spacing--10);padding-left:var(--wp--preset--spacing--30)\">\n<h4 class=\"wp-block-heading has-text-align-center has-medium-font-size\" style=\"padding-top:1px\"><em>Age limit<\/em><\/h4>\n\n\n\n<h5 class=\"wp-block-heading has-text-align-center has-x-large-font-size\"><a href=\"https:\/\/fossavatn.is\/en\/reglur-og-skilmalar\/#aldursreglur\" data-type=\"page\" data-id=\"182\">13 years<\/a><\/h5>\n\n\n\n<div style=\"height:var(--wp--preset--spacing--10)\" aria-hidden=\"true\" class=\"wp-block-spacer\"><\/div>\n<\/div>\n\n\n\n<div class=\"wp-block-column is-layout-flow wp-block-column-is-layout-flow\" style=\"border-top-color:var(--wp--preset--color--contrast-3);border-top-width:1px;padding-top:var(--wp--preset--spacing--30);padding-right:var(--wp--preset--spacing--30);padding-bottom:var(--wp--preset--spacing--10);padding-left:var(--wp--preset--spacing--30)\">\n<h4 class=\"wp-block-heading has-text-align-center has-medium-font-size\" style=\"padding-top:1px\"><em>Transponder timing<\/em><\/h4>\n\n\n\n<h5 class=\"wp-block-heading has-text-align-center has-x-large-font-size\">Yes<\/h5>\n\n\n\n<div style=\"height:var(--wp--preset--spacing--10)\" aria-hidden=\"true\" class=\"wp-block-spacer\"><\/div>\n<\/div>\n\n\n\n<div class=\"wp-block-column is-layout-flow wp-block-column-is-layout-flow\" style=\"border-top-color:var(--wp--preset--color--contrast-3);border-top-width:1px;padding-top:var(--wp--preset--spacing--30);padding-right:var(--wp--preset--spacing--30);padding-bottom:var(--wp--preset--spacing--10);padding-left:var(--wp--preset--spacing--30)\">\n<h4 class=\"wp-block-heading has-text-align-center has-medium-font-size\" style=\"padding-top:1px\"><em>Backpack requirement<\/em><\/h4>\n\n\n\n<h5 class=\"wp-block-heading has-text-align-center has-x-large-font-size\">Yes<\/h5>\n\n\n\n<div style=\"height:var(--wp--preset--spacing--10)\" aria-hidden=\"true\" class=\"wp-block-spacer\"><\/div>\n<\/div>\n\n\n\n<div class=\"wp-block-column is-layout-flow wp-block-column-is-layout-flow\" style=\"border-top-color:var(--wp--preset--color--contrast-3);border-top-width:1px;padding-top:var(--wp--preset--spacing--30);padding-right:var(--wp--preset--spacing--30);padding-bottom:var(--wp--preset--spacing--10);padding-left:var(--wp--preset--spacing--30)\">\n<h4 class=\"wp-block-heading has-text-align-center has-medium-font-size\" style=\"padding-top:1px\"><em>Time limit<\/em><\/h4>\n\n\n\n<h5 class=\"wp-block-heading has-text-align-center has-x-large-font-size\">No<\/h5>\n\n\n\n<div style=\"height:var(--wp--preset--spacing--10)\" aria-hidden=\"true\" class=\"wp-block-spacer\"><\/div>\n<\/div>\n<\/div>\n<\/div>\n<\/div>\n\n\n\n<div class=\"wp-block-buttons is-content-justification-center is-layout-flex wp-container-core-buttons-is-layout-a89b3969 wp-block-buttons-is-layout-flex\">\n<div class=\"wp-block-button\"><a class=\"wp-block-button__link has-large-font-size has-custom-font-size wp-element-button\" href=\"http:\/\/skraning.fossavatn.is\" style=\"padding-top:var(--wp--preset--spacing--10);padding-right:var(--wp--preset--spacing--10);padding-bottom:var(--wp--preset--spacing--10);padding-left:var(--wp--preset--spacing--10)\">Registration<\/a><\/div>\n<\/div>\n\n\n\n<div style=\"height:59px\" aria-hidden=\"true\" class=\"wp-block-spacer\"><\/div>\n\n\n\n<p><\/p>\n\n\n\n<h2 class=\"wp-block-heading\">The course<\/h2>\n\n\n\n<div class=\"wp-block-columns is-layout-flex wp-container-core-columns-is-layout-28f84493 wp-block-columns-is-layout-flex\">\n<div class=\"wp-block-column is-layout-flow wp-block-column-is-layout-flow\">\n<h3 class=\"wp-block-heading\">In a nutshell<\/h3>\n\n\n\n<p>The first 15 km are strenuous, but then the trail leads from Seljalandsdal up to Hn\u00edfar and onto Botnshei\u00f0i. From there, it's a relatively easy walk back to B\u00farfell. From there, you walk between hills up to Gyltuskar\u00f0. From Gyltuskar\u00f0 up to Mi\u00f0fellsh\u00e1ls is a strenuous slope. After that, it's an easy finish. <\/p>\n<\/div>\n\n\n\n<div class=\"wp-block-column is-layout-flow wp-block-column-is-layout-flow\">\n<h3 class=\"wp-block-heading\">Distance between drinking stations<\/h3>\n\n\n\n<figure class=\"wp-block-table is-style-fv-tafla\"><table><tbody><tr><td>Start-B\u00farfell<\/td><td>5.2 km<\/td><\/tr><tr><td>B\u00farfell \u2013 Heathen&nbsp;<\/td><td>4.5 km<\/td><\/tr><tr><td>Heiden \u2013 B\u00farfell<\/td><td>5.4 km<\/td><\/tr><tr><td>B\u00farfell - finish<\/td><td>10.2 km<\/td><\/tr><\/tbody><\/table><\/figure>\n<\/div>\n<\/div>\n\n\n\n<figure class=\"wp-block-image aligncenter size-large\"><a href=\"https:\/\/nonnikiddi2.carto.com\/viz\/a50ce79c-0550-11e6-bd26-0e31c9be1b51\/public_map\"><img decoding=\"async\" src=\"https:\/\/fossavatn.is\/wp-content\/uploads\/2022\/03\/25-km-1-1024x583.png\" alt=\"\" class=\"wp-image-3103\"\/><\/a><figcaption class=\"wp-element-caption\">Map of the 25 km course. <a href=\"https:\/\/nonnikiddi2.carto.com\/viz\/a50ce79c-0550-11e6-bd26-0e31c9be1b51\/public_map\">Interactive version.<\/a> See also <a href=\"http:\/\/www.opensnowmap.org\/#map=12\/-23.226\/66.037&amp;b=snowmap&amp;m=false&amp;h=false\">OpenSnowMap<\/a>.<\/figcaption><\/figure>\n\n\n\n<figure class=\"wp-block-image aligncenter size-large is-resized\"><a href=\"https:\/\/fossavatn.is\/wp-content\/uploads\/2021\/01\/image-36-1024x737.png\"><img decoding=\"async\" src=\"https:\/\/fossavatn.is\/wp-content\/uploads\/2021\/01\/image-36-1024x737.png\" alt=\"\" class=\"wp-image-582\"\/><\/a><figcaption class=\"wp-element-caption\">Overview by \u00d3mar Sm\u00e1ra. <\/figcaption><\/figure>\n\n\n\n<h3 class=\"wp-block-heading\">Course description<\/h3>\n\n\n\n<p>You start from the ski house at Seljalandsdalur like all the other distances. The first kilometer is an easy loop around the start area, but the next kilometer is mostly a steep and difficult climb up to H\u00e1abr\u00fan, one of the most picturesque points of the course. The view from there over the fjord Skutulsfj\u00f6r\u00f0ur is stunning and ideal to take a photo or two if you\u00b4re not too much in a hurry.<\/p>\n\n\n\n<p>Following the climb up to H\u00e1abr\u00fan you come to a relatively flat section that stretches for over a kilometer. It takes you under a ski lift and eventually to the crossroads where the 12,5 km skiers turn right but the 25 and 50 km skiers keep on going straight. Soon after you pass the crossroads you will be greeted by an uphill that takes you under another ski lift. Now you have skied some 4 quite strenuous kilometers with a total elevation of 155 m. After another kilometer you come to the first feeding station, B\u00farfell 1. Following the feeding station you will be treated to an easy section called Hn\u00edfar, before doing another 2 km long climb up to the next feeding station, Hei\u00f0in 1. This is the only point of the course that is accessible by car, although the road is only open for our staff and the rescue team.\u00a0<\/p>\n\n\n\n<p>Here, approx. 10 km have been covered and now the path eases somewhat for the next few kilometers while walking along Botnhei\u00f0inn. However, that happiness does not last too long because when we have visited the drinking station under B\u00farfell for the second time, after approx. 16 km, a fairly strenuous climb begins where it is called &quot;among falls&quot;, i.e. between the mountains B\u00farfell and Mi\u00f0fell. When you get to Gyltuskar\u00f0, from where you can see down to Botnsdal in S\u00fagandafj\u00f6r\u00f0ur, turn right and take the most famous slope in the Fossavatn pass, Mi\u00f0fellsh\u00e1lsin itself. That neck has proved difficult for many people over the decades. There is a long, steep section going up here, and most people have a lot of energy left in the tank when they reach the top. But that&#039;s not to blame, because now we take relief at the 7 km mark, with long runs and pushes. However, you should be careful, because in many places the flow is very fast and can be dangerous, especially for the inexperienced.<\/p>\n\n\n\n<h2 class=\"wp-block-heading\">Profile<\/h2>\n\n\n\n<div style=\"height:35px\" aria-hidden=\"true\" class=\"wp-block-spacer\"><\/div>\n\n\n\n<div class=\"wp-block-columns is-layout-flex wp-container-core-columns-is-layout-28f84493 wp-block-columns-is-layout-flex\">\n<div class=\"wp-block-column is-layout-flow wp-block-column-is-layout-flow\" style=\"flex-basis:66.66%\">\n<figure class=\"wp-block-image size-full\"><img loading=\"lazy\" decoding=\"async\" width=\"471\" height=\"227\" src=\"https:\/\/fossavatn.is\/wp-content\/uploads\/2021\/01\/elevation-25km.png\" alt=\"\" class=\"wp-image-644\"\/><figcaption class=\"wp-element-caption\">Course profile<\/figcaption><\/figure>\n<\/div>\n\n\n\n<div class=\"wp-block-column is-layout-flow wp-block-column-is-layout-flow\" style=\"flex-basis:33.33%\">\n<figure class=\"wp-block-table is-style-fv-tafla\"><table><tbody><tr><td>Start<\/td><td>290 a.s.l.<\/td><\/tr><tr><td>Highest point (Mi\u00f0fellsh\u00e1ls)<\/td><td>607 etc<\/td><\/tr><tr><td>Longest climb<\/td><td>115 m (above Mi\u00f0fellsh\u00e1ls)<\/td><\/tr><tr><td>Total climb<\/td><td>520 m<\/td><\/tr><\/tbody><\/table><figcaption class=\"wp-element-caption\">Elevation and meters above sea level<\/figcaption><\/figure>\n<\/div>\n<\/div>\n\n\n\n<p><\/p>\n\n\n\n<h2 class=\"wp-block-heading\" id=\"stor_og_sma\">Information<\/h2>\n\n\n\n<div class=\"wp-block-columns is-layout-flex wp-container-core-columns-is-layout-28f84493 wp-block-columns-is-layout-flex\">\n<div class=\"wp-block-column is-layout-flow wp-block-column-is-layout-flow\">\n<h3 class=\"wp-block-heading\">Floating start and no time limit<\/h3>\n\n\n\n<p>The competition starts at 9:00 AM, but the starting line is open until 10:00 AM. The clock does not start until you start, as recorded by your timing chip.<\/p>\n<\/div>\n\n\n\n<div class=\"wp-block-column is-layout-flow wp-block-column-is-layout-flow\">\n<h3 class=\"wp-block-heading\">Getting to and from the mountain<\/h3>\n\n\n\n<p>We don't have enough space for private cars at the start, so we provide buses back and forth. <\/p>\n\n\n\n<p><a href=\"https:\/\/fossavatn.is\/en\/buses\/\" rel=\"nofollow\">Further information here. <\/a><\/p>\n<\/div>\n<\/div>\n\n\n\n<div class=\"wp-block-columns is-layout-flex wp-container-core-columns-is-layout-28f84493 wp-block-columns-is-layout-flex\">\n<div class=\"wp-block-column is-layout-flow wp-block-column-is-layout-flow\">\n<h3 class=\"wp-block-heading\">Clothes bags<\/h3>\n\n\n\n<p>You can leave your clothes in the start area in a bag similar to this <a href=\"https:\/\/fossavatn.is\/en\/product\/fatapokinn\/\">we sell<\/a> . The bags are kept outside, so make sure they are weather proof. You get a number to mark the bag with.<\/p>\n<\/div>\n\n\n\n<div class=\"wp-block-column is-layout-flow wp-block-column-is-layout-flow\">\n<figure class=\"wp-block-image aligncenter size-medium is-style-default\"><img decoding=\"async\" src=\"https:\/\/fossavatn.is\/wp-content\/uploads\/2021\/01\/fatapoki-300x213.jpg\" alt=\"\" class=\"wp-image-2413\"\/><\/figure>\n<\/div>\n<\/div>\n\n\n\n<div style=\"height:100px\" aria-hidden=\"true\" class=\"wp-block-spacer\"><\/div>\n\n\n\n<h2 class=\"wp-block-heading\" id=\"bakpokar\"><strong>Everyone carries a backpack<\/strong><\/h2>\n\n\n\n<div class=\"wp-block-columns is-layout-flex wp-container-core-columns-is-layout-28f84493 wp-block-columns-is-layout-flex\">\n<div class=\"wp-block-column is-layout-flow wp-block-column-is-layout-flow\" style=\"flex-basis:50%\">\n<p>We can face all weathers and anything can happen. For safety, participants in 25 km and 50 km races on Saturday are required to carry a backpack. We don't allow waist packs.<\/p>\n\n\n\n<p>The backpack should at least include outer pants, a jacket, a cap and gloves. In addition, most bring some nutrition, a cup or a flask (we do provide drinks along the way but not cups), ski wax and phone. The bag should weigh at least 1,5 kg. Staff can weigh bags any time during the race. If it is too light or some of the requirements are not fulfilled, we add 15 minutes to your time. You can buy a bag in <a href=\"https:\/\/fossavatn.is\/en\/product\/keppnispokinn\/\">our web store.<\/a>.<\/p>\n<\/div>\n\n\n\n<div class=\"wp-block-column is-layout-flow wp-block-column-is-layout-flow\" style=\"flex-basis:50%\">\n<figure class=\"wp-block-embed is-type-video is-provider-youtube wp-block-embed-youtube wp-embed-aspect-16-9 wp-has-aspect-ratio\"><div class=\"wp-block-embed__wrapper\">\nhttps:\/\/www.youtube.com\/watch?v=fYJg_JcKdiYu0026t=3su0026ab_channel=Fossavatnsgangan%C3%A1%C3%8Dsafir%C3%B0i\n<\/div><\/figure>\n<\/div>\n<\/div>\n\n\n\n<h2 class=\"wp-block-heading\" id=\"timamork\"><\/h2>\n\n\n\n<p><\/p>\n\n\n\n<div style=\"height:47px\" aria-hidden=\"true\" class=\"wp-block-spacer\"><\/div>\n\n\n\n<div class=\"wp-block-columns is-layout-flex wp-container-core-columns-is-layout-28f84493 wp-block-columns-is-layout-flex\">\n<div class=\"wp-block-column is-layout-flow wp-block-column-is-layout-flow\">\n<h2 class=\"wp-block-heading\">Cake buffet and prize ceremony<\/h2>\n\n\n\n<p>A generous cake buffet is held in the Torfnes sports center from 15:00-17:00. It is included in the participation fee. <\/p>\n\n\n\n<p><\/p>\n\n\n\n<p><\/p>\n<\/div>\n\n\n\n<div class=\"wp-block-column is-layout-flow wp-block-column-is-layout-flow\">\n<figure class=\"wp-block-image size-large\"><img decoding=\"async\" src=\"https:\/\/fossavatn.is\/wp-content\/uploads\/2022\/03\/kokur-1024x727.jpg\" alt=\"\" class=\"wp-image-3074\"\/><\/figure>\n<\/div>\n<\/div>\n\n\n\n<div style=\"height:58px\" aria-hidden=\"true\" class=\"wp-block-spacer\"><\/div>\n\n\n\n<h2 class=\"wp-block-heading\"><\/h2>\n\n\n\n<figure class=\"wp-block-gallery has-nested-images columns-2 is-cropped wp-block-gallery-2 is-layout-flex wp-block-gallery-is-layout-flex\"><\/figure>\n\n\n\n<div style=\"height:100px\" aria-hidden=\"true\" class=\"wp-block-spacer\"><\/div>","protected":false},"excerpt":{"rendered":"<p>Dagsetning 18. apr\u00edl 2026 R\u00e6sing 09:15\u201310:00 G\u00f6ngua\u00f0fer\u00f0 Hef\u00f0bundin Aldurstakm\u00f6rk 13 \u00e1ra Flj\u00f3tandi start J\u00e1 Bakpokaskylda J\u00e1 T\u00edmam\u00f6rk Nei Brautin \u00cd hnotskurn Fyrstu 15 km eru strembnir, en \u00fe\u00e1 liggur lei\u00f0in fr\u00e1 Seljalandsdal upp \u00e1 Hn\u00edfa og inn \u00e1 Botnshei\u00f0i. \u00dea\u00f0an er fremur l\u00e9tt ganga a\u00f0 B\u00farfelli aftur. \u00dea\u00f0an er gengi\u00f0 milli fella upp \u00ed Gyltuskar\u00f0. [&hellip;]<\/p>\n","protected":false},"author":4,"featured_media":0,"parent":0,"menu_order":0,"comment_status":"closed","ping_status":"closed","template":"","meta":{"footnotes":""},"class_list":["post-3191","page","type-page","status-publish","hentry"],"_links":{"self":[{"href":"https:\/\/fossavatn.is\/en\/wp-json\/wp\/v2\/pages\/3191","targetHints":{"allow":["GET"]}}],"collection":[{"href":"https:\/\/fossavatn.is\/en\/wp-json\/wp\/v2\/pages"}],"about":[{"href":"https:\/\/fossavatn.is\/en\/wp-json\/wp\/v2\/types\/page"}],"author":[{"embeddable":true,"href":"https:\/\/fossavatn.is\/en\/wp-json\/wp\/v2\/users\/4"}],"replies":[{"embeddable":true,"href":"https:\/\/fossavatn.is\/en\/wp-json\/wp\/v2\/comments?post=3191"}],"version-history":[{"count":18,"href":"https:\/\/fossavatn.is\/en\/wp-json\/wp\/v2\/pages\/3191\/revisions"}],"predecessor-version":[{"id":5011,"href":"https:\/\/fossavatn.is\/en\/wp-json\/wp\/v2\/pages\/3191\/revisions\/5011"}],"wp:attachment":[{"href":"https:\/\/fossavatn.is\/en\/wp-json\/wp\/v2\/media?parent=3191"}],"curies":[{"name":"wp","href":"https:\/\/api.w.org\/{rel}","templated":true}]}}