{"id":3209,"date":"2022-03-16T19:14:09","date_gmt":"2022-03-16T19:14:09","guid":{"rendered":"https:\/\/fossavatn.is\/?page_id=3209"},"modified":"2025-04-23T14:02:35","modified_gmt":"2025-04-23T14:02:35","slug":"um-fossavatnsgonguna","status":"publish","type":"page","link":"https:\/\/fossavatn.is\/en\/um-fossavatnsgonguna\/","title":{"rendered":"About Fossavatnsgangan"},"content":{"rendered":"<figure class=\"wp-block-image size-large\"><img decoding=\"async\" src=\"https:\/\/fossavatn.is\/wp-content\/uploads\/2022\/03\/2018-fjoll2-1024x683.jpg\" alt=\"\" class=\"wp-image-3243\"\/><\/figure>\n\n\n\n<h2 class=\"wp-block-heading\">Board of the Fossavatnsgang<\/h2>\n\n\n\n<p>Board elected at the general meeting on October 31, 2024<\/p>\n\n\n\n<ul class=\"wp-block-list\">\n<li>Gylfi \u00d3lafsson chairman<\/li>\n\n\n\n<li>Hanson&#039;s world<\/li>\n\n\n\n<li>Hlynur Kristinsson<\/li>\n\n\n\n<li><a href=\"https:\/\/en.wikipedia.org\/wiki\/Snorri_Einarsson\">Snorri Eyth\u00f3r Einarsson<\/a><\/li>\n\n\n\n<li>Samuel Orri Stef\u00e1nsson<\/li>\n<\/ul>\n\n\n\n<div class=\"wp-block-columns is-layout-flex wp-container-core-columns-is-layout-28f84493 wp-block-columns-is-layout-flex\">\n<div class=\"wp-block-column is-layout-flow wp-block-column-is-layout-flow\">\n<h2 class=\"wp-block-heading\">Employee<\/h2>\n\n\n\n<p>Bobbi, Kristbj\u00f6rn R\u00f3bert Sigurj\u00f3nsson, is the executive director of the march.<\/p>\n<\/div>\n\n\n\n<div class=\"wp-block-column is-layout-flow wp-block-column-is-layout-flow\">\n<figure class=\"wp-block-image size-large is-resized\"><img decoding=\"async\" src=\"https:\/\/fossavatn.is\/wp-content\/uploads\/2022\/03\/bobbi2018-1024x705.jpg\" alt=\"\" class=\"wp-image-3244\" style=\"width:292px;height:201px\"\/><\/figure>\n<\/div>\n<\/div>\n\n\n\n<h2 class=\"wp-block-heading\">Office and more<\/h2>\n\n\n\n<p>Fossavatnsgangan does not have an actual office, but is based in Edinburgh House on the days around tournaments.<\/p>\n\n\n\n<p><\/p>\n\n\n\n<p>Email address: fossavatn@fossavatn.is<br>Social security number: 690905-0430<br>Bank account: 0556-26-6909<\/p>\n\n\n\n<p><\/p>\n\n\n\r\n            \r\n            \r\n            \r\n            <a name='map1'><\/a>\r\n            \r\n            \r\n            \r\n            \r\n            <div class=\"wpgmza_map\" data-mashup-ids='1' id=\"wpgmza_map_1\" style=\"display:block; overflow:auto; width:100%; height:400px; float:left;\" data-settings='{\"id\":\"1\",\"map_title\":\"M\\u00f3tsskrifstofan\",\"map_width\":\"100\",\"map_height\":\"400\",\"map_start_lat\":\"66.07108501246088\",\"map_start_lng\":\"-23.121256476918404\",\"map_start_location\":\"45.950464398418106,-109.81550500000003\",\"map_start_zoom\":\"16\",\"default_marker\":\"\",\"type\":\"0\",\"alignment\":\"4\",\"directions_enabled\":\"0\",\"styling_enabled\":\"0\",\"styling_json\":\"\",\"active\":\"0\",\"kml\":\"\",\"bicycle\":\"0\",\"traffic\":\"0\",\"dbox\":\"1\",\"dbox_width\":\"\",\"listmarkers\":\"0\",\"listmarkers_advanced\":\"0\",\"filterbycat\":\"0\",\"ugm_enabled\":\"0\",\"ugm_category_enabled\":\"0\",\"fusion\":\"\",\"map_width_type\":\"%\",\"map_height_type\":\"px\",\"mass_marker_support\":\"0\",\"ugm_access\":\"0\",\"order_markers_by\":\"1\",\"order_markers_choice\":\"1\",\"show_user_location\":\"0\",\"default_to\":\"\",\"other_settings\":{\"map_type\":1,\"sl_stroke_color\":\"#000000\",\"sl_fill_color\":\"#000000\",\"sl_stroke_opacity\":\"\",\"sl_fill_opacity\":\"\",\"transport_layer\":false,\"action\":\"wpgmza_save_map\",\"redirect_to\":\"\\\/wp-admin\\\/admin-post.php\",\"map_id\":\"1\",\"http_referer\":\"\\\/wp-admin\\\/admin.php?page=wp-google-maps-menu&amp;amp;action=edit&amp;amp;map_id=1\",\"wpgmza_id\":\"1\",\"wpgmza_start_location\":\"66.07108501246088,-23.121256476918404\",\"wpgmza_start_zoom\":\"16\",\"store_locator_enabled\":false,\"store_locator_search_area\":\"radial\",\"wpgmza_store_locator_radius_style\":\"legacy\",\"wpgmza_store_locator_default_radius\":\"10\",\"store_locator_auto_area_max_zoom\":\"\",\"store_locator_distance\":false,\"wpgmza_store_locator_position\":false,\"wpgmza_store_locator_category_enabled\":false,\"wpgmza_store_locator_use_their_location\":false,\"wpgmza_store_locator_bounce\":false,\"wpgmza_sl_animation\":\"0\",\"wpgmza_store_locator_hide_before_search\":false,\"wpgmza_store_locator_query_string\":\"\",\"wpgmza_store_locator_default_address\":\"\",\"wpgmza_store_locator_name_search\":false,\"wpgmza_store_locator_name_string\":\"\",\"wpgmza_store_locator_not_found_message\":\"\",\"wpgmza_map_align\":\"1\",\"jump_to_nearest_marker_on_initialization\":false,\"automatically_pan_to_users_location\":false,\"show_distance_from_location\":false,\"map_max_zoom\":\"21\",\"map_min_zoom\":\"0\",\"click_open_link\":false,\"fit_maps_bounds_to_markers\":false,\"fit_maps_bounds_to_markers_after_filtering\":false,\"hide_point_of_interest\":false,\"wpgmza_zoom_on_marker_click\":false,\"wpgmza_zoom_on_marker_click_slider\":\"\",\"close_infowindow_on_map_click\":false,\"disable_lightbox_images\":false,\"use_Raw_Jpeg_Coordinates\":false,\"polygon_labels\":false,\"wpgmza_kml\":\"\",\"enable_marker_ratings\":false,\"only_load_markers_within_viewport\":false,\"iw_primary_color\":\"#000000\",\"iw_accent_color\":\"#000000\",\"iw_text_color\":\"#000000\",\"wpgmza_listmarkers_by\":\"0\",\"wpgmza_marker_listing_position\":false,\"datatable_no_result_message\":\"\",\"remove_search_box_datables\":false,\"dataTable_pagination_style\":\"default\",\"datatable_search_string\":\"\",\"datatable_result_start\":\"\",\"datatable_result_of\":\"\",\"datatable_result_to\":\"\",\"datatable_result_total\":\"\",\"datatable_result_show\":\"\",\"datatable_result_entries\":\"\",\"wpgmza_savemap\":\"Save Map \\u00bb\",\"store_locator_show_distance\":false,\"store_locator_category\":false,\"store_locator_query_string\":\"\",\"store_locator_default_address\":\"\",\"store_locator_name_search\":false,\"store_locator_name_string\":\"\",\"store_locator_not_found_message\":\"\",\"override_users_location_zoom_level\":false,\"override_users_location_zoom_levels\":\"\",\"disable_polygon_info_windows\":false,\"shortcodeAttributes\":{\"id\":\"1\",\"mashup\":\"true\",\"mashup_ids\":\"1\",\"parent_id\":\"1\"},\"wpgmza_dbox_width_type\":\"%\",\"default_from\":\"\",\"directions_behaviour\":\"default\",\"force_google_directions_app\":false,\"directions_route_origin_icon\":\"https:\\\/\\\/fossavatn.is\\\/wp-content\\\/plugins\\\/wp-google-maps\\\/images\\\/spotlight-poi2.png\",\"directions_origin_retina\":false,\"directions_route_destination_icon\":\"https:\\\/\\\/fossavatn.is\\\/wp-content\\\/plugins\\\/wp-google-maps\\\/images\\\/spotlight-poi2.png\",\"directions_destination_retina\":false,\"directions_route_stroke_color\":\"#4f8df5\",\"directions_route_stroke_weight\":\"4\",\"directions_route_stroke_opacity\":\"0.8\",\"directions_fit_bounds_to_route\":false,\"wpgmza_store_locator_restrict\":\"\",\"upload_default_sl_marker\":\"\",\"upload_default_sl_marker_retina\":false,\"retina\":false,\"upload_default_ul_marker\":\"\",\"upload_default_ul_marker_retina\":false,\"enable_advanced_custom_fields_integration\":false,\"enable_toolset_woocommerce_integration\":false,\"zoom_level_on_marker_listing_override\":false,\"zoom_level_on_marker_listing_click\":\"\"}}' data-map-id='1' data-shortcode-attributes='{\"id\":\"1\",\"mashup\":\"true\",\"mashup_ids\":\"1\",\"parent_id\":\"1\"}'> <\/div>\r\n            \r\n               \r\n        \n\n\n<div style=\"height:100px\" aria-hidden=\"true\" class=\"wp-block-spacer\"><\/div>\n\n\n\n<figure class=\"wp-block-image size-large\"><img loading=\"lazy\" decoding=\"async\" width=\"1024\" height=\"683\" src=\"https:\/\/fossavatn.is\/wp-content\/uploads\/2024\/04\/20240418-_17D0793-1024x683.jpg\" alt=\"\" class=\"wp-image-4304\" srcset=\"https:\/\/fossavatn.is\/wp-content\/uploads\/2024\/04\/20240418-_17D0793-1024x683.jpg 1024w, https:\/\/fossavatn.is\/wp-content\/uploads\/2024\/04\/20240418-_17D0793-300x200.jpg 300w, https:\/\/fossavatn.is\/wp-content\/uploads\/2024\/04\/20240418-_17D0793-768x512.jpg 768w, https:\/\/fossavatn.is\/wp-content\/uploads\/2024\/04\/20240418-_17D0793-1536x1024.jpg 1536w, https:\/\/fossavatn.is\/wp-content\/uploads\/2024\/04\/20240418-_17D0793-2048x1365.jpg 2048w, https:\/\/fossavatn.is\/wp-content\/uploads\/2024\/04\/20240418-_17D0793-18x12.jpg 18w, https:\/\/fossavatn.is\/wp-content\/uploads\/2024\/04\/20240418-_17D0793-1080x720.jpg 1080w, https:\/\/fossavatn.is\/wp-content\/uploads\/2024\/04\/20240418-_17D0793-1280x854.jpg 1280w, https:\/\/fossavatn.is\/wp-content\/uploads\/2024\/04\/20240418-_17D0793-980x653.jpg 980w, https:\/\/fossavatn.is\/wp-content\/uploads\/2024\/04\/20240418-_17D0793-480x320.jpg 480w, https:\/\/fossavatn.is\/wp-content\/uploads\/2024\/04\/20240418-_17D0793-600x400.jpg 600w\" sizes=\"auto, (max-width: 1024px) 100vw, 1024px\" \/><\/figure>","protected":false},"excerpt":{"rendered":"<p>Board of Directors of the Fossavatn Walk Board elected at the annual meeting on October 31, 2024 Bobbi&#039;s employee, Kristbj\u00f6rn R\u00f3bert Sigurj\u00f3nsson, is the executive director of the walk. Office and more Fossavatnsgangan does not have an actual office, but is based in the Edinburgh House during the days surrounding the race. Email: fossavatn@fossavatn.isID: 690905-0430Bank account: 0556-26-6909<\/p>","protected":false},"author":4,"featured_media":0,"parent":0,"menu_order":0,"comment_status":"closed","ping_status":"closed","template":"","meta":{"footnotes":""},"class_list":["post-3209","page","type-page","status-publish","hentry"],"_links":{"self":[{"href":"https:\/\/fossavatn.is\/en\/wp-json\/wp\/v2\/pages\/3209","targetHints":{"allow":["GET"]}}],"collection":[{"href":"https:\/\/fossavatn.is\/en\/wp-json\/wp\/v2\/pages"}],"about":[{"href":"https:\/\/fossavatn.is\/en\/wp-json\/wp\/v2\/types\/page"}],"author":[{"embeddable":true,"href":"https:\/\/fossavatn.is\/en\/wp-json\/wp\/v2\/users\/4"}],"replies":[{"embeddable":true,"href":"https:\/\/fossavatn.is\/en\/wp-json\/wp\/v2\/comments?post=3209"}],"version-history":[{"count":11,"href":"https:\/\/fossavatn.is\/en\/wp-json\/wp\/v2\/pages\/3209\/revisions"}],"predecessor-version":[{"id":4858,"href":"https:\/\/fossavatn.is\/en\/wp-json\/wp\/v2\/pages\/3209\/revisions\/4858"}],"wp:attachment":[{"href":"https:\/\/fossavatn.is\/en\/wp-json\/wp\/v2\/media?parent=3209"}],"curies":[{"name":"wp","href":"https:\/\/api.w.org\/{rel}","templated":true}]}}