{"id":4093,"date":"2023-11-04T15:06:59","date_gmt":"2023-11-04T15:06:59","guid":{"rendered":"https:\/\/fossavatn.is\/?page_id=4093"},"modified":"2023-11-04T17:35:44","modified_gmt":"2023-11-04T17:35:44","slug":"motaradir","status":"publish","type":"page","link":"https:\/\/fossavatn.is\/en\/motaradir\/","title":{"rendered":"Series of races"},"content":{"rendered":"<p>Fossavatnsgangan is part of four series, two Icelandic and two international.<\/p>\n\n\n\n<p> <\/p>\n\n\n\n<div class=\"wp-block-media-text is-stacked-on-mobile\" style=\"grid-template-columns:27% auto\"><figure class=\"wp-block-media-text__media\"><a href=\"https:\/\/worldloppet.com\/\"><img loading=\"lazy\" decoding=\"async\" width=\"1024\" height=\"425\" src=\"https:\/\/fossavatn.is\/wp-content\/uploads\/2023\/11\/Worldloppet_Logo_Plain_Red-1024x425.png\" alt=\"\" class=\"wp-image-4113 size-full\" srcset=\"https:\/\/fossavatn.is\/wp-content\/uploads\/2023\/11\/Worldloppet_Logo_Plain_Red-1024x425.png 1024w, https:\/\/fossavatn.is\/wp-content\/uploads\/2023\/11\/Worldloppet_Logo_Plain_Red-300x125.png 300w, https:\/\/fossavatn.is\/wp-content\/uploads\/2023\/11\/Worldloppet_Logo_Plain_Red-768x319.png 768w, https:\/\/fossavatn.is\/wp-content\/uploads\/2023\/11\/Worldloppet_Logo_Plain_Red-18x7.png 18w, https:\/\/fossavatn.is\/wp-content\/uploads\/2023\/11\/Worldloppet_Logo_Plain_Red-980x407.png 980w, https:\/\/fossavatn.is\/wp-content\/uploads\/2023\/11\/Worldloppet_Logo_Plain_Red-480x199.png 480w, https:\/\/fossavatn.is\/wp-content\/uploads\/2023\/11\/Worldloppet_Logo_Plain_Red-600x249.png 600w, https:\/\/fossavatn.is\/wp-content\/uploads\/2023\/11\/Worldloppet_Logo_Plain_Red.png 1040w\" sizes=\"auto, (max-width: 1024px) 100vw, 1024px\" \/><\/a><\/figure><div class=\"wp-block-media-text__content\">\n<h2 class=\"wp-block-heading\" id=\"worldloppet\">Worldloppet<\/h2>\n\n\n\n<p>Fossavatnsgangan is part of the main series of cross-country skiing competitions in the world, <a href=\"https:\/\/www.worldloppet.com\">Worldloppet<\/a>, with 18 other races, including the Vasaloppet, the Birkebeinerrennet and more races on all continents and in both the northern and southern hemispheres. <\/p>\n\n\n\n<p>Stamps can be collected to become <a href=\"https:\/\/www.worldloppet.com\/become-a-worldloppet-master\/\">Worldloppet champion<\/a>, but then you have to participate in 10 races, one of which must be outside Europe.  <\/p>\n<\/div><\/div>\n\n\n\n<div style=\"height:50px\" aria-hidden=\"true\" class=\"wp-block-spacer\"><\/div>\n\n\n\n<div class=\"wp-block-media-text has-media-on-the-right is-stacked-on-mobile\" style=\"grid-template-columns:auto 18%\"><div class=\"wp-block-media-text__content\">\n<h2 class=\"wp-block-heading\" id=\"islandsgangan\">\u00cdslandsgangan<\/h2>\n\n\n\n<p><a href=\"https:\/\/www.ski.is\/is\/motamal\/islandsgangan\">\u00cdslandsgangan<\/a> is a series of seven ski races around the country. They are <\/p>\n\n\n\n<ul class=\"wp-block-list\">\n<li>Hermannsgangan in Akureyri<\/li>\n\n\n\n<li>Fjar\u00f0argangan on \u00d3lafsfj\u00f6r\u00f0ur<\/li>\n\n\n\n<li>Strandagangan in Sel\u00e1rdalur near H\u00f3lmav\u00edk<a rel=\"noreferrer noopener\" href=\"https:\/\/www.facebook.com\/events\/880306945506959\/\" target=\"_blank\"><\/a><\/li>\n\n\n\n<li>The Blue Mountain Walk in Reykjav\u00edk<\/li>\n\n\n\n<li>Orkugangan in H\u00fasav\u00edk<a rel=\"noreferrer noopener\" href=\"http:\/\/www.orkugangan.is\/\" target=\"_blank\"><\/a><\/li>\n\n\n\n<li>Fossavatnsgangan on \u00cdsafj\u00f6r\u00f0ur<a rel=\"noreferrer noopener\" href=\"http:\/\/www.fossavatn.com\/is\" target=\"_blank\"><\/a><\/li>\n\n\n\n<li>The mountain walk in Stafdal between Sey\u00f0isfj\u00f6r\u00f0ur and Egilssta\u00f0ir<\/li>\n<\/ul>\n\n\n\n<p>There is competition in both individual and team ranking competitions (see ranking system in <a href=\"https:\/\/www.ski.is\/is\/um-ski\/reglugerdir\">regulation of the race series<\/a>), <\/p>\n<\/div><figure class=\"wp-block-media-text__media\"><a href=\"https:\/\/www.ski.is\/is\/motamal\/islandsgangan\"><img loading=\"lazy\" decoding=\"async\" width=\"159\" height=\"172\" src=\"https:\/\/fossavatn.is\/wp-content\/uploads\/2023\/11\/skidasamband-logo.png\" alt=\"\" class=\"wp-image-4094 size-full\" srcset=\"https:\/\/fossavatn.is\/wp-content\/uploads\/2023\/11\/skidasamband-logo.png 159w, https:\/\/fossavatn.is\/wp-content\/uploads\/2023\/11\/skidasamband-logo-11x12.png 11w\" sizes=\"auto, (max-width: 159px) 100vw, 159px\" \/><\/a><\/figure><\/div>\n\n\n\n<div style=\"height:50px\" aria-hidden=\"true\" class=\"wp-block-spacer\"><\/div>\n\n\n\n<div class=\"wp-block-media-text is-stacked-on-mobile\" style=\"grid-template-columns:27% auto\"><figure class=\"wp-block-media-text__media\"><a href=\"http:\/\/landvaettur.is\/\"><img loading=\"lazy\" decoding=\"async\" width=\"300\" height=\"240\" src=\"https:\/\/fossavatn.is\/wp-content\/uploads\/2022\/04\/l_image5437f788330b0.jpg\" alt=\"\" class=\"wp-image-3518 size-full\"\/><\/a><\/figure><div class=\"wp-block-media-text__content\">\n<h2 class=\"wp-block-heading\" id=\"landvaettur\">Landv\u00e6ttur<\/h2>\n\n\n\n<p><a href=\"http:\/\/landvaettur.is\/\">Landv\u00e6ttur<\/a> is a series of four competitions in as many disciplines. <\/p>\n\n\n\n<ul class=\"wp-block-list\">\n<li>The western part is Fossavatnsgangan, 50 km. <\/li>\n\n\n\n<li>The northern part is a choice between two races, the J\u00f6kuls\u00e1r race or the \u00deorvaldsdalsskokk. <\/li>\n\n\n\n<li>The eastern part is Urri\u00f0avatnsund, 2.5 km long.<\/li>\n\n\n\n<li>The southern part is the Blue Lagoon Challenge, 60 km of cycling from Hafnarfj\u00f6r\u00f0ur.<\/li>\n<\/ul>\n\n\n\n<p>In order to be considered Landv\u00e6ttur, all the races must be completed within 12 months, so it doesn't matter which race is started. There are also other versions, such as Langv\u00e6ttur (races completed in 48 months) and Ungv\u00e6ttur. \n\nFor historical context, see https:\/\/en.wikipedia.org\/wiki\/Landv\u00e6ttir<\/p>\n\n\n\n<p><\/p>\n<\/div><\/div>\n\n\n\n<div style=\"height:50px\" aria-hidden=\"true\" class=\"wp-block-spacer\"><\/div>\n\n\n\n<div class=\"wp-block-media-text has-media-on-the-right is-stacked-on-mobile\" style=\"grid-template-columns:auto 27%\"><div class=\"wp-block-media-text__content\">\n<h2 class=\"wp-block-heading\" id=\"skiclassics\">Ski Classics<\/h2>\n\n\n\n<p><a href=\"https:\/\/skiclassics.com\/\">Ski Classics<\/a> is a series of 60 ski races around the world. The biggest ones are part of the professional team series, while others are the so-called Ski Classics Challengers, including Fossavatnsgangan. Since Fossavatnsgangan is late in the Northern Hemisphere ski year, each run counts as the first run of a new season. <\/p>\n\n\n\n<p><\/p>\n\n\n\n<p><\/p>\n\n\n\n<p><\/p>\n<\/div><figure class=\"wp-block-media-text__media\"><a href=\"https:\/\/www.skiclassics.com\"><img loading=\"lazy\" decoding=\"async\" width=\"654\" height=\"422\" src=\"https:\/\/fossavatn.is\/wp-content\/uploads\/2023\/11\/logo_sm.png\" alt=\"\" class=\"wp-image-4096 size-full\" srcset=\"https:\/\/fossavatn.is\/wp-content\/uploads\/2023\/11\/logo_sm.png 654w, https:\/\/fossavatn.is\/wp-content\/uploads\/2023\/11\/logo_sm-300x194.png 300w, https:\/\/fossavatn.is\/wp-content\/uploads\/2023\/11\/logo_sm-18x12.png 18w, https:\/\/fossavatn.is\/wp-content\/uploads\/2023\/11\/logo_sm-480x310.png 480w, https:\/\/fossavatn.is\/wp-content\/uploads\/2023\/11\/logo_sm-600x387.png 600w\" sizes=\"auto, (max-width: 654px) 100vw, 654px\" \/><\/a><\/figure><\/div>\n\n\n\n<div style=\"height:50px\" aria-hidden=\"true\" class=\"wp-block-spacer\"><\/div>\n\n\n\n<h2 class=\"wp-block-heading\">Other good friends<\/h2>\n\n\n\n<div class=\"wp-block-columns is-layout-flex wp-container-core-columns-is-layout-28f84493 wp-block-columns-is-layout-flex\">\n<div class=\"wp-block-column is-layout-flow wp-block-column-is-layout-flow\">\n<figure class=\"wp-block-image size-full\"><a href=\"https:\/\/hlaupahatid.is\/\"><img loading=\"lazy\" decoding=\"async\" width=\"350\" height=\"100\" src=\"https:\/\/fossavatn.is\/wp-content\/uploads\/2023\/11\/hlaupahatid-e1699109871140.png\" alt=\"\" class=\"wp-image-4098\" srcset=\"https:\/\/fossavatn.is\/wp-content\/uploads\/2023\/11\/hlaupahatid-e1699109871140.png 350w, https:\/\/fossavatn.is\/wp-content\/uploads\/2023\/11\/hlaupahatid-e1699109871140-300x86.png 300w, https:\/\/fossavatn.is\/wp-content\/uploads\/2023\/11\/hlaupahatid-e1699109871140-18x5.png 18w\" sizes=\"auto, (max-width: 350px) 100vw, 350px\" \/><\/a><\/figure>\n\n\n\n<p><a href=\"https:\/\/hlaupahatid.is\/\">Running festival in the Westfjords<\/a> is a four-day outdoor party held in mid-July. Among the events are the \u00d3shl\u00ed\u00f0ar race, sea swimming and the Vesturgatu competitions in running and cycling in the Westfjords Alps. <\/p>\n<\/div>\n\n\n\n<div class=\"wp-block-column is-layout-flow wp-block-column-is-layout-flow\">\n<figure class=\"wp-block-image size-full is-resized\"><a href=\"https:\/\/cyclingwestfjords.com\/wfwc\/\"><img loading=\"lazy\" decoding=\"async\" width=\"957\" height=\"305\" src=\"https:\/\/fossavatn.is\/wp-content\/uploads\/2023\/11\/863b5db1-6093-4ba6-bfcf-1d767f301856.png\" alt=\"\" class=\"wp-image-4100\" style=\"aspect-ratio:3.137704918032787;width:317px;height:auto\" srcset=\"https:\/\/fossavatn.is\/wp-content\/uploads\/2023\/11\/863b5db1-6093-4ba6-bfcf-1d767f301856.png 957w, https:\/\/fossavatn.is\/wp-content\/uploads\/2023\/11\/863b5db1-6093-4ba6-bfcf-1d767f301856-300x96.png 300w, https:\/\/fossavatn.is\/wp-content\/uploads\/2023\/11\/863b5db1-6093-4ba6-bfcf-1d767f301856-768x245.png 768w, https:\/\/fossavatn.is\/wp-content\/uploads\/2023\/11\/863b5db1-6093-4ba6-bfcf-1d767f301856-18x6.png 18w, https:\/\/fossavatn.is\/wp-content\/uploads\/2023\/11\/863b5db1-6093-4ba6-bfcf-1d767f301856-480x153.png 480w, https:\/\/fossavatn.is\/wp-content\/uploads\/2023\/11\/863b5db1-6093-4ba6-bfcf-1d767f301856-600x191.png 600w\" sizes=\"auto, (max-width: 957px) 100vw, 957px\" \/><\/a><\/figure>\n\n\n\n<p>The cycling race <a href=\"https:\/\/cyclingwestfjords.com\/wfwc\/\">Westfjords Way Challenge<\/a> is a five-day cycling race around Vestfj\u00f6r\u00f0ur. You can also take part in the last day&#039;s route, from Patreksfj\u00f6r\u00f0ur all the way to \u00cdsafj\u00f6r\u00f0ur. <\/p>\n<\/div>\n<\/div>\n\n\n\n<div style=\"height:100px\" aria-hidden=\"true\" class=\"wp-block-spacer\"><\/div>\n\n\n\n<p><\/p>\n\n\n\n<p><\/p>","protected":false},"excerpt":{"rendered":"<p>Fossavatnsgangan er hluti af fj\u00f3rum m\u00f3tar\u00f6\u00f0um, tveimur \u00edslenskum og tveimur al\u00fej\u00f3\u00f0legum. Worldloppet Fossavatnsgangan er hluti af a\u00f0alm\u00f3tar\u00f6\u00f0 sk\u00ed\u00f0ag\u00f6ngukeppna \u00ed heiminum, Worldloppet, me\u00f0 18 \u00f6\u00f0rum g\u00f6ngum, \u00fear \u00e1 me\u00f0al Vasag\u00f6ngunni, Birkebeinerrennet og fleiri g\u00f6ngum \u00ed \u00f6llum heims\u00e1lfum og b\u00e6\u00f0i \u00e1 nor\u00f0ur- og su\u00f0urhveli jar\u00f0ar. H\u00e6gt er a\u00f0 safna stimplum til a\u00f0 ver\u00f0a Worldloppet-meistari, en \u00fe\u00e1 \u00fearf [&hellip;]<\/p>\n","protected":false},"author":4,"featured_media":0,"parent":0,"menu_order":0,"comment_status":"closed","ping_status":"closed","template":"","meta":{"footnotes":""},"class_list":["post-4093","page","type-page","status-publish","hentry"],"_links":{"self":[{"href":"https:\/\/fossavatn.is\/en\/wp-json\/wp\/v2\/pages\/4093","targetHints":{"allow":["GET"]}}],"collection":[{"href":"https:\/\/fossavatn.is\/en\/wp-json\/wp\/v2\/pages"}],"about":[{"href":"https:\/\/fossavatn.is\/en\/wp-json\/wp\/v2\/types\/page"}],"author":[{"embeddable":true,"href":"https:\/\/fossavatn.is\/en\/wp-json\/wp\/v2\/users\/4"}],"replies":[{"embeddable":true,"href":"https:\/\/fossavatn.is\/en\/wp-json\/wp\/v2\/comments?post=4093"}],"version-history":[{"count":10,"href":"https:\/\/fossavatn.is\/en\/wp-json\/wp\/v2\/pages\/4093\/revisions"}],"predecessor-version":[{"id":4116,"href":"https:\/\/fossavatn.is\/en\/wp-json\/wp\/v2\/pages\/4093\/revisions\/4116"}],"wp:attachment":[{"href":"https:\/\/fossavatn.is\/en\/wp-json\/wp\/v2\/media?parent=4093"}],"curies":[{"name":"wp","href":"https:\/\/api.w.org\/{rel}","templated":true}]}}