{"id":4900,"date":"2025-09-08T16:45:13","date_gmt":"2025-09-08T16:45:13","guid":{"rendered":"https:\/\/fossavatn.is\/?page_id=4900"},"modified":"2025-11-25T11:09:08","modified_gmt":"2025-11-25T11:09:08","slug":"fossathrek","status":"publish","type":"page","link":"https:\/\/fossavatn.is\/en\/fossathrek\/","title":{"rendered":"Fossavatn SkiFit"},"content":{"rendered":"<p>In the fall of 2025 we started with <strong>Fossavatn SkiFit<\/strong>, exercises to get into cross-country ski season in a downhill position.<\/p>\n\n\n\n<p>To begin with, Fossa\u00ferek is weekly group classes in <a href=\"https:\/\/stodinheilsuraekt.is\/\">St\u00f6\u00f0in health club in \u00cdsafj\u00f6r\u00f0ur<\/a>. <\/p>\n\n\n\n<p>Below are the group class workout schedules, which are free for everyone to use. <\/p>\n\n\n\n<h3 class=\"wp-block-heading\">Weekly classes in \u00cdsafj\u00f6r\u00f0ur<\/h3>\n\n\n\n<p>Weekly workouts are every Sunday morning starting September 7th. To join, you must purchase access to the Center, either by purchasing a single session or a subscription card that includes group sessions. Waterfall workouts are posted on Abler a few days in advance and must be registered in advance\u2014first come, first served. <\/p>\n\n\n\n<p>We really want to mix people who are more advanced with those who are just starting out. There is a trainer in the classes who advises on adapting the exercises to each person&#039;s ability. <\/p>\n\n\n\n<p>The plans are designed as a weekly workout against other exercises that people may do, such as running, push-up exercises, strength training, cycling, swimming, CrossFit or roller skiing. <\/p>\n\n\n\n<p>Waterfall resistance training is primarily intended to strengthen what other exercises neglect when it comes to cross-country skiing. These are the abs and back, shoulders, lats, and core muscles.<\/p>\n\n\n\n<p>The station will have three push-ups to start with, so we can have 9\u201312 of us at any given time. <\/p>\n\n\n\n<p>The training will be held until there is enough snow to pave the slopes. If the snow then returns, or a storm closes the ski area, we will pick up the thread again. <\/p>\n\n\n\n<p>Coaches are Gylfi \u00d3lafsson, L\u00edsbet Har\u00f0ar \u00d3lafard\u00f3ttir and then substitutes as needed.<\/p>\n\n\n\n<figure class=\"wp-block-image aligncenter size-full is-resized\"><img loading=\"lazy\" decoding=\"async\" width=\"945\" height=\"945\" src=\"https:\/\/fossavatn.is\/wp-content\/uploads\/2025\/11\/Fossathrek2.png\" alt=\"\" class=\"wp-image-4921\" style=\"width:712px;height:auto\" srcset=\"https:\/\/fossavatn.is\/wp-content\/uploads\/2025\/11\/Fossathrek2.png 945w, https:\/\/fossavatn.is\/wp-content\/uploads\/2025\/11\/Fossathrek2-300x300.png 300w, https:\/\/fossavatn.is\/wp-content\/uploads\/2025\/11\/Fossathrek2-150x150.png 150w, https:\/\/fossavatn.is\/wp-content\/uploads\/2025\/11\/Fossathrek2-768x768.png 768w, https:\/\/fossavatn.is\/wp-content\/uploads\/2025\/11\/Fossathrek2-12x12.png 12w, https:\/\/fossavatn.is\/wp-content\/uploads\/2025\/11\/Fossathrek2-600x600.png 600w, https:\/\/fossavatn.is\/wp-content\/uploads\/2025\/11\/Fossathrek2-100x100.png 100w, https:\/\/fossavatn.is\/wp-content\/uploads\/2025\/11\/Fossathrek2-50x50.png 50w\" sizes=\"auto, (max-width: 945px) 100vw, 945px\" \/><\/figure>\n\n\n\n<h3 class=\"wp-block-heading\">The exercises<\/h3>\n\n\n\n<p>The programs are somewhat inspired by the Crossfit philosophy in terms of setup and vocabulary. <\/p>\n\n\n\n<p>All times are around 50 minutes, one minute for each kilometer of the Fossavatnsgangan. <\/p>\n\n\n\n<p>The exercises start with a warm-up and then move on to one or two main exercises. <\/p>\n\n\n\n<p>At the end there is an endurance race<em>\u2014Mi\u00f0fellsh\u00e1ls\u2014<\/em>where one has to compete with oneself and others. Mi\u00f0fellsh\u00e1ls refers to the last uphill section of the 50 and 25 k races, a real test of endurance and grit.<\/p>\n\n\n\n<p>It is recommended that all participants do two or three 5 km ski runs during the training period. This exercise is very suitable as a measurement of skiing form, see for example in detail <a href=\"https:\/\/erikwickstrom.se\/2016\/12\/30\/snittwatt-per-kg-kroppsvikt-pa-5000-m-skierg-vs-vasaloppsplacering\/\">Eric Wickstr\u00f6m&#039;s post<\/a> which includes a predictive model of your progress in the Wasaloppet based on your time in this exercise. The exercise takes about 19\u201325 minutes and therefore combines strength and endurance. <\/p>\n\n\n\n<h2 class=\"wp-block-heading\">Exercise plans<\/h2>\n\n\n\n<p>In the fall of 2025, we have rolled out the training plans and they are now accessible to everyone. We usually work with a certain base that is adjusted on site to the capacity and size of the group that attends each time. Everyone is free to use this as they see fit. If this is useful to you, please let Gylfi and L\u00edsbet know, because they will be happy to receive thanks. <\/p>\n\n\n\n<p><\/p>\n\n\n\n<figure class=\"wp-block-image size-large\"><a href=\"https:\/\/docs.google.com\/spreadsheets\/d\/1UXTahK0NQNKb_SMCvnHoxw7RzUjUlCqXQF0k37xPyfs\/edit?usp=sharing\"><img loading=\"lazy\" decoding=\"async\" width=\"1024\" height=\"350\" src=\"https:\/\/fossavatn.is\/wp-content\/uploads\/2025\/11\/image-1024x350.png\" alt=\"\" class=\"wp-image-4931\" srcset=\"https:\/\/fossavatn.is\/wp-content\/uploads\/2025\/11\/image-1024x350.png 1024w, https:\/\/fossavatn.is\/wp-content\/uploads\/2025\/11\/image-300x102.png 300w, https:\/\/fossavatn.is\/wp-content\/uploads\/2025\/11\/image-768x262.png 768w, https:\/\/fossavatn.is\/wp-content\/uploads\/2025\/11\/image-1536x524.png 1536w, https:\/\/fossavatn.is\/wp-content\/uploads\/2025\/11\/image-18x6.png 18w, https:\/\/fossavatn.is\/wp-content\/uploads\/2025\/11\/image-600x205.png 600w, https:\/\/fossavatn.is\/wp-content\/uploads\/2025\/11\/image.png 1734w\" sizes=\"auto, (max-width: 1024px) 100vw, 1024px\" \/><\/a><\/figure>\n\n\n\n<p><a href=\"https:\/\/docs.google.com\/spreadsheets\/d\/1UXTahK0NQNKb_SMCvnHoxw7RzUjUlCqXQF0k37xPyfs\/edit?usp=sharing\">Here you can open a Google Sheets document with several workout plans. <\/a><\/p>\n\n\n\n<p>The plans as they come from us assume that they are done in a gym, but we try to be rather economical in the use of equipment and gadgets. There is no direct requirement that a group be together for this, but it is now more fun. Exercises are chosen so that they are mostly scalable (to meet the abilities of each person) but it is pointed out that artificial intelligence solutions can be very good at giving good advice on weight loss. It is assumed that there are three participants on each push-up machine. In many exercises there can be up to six on each machine, in others it is possible to have traditional rowing machines or exercise bikes in addition. \u00a0<\/p>\n\n\n\n<p>Among the laws we use are: <em>Bring Sally Up<\/em>, which tells you to go up or down. The song is very good for deadlifts and planks. <\/p>\n\n\n\n<figure class=\"wp-block-embed is-type-rich is-provider-spotify wp-block-embed-spotify wp-embed-aspect-21-9 wp-has-aspect-ratio\"><div class=\"wp-block-embed__wrapper\">\n<iframe title=\"Spotify Embed: Bring Sally Up - Workout\" style=\"border-radius: 12px\" width=\"100%\" height=\"152\" frameborder=\"0\" allowfullscreen allow=\"autoplay; clipboard-write; encrypted-media; fullscreen; picture-in-picture\" loading=\"lazy\" src=\"https:\/\/open.spotify.com\/embed\/track\/2XfM8kwErKobWTBhT11LtF?si=41a45c967be74c54&amp;utm_source=oembed\"><\/iframe>\n<\/div><\/figure>\n\n\n\n<p>Below are the workout plans as they ended up being for each workout:<\/p>\n\n\n\n<figure class=\"wp-block-gallery has-nested-images columns-2 is-cropped wp-block-gallery-2 is-layout-flex wp-block-gallery-is-layout-flex\">\n<figure class=\"wp-block-image size-large\"><img loading=\"lazy\" decoding=\"async\" width=\"1024\" height=\"771\" data-id=\"4923\" src=\"https:\/\/fossavatn.is\/wp-content\/uploads\/2025\/11\/PXL_20250907_095404809-1024x771.jpg\" alt=\"\" class=\"wp-image-4923\" srcset=\"https:\/\/fossavatn.is\/wp-content\/uploads\/2025\/11\/PXL_20250907_095404809-1024x771.jpg 1024w, https:\/\/fossavatn.is\/wp-content\/uploads\/2025\/11\/PXL_20250907_095404809-300x226.jpg 300w, https:\/\/fossavatn.is\/wp-content\/uploads\/2025\/11\/PXL_20250907_095404809-768x578.jpg 768w, https:\/\/fossavatn.is\/wp-content\/uploads\/2025\/11\/PXL_20250907_095404809-1536x1157.jpg 1536w, https:\/\/fossavatn.is\/wp-content\/uploads\/2025\/11\/PXL_20250907_095404809-2048x1542.jpg 2048w, https:\/\/fossavatn.is\/wp-content\/uploads\/2025\/11\/PXL_20250907_095404809-16x12.jpg 16w, https:\/\/fossavatn.is\/wp-content\/uploads\/2025\/11\/PXL_20250907_095404809-600x452.jpg 600w\" sizes=\"auto, (max-width: 1024px) 100vw, 1024px\" \/><\/figure>\n\n\n\n<figure class=\"wp-block-image size-large\"><img loading=\"lazy\" decoding=\"async\" width=\"1024\" height=\"771\" data-id=\"4926\" src=\"https:\/\/fossavatn.is\/wp-content\/uploads\/2025\/11\/PXL_20250914_095706355.MP_-1024x771.jpg\" alt=\"\" class=\"wp-image-4926\" srcset=\"https:\/\/fossavatn.is\/wp-content\/uploads\/2025\/11\/PXL_20250914_095706355.MP_-1024x771.jpg 1024w, https:\/\/fossavatn.is\/wp-content\/uploads\/2025\/11\/PXL_20250914_095706355.MP_-300x226.jpg 300w, https:\/\/fossavatn.is\/wp-content\/uploads\/2025\/11\/PXL_20250914_095706355.MP_-768x578.jpg 768w, https:\/\/fossavatn.is\/wp-content\/uploads\/2025\/11\/PXL_20250914_095706355.MP_-1536x1157.jpg 1536w, https:\/\/fossavatn.is\/wp-content\/uploads\/2025\/11\/PXL_20250914_095706355.MP_-2048x1542.jpg 2048w, https:\/\/fossavatn.is\/wp-content\/uploads\/2025\/11\/PXL_20250914_095706355.MP_-16x12.jpg 16w, https:\/\/fossavatn.is\/wp-content\/uploads\/2025\/11\/PXL_20250914_095706355.MP_-600x452.jpg 600w\" sizes=\"auto, (max-width: 1024px) 100vw, 1024px\" \/><\/figure>\n\n\n\n<figure class=\"wp-block-image size-large\"><img loading=\"lazy\" decoding=\"async\" width=\"1024\" height=\"771\" data-id=\"4927\" src=\"https:\/\/fossavatn.is\/wp-content\/uploads\/2025\/11\/PXL_20251005_095859247-1024x771.jpg\" alt=\"\" class=\"wp-image-4927\" srcset=\"https:\/\/fossavatn.is\/wp-content\/uploads\/2025\/11\/PXL_20251005_095859247-1024x771.jpg 1024w, https:\/\/fossavatn.is\/wp-content\/uploads\/2025\/11\/PXL_20251005_095859247-300x226.jpg 300w, https:\/\/fossavatn.is\/wp-content\/uploads\/2025\/11\/PXL_20251005_095859247-768x578.jpg 768w, https:\/\/fossavatn.is\/wp-content\/uploads\/2025\/11\/PXL_20251005_095859247-1536x1157.jpg 1536w, https:\/\/fossavatn.is\/wp-content\/uploads\/2025\/11\/PXL_20251005_095859247-2048x1542.jpg 2048w, https:\/\/fossavatn.is\/wp-content\/uploads\/2025\/11\/PXL_20251005_095859247-16x12.jpg 16w, https:\/\/fossavatn.is\/wp-content\/uploads\/2025\/11\/PXL_20251005_095859247-600x452.jpg 600w\" sizes=\"auto, (max-width: 1024px) 100vw, 1024px\" \/><\/figure>\n\n\n\n<figure class=\"wp-block-image size-large\"><img loading=\"lazy\" decoding=\"async\" width=\"1024\" height=\"771\" data-id=\"4924\" src=\"https:\/\/fossavatn.is\/wp-content\/uploads\/2025\/11\/PXL_20251012_095929925-1024x771.jpg\" alt=\"\" class=\"wp-image-4924\" srcset=\"https:\/\/fossavatn.is\/wp-content\/uploads\/2025\/11\/PXL_20251012_095929925-1024x771.jpg 1024w, https:\/\/fossavatn.is\/wp-content\/uploads\/2025\/11\/PXL_20251012_095929925-300x226.jpg 300w, https:\/\/fossavatn.is\/wp-content\/uploads\/2025\/11\/PXL_20251012_095929925-768x578.jpg 768w, https:\/\/fossavatn.is\/wp-content\/uploads\/2025\/11\/PXL_20251012_095929925-1536x1157.jpg 1536w, https:\/\/fossavatn.is\/wp-content\/uploads\/2025\/11\/PXL_20251012_095929925-2048x1542.jpg 2048w, https:\/\/fossavatn.is\/wp-content\/uploads\/2025\/11\/PXL_20251012_095929925-16x12.jpg 16w, https:\/\/fossavatn.is\/wp-content\/uploads\/2025\/11\/PXL_20251012_095929925-600x452.jpg 600w\" sizes=\"auto, (max-width: 1024px) 100vw, 1024px\" \/><\/figure>\n\n\n\n<figure class=\"wp-block-image size-large\"><img loading=\"lazy\" decoding=\"async\" width=\"1024\" height=\"771\" data-id=\"4928\" src=\"https:\/\/fossavatn.is\/wp-content\/uploads\/2025\/11\/PXL_20251026_095011193.MP_-1024x771.jpg\" alt=\"\" class=\"wp-image-4928\" srcset=\"https:\/\/fossavatn.is\/wp-content\/uploads\/2025\/11\/PXL_20251026_095011193.MP_-1024x771.jpg 1024w, https:\/\/fossavatn.is\/wp-content\/uploads\/2025\/11\/PXL_20251026_095011193.MP_-300x226.jpg 300w, https:\/\/fossavatn.is\/wp-content\/uploads\/2025\/11\/PXL_20251026_095011193.MP_-768x578.jpg 768w, https:\/\/fossavatn.is\/wp-content\/uploads\/2025\/11\/PXL_20251026_095011193.MP_-1536x1157.jpg 1536w, https:\/\/fossavatn.is\/wp-content\/uploads\/2025\/11\/PXL_20251026_095011193.MP_-2048x1542.jpg 2048w, https:\/\/fossavatn.is\/wp-content\/uploads\/2025\/11\/PXL_20251026_095011193.MP_-16x12.jpg 16w, https:\/\/fossavatn.is\/wp-content\/uploads\/2025\/11\/PXL_20251026_095011193.MP_-600x452.jpg 600w\" sizes=\"auto, (max-width: 1024px) 100vw, 1024px\" \/><\/figure>\n\n\n\n<figure class=\"wp-block-image size-large\"><img loading=\"lazy\" decoding=\"async\" width=\"1024\" height=\"771\" data-id=\"4930\" src=\"https:\/\/fossavatn.is\/wp-content\/uploads\/2025\/11\/PXL_20251109_094814268.MP_-1024x771.jpg\" alt=\"\" class=\"wp-image-4930\" srcset=\"https:\/\/fossavatn.is\/wp-content\/uploads\/2025\/11\/PXL_20251109_094814268.MP_-1024x771.jpg 1024w, https:\/\/fossavatn.is\/wp-content\/uploads\/2025\/11\/PXL_20251109_094814268.MP_-300x226.jpg 300w, https:\/\/fossavatn.is\/wp-content\/uploads\/2025\/11\/PXL_20251109_094814268.MP_-768x578.jpg 768w, https:\/\/fossavatn.is\/wp-content\/uploads\/2025\/11\/PXL_20251109_094814268.MP_-1536x1157.jpg 1536w, https:\/\/fossavatn.is\/wp-content\/uploads\/2025\/11\/PXL_20251109_094814268.MP_-2048x1542.jpg 2048w, https:\/\/fossavatn.is\/wp-content\/uploads\/2025\/11\/PXL_20251109_094814268.MP_-16x12.jpg 16w, https:\/\/fossavatn.is\/wp-content\/uploads\/2025\/11\/PXL_20251109_094814268.MP_-600x452.jpg 600w\" sizes=\"auto, (max-width: 1024px) 100vw, 1024px\" \/><\/figure>\n\n\n\n<figure class=\"wp-block-image size-large\"><img loading=\"lazy\" decoding=\"async\" width=\"1024\" height=\"771\" data-id=\"4929\" src=\"https:\/\/fossavatn.is\/wp-content\/uploads\/2025\/11\/PXL_20251116_095219110-1024x771.jpg\" alt=\"\" class=\"wp-image-4929\" srcset=\"https:\/\/fossavatn.is\/wp-content\/uploads\/2025\/11\/PXL_20251116_095219110-1024x771.jpg 1024w, https:\/\/fossavatn.is\/wp-content\/uploads\/2025\/11\/PXL_20251116_095219110-300x226.jpg 300w, https:\/\/fossavatn.is\/wp-content\/uploads\/2025\/11\/PXL_20251116_095219110-768x578.jpg 768w, https:\/\/fossavatn.is\/wp-content\/uploads\/2025\/11\/PXL_20251116_095219110-1536x1157.jpg 1536w, https:\/\/fossavatn.is\/wp-content\/uploads\/2025\/11\/PXL_20251116_095219110-2048x1542.jpg 2048w, https:\/\/fossavatn.is\/wp-content\/uploads\/2025\/11\/PXL_20251116_095219110-16x12.jpg 16w, https:\/\/fossavatn.is\/wp-content\/uploads\/2025\/11\/PXL_20251116_095219110-600x452.jpg 600w\" sizes=\"auto, (max-width: 1024px) 100vw, 1024px\" \/><\/figure>\n\n\n\n<figure class=\"wp-block-image size-large\"><img loading=\"lazy\" decoding=\"async\" width=\"1024\" height=\"771\" data-id=\"4925\" src=\"https:\/\/fossavatn.is\/wp-content\/uploads\/2025\/11\/PXL_20251123_100627607-1024x771.jpg\" alt=\"\" class=\"wp-image-4925\" srcset=\"https:\/\/fossavatn.is\/wp-content\/uploads\/2025\/11\/PXL_20251123_100627607-1024x771.jpg 1024w, https:\/\/fossavatn.is\/wp-content\/uploads\/2025\/11\/PXL_20251123_100627607-300x226.jpg 300w, https:\/\/fossavatn.is\/wp-content\/uploads\/2025\/11\/PXL_20251123_100627607-768x578.jpg 768w, https:\/\/fossavatn.is\/wp-content\/uploads\/2025\/11\/PXL_20251123_100627607-1536x1157.jpg 1536w, https:\/\/fossavatn.is\/wp-content\/uploads\/2025\/11\/PXL_20251123_100627607-2048x1542.jpg 2048w, https:\/\/fossavatn.is\/wp-content\/uploads\/2025\/11\/PXL_20251123_100627607-16x12.jpg 16w, https:\/\/fossavatn.is\/wp-content\/uploads\/2025\/11\/PXL_20251123_100627607-600x452.jpg 600w\" sizes=\"auto, (max-width: 1024px) 100vw, 1024px\" \/><\/figure>\n<\/figure>\n\n\n\n<h2 class=\"wp-block-heading\">How to use a SkiErg press machine and strengthen your press muscles<\/h2>\n\n\n\n<div class=\"wp-block-columns is-layout-flex wp-container-core-columns-is-layout-28f84493 wp-block-columns-is-layout-flex\">\n<div class=\"wp-block-column is-layout-flow wp-block-column-is-layout-flow\" style=\"flex-basis:66.66%\">\n<p>Here you can see skiing hero Anders Aukland demonstrating the correct grip on the SkiErg. These machines are great and are the single best way to train pushing strength in muscles that outdoor running and other exercise often neglect. <\/p>\n\n\n\n<p>Here you can see skiing hero Anders Aukland demonstrating the correct grip on the SkiErg. These machines are great and are the single best way to train pushing strength in muscles that outdoor running and other exercise often neglect. <\/p>\n\n\n\n<p>Skierg <a href=\"https:\/\/www.facebook.com\/reel\/1925977071309742\">video 1<\/a>, <a href=\"https:\/\/www.facebook.com\/reel\/831540889810353\">video 2<\/a> and <a href=\"https:\/\/www.facebook.com\/reel\/687564701061520\">video 3<\/a>. <\/p>\n\n\n\n<p><a href=\"https:\/\/www.facebook.com\/reel\/1143270441281324\">Video showing strength exercises<\/a> for push-up muscles (suitable for individual training in the equipment room)<\/p>\n\n\n\n<p><\/p>\n<\/div>\n\n\n\n<div class=\"wp-block-column is-layout-flow wp-block-column-is-layout-flow\" style=\"flex-basis:33.33%\">\n<figure class=\"wp-block-image size-full\"><img loading=\"lazy\" decoding=\"async\" width=\"675\" height=\"893\" src=\"https:\/\/fossavatn.is\/wp-content\/uploads\/2025\/11\/image-1.png\" alt=\"\" class=\"wp-image-4932\" srcset=\"https:\/\/fossavatn.is\/wp-content\/uploads\/2025\/11\/image-1.png 675w, https:\/\/fossavatn.is\/wp-content\/uploads\/2025\/11\/image-1-227x300.png 227w, https:\/\/fossavatn.is\/wp-content\/uploads\/2025\/11\/image-1-9x12.png 9w, https:\/\/fossavatn.is\/wp-content\/uploads\/2025\/11\/image-1-600x794.png 600w\" sizes=\"auto, (max-width: 675px) 100vw, 675px\" \/><\/figure>\n<\/div>\n<\/div>\n\n\n\n<p><\/p>\n\n\n\n<p><\/p>\n\n\n\n<p><\/p>\n\n\n\n<p><\/p>","protected":false},"excerpt":{"rendered":"<p>Hausti\u00f0 2025 byrju\u00f0um vi\u00f0 me\u00f0 Fossa\u00ferek, \u00e6fingar til a\u00f0 koma \u00ed brunst\u00f6\u00f0u inn \u00ed sk\u00ed\u00f0ag\u00f6ngut\u00edmabili\u00f0. Til a\u00f0 byrja me\u00f0 er Fossa\u00ferek vikulegir h\u00f3pat\u00edmar \u00ed St\u00f6\u00f0inni heilsur\u00e6kt \u00e1 \u00cdsafir\u00f0i. H\u00e9r fyrir ne\u00f0an eru \u00e6finga\u00e1\u00e6tlanir h\u00f3pat\u00edmanna birtar sem \u00f6llum er frj\u00e1lst a\u00f0 nota. Vikulegir t\u00edmar \u00e1 \u00cdsafir\u00f0i Vikulegar \u00e6fingar eru alla sunnudagsmorgna fr\u00e1 7. september. Til a\u00f0 [&hellip;]<\/p>\n","protected":false},"author":4,"featured_media":4901,"parent":0,"menu_order":0,"comment_status":"closed","ping_status":"closed","template":"","meta":{"footnotes":""},"class_list":["post-4900","page","type-page","status-publish","has-post-thumbnail","hentry"],"_links":{"self":[{"href":"https:\/\/fossavatn.is\/en\/wp-json\/wp\/v2\/pages\/4900","targetHints":{"allow":["GET"]}}],"collection":[{"href":"https:\/\/fossavatn.is\/en\/wp-json\/wp\/v2\/pages"}],"about":[{"href":"https:\/\/fossavatn.is\/en\/wp-json\/wp\/v2\/types\/page"}],"author":[{"embeddable":true,"href":"https:\/\/fossavatn.is\/en\/wp-json\/wp\/v2\/users\/4"}],"replies":[{"embeddable":true,"href":"https:\/\/fossavatn.is\/en\/wp-json\/wp\/v2\/comments?post=4900"}],"version-history":[{"count":4,"href":"https:\/\/fossavatn.is\/en\/wp-json\/wp\/v2\/pages\/4900\/revisions"}],"predecessor-version":[{"id":4935,"href":"https:\/\/fossavatn.is\/en\/wp-json\/wp\/v2\/pages\/4900\/revisions\/4935"}],"wp:featuredmedia":[{"embeddable":true,"href":"https:\/\/fossavatn.is\/en\/wp-json\/wp\/v2\/media\/4901"}],"wp:attachment":[{"href":"https:\/\/fossavatn.is\/en\/wp-json\/wp\/v2\/media?parent=4900"}],"curies":[{"name":"wp","href":"https:\/\/api.w.org\/{rel}","templated":true}]}}