{"id":667,"date":"2021-01-26T15:51:01","date_gmt":"2021-01-26T15:51:01","guid":{"rendered":"https:\/\/fossavatn.is\/?page_id=667"},"modified":"2025-10-09T15:54:37","modified_gmt":"2025-10-09T15:54:37","slug":"dagskra","status":"publish","type":"page","link":"https:\/\/fossavatn.is\/en\/dagskra\/","title":{"rendered":"Agenda 2026"},"content":{"rendered":"<p>This is what the schedule looks like for 2026. Updated in July 2025 and may be subject to minor changes.<\/p>\n\n\n\n<p><\/p>\n\n\n\n<p><\/p>\n\n\n\n<figure class=\"wp-block-table is-style-fv-tafla\"><table><thead><tr><th>Race<\/th><th>Date<\/th><th><strong>Time<\/strong><\/th><th><strong>Weekday<\/strong><\/th><th><strong>Registration<\/strong><\/th><\/tr><\/thead><tbody><tr><td><a href=\"https:\/\/fossavatn.is\/en\/naeturfossavatnid-35-km\/\">Fossavatn Night Race 35 km<\/a><\/td><td>15th April<\/td><td>22:00<\/td><td>Wednesday<\/td><td><a href=\"https:\/\/skraning.fossavatn.is\/?lang=en\">Registration<\/a><\/td><\/tr><tr><td><a href=\"https:\/\/fossavatn.is\/en\/naeturfossavatnid-70-km\/\">Fossavatn Night Race 70 km<\/a><\/td><td>15th April<\/td><td>22:00<\/td><td>Wednesday<\/td><td><a href=\"https:\/\/skraning.fossavatn.is\/?lang=en\">Registration<\/a><\/td><\/tr><tr><td><a href=\"https:\/\/fossavatn.is\/en\/fossavatnsskautid-25-km\/\">Fossavatnsgangan free style<\/a><\/td><td>April 16<\/td><td>17:00<\/td><td>Thursday<\/td><td><a href=\"https:\/\/skraning.fossavatn.is\/?lang=en\">Registration<\/a><\/td><\/tr><tr><td><a href=\"https:\/\/fossavatn.is\/en\/krakkafossavatnid-1-km\/\">Children's Fossvatn 1 km<\/a><\/td><td>April 16<\/td><td>17:30<\/td><td>Thursday<\/td><td><a href=\"https:\/\/skraning.fossavatn.is\/?lang=en\">Registration<\/a><\/td><\/tr><tr><td><a href=\"https:\/\/fossavatn.is\/en\/fjolskyldufossavatnid-5-km\/\">Family Fossavatn 5 km<\/a><\/td><td>April 16<\/td><td>17:15<\/td><td>Thursday<\/td><td><a href=\"https:\/\/skraning.fossavatn.is\/?lang=en\">Registration<\/a><\/td><\/tr><tr><td>WorldLoppet invitation for all Worldloppet pass holders<\/td><td>April 17<\/td><td>17:00\u201319:00<\/td><td>Friday<\/td><td>No registration<\/td><\/tr><tr><td><a href=\"https:\/\/fossavatn.is\/en\/50-km\/\">Fossavatnsgangan classic 50 km<\/a><\/td><td>April 18<\/td><td>08:00\u201309:00<\/td><td>Saturday<\/td><td><a href=\"https:\/\/skraning.fossavatn.is\/?lang=en\">Registration<\/a><\/td><\/tr><tr><td><a href=\"https:\/\/fossavatn.is\/en\/fossavatnsgangan-25-km\/\">Fossavatnsgangan classic 25 km<\/a><\/td><td>April 18<\/td><td>09:15\u201310:00<\/td><td>Saturday<\/td><td><a href=\"https:\/\/skraning.fossavatn.is\/?lang=en\">Registration<\/a><\/td><\/tr><tr><td><a href=\"https:\/\/fossavatn.is\/en\/fossavatnsgangan-125-km\/\">Fossavatnsgangan classic 12.5 km<\/a><\/td><td>April 18<\/td><td>09:15\u201310:00<\/td><td>Saturday<\/td><td><a href=\"https:\/\/skraning.fossavatn.is\/?lang=en\">Registration<\/a><\/td><\/tr><tr><td>Coffee and cakes, and prize ceremony<\/td><td>April 18<\/td><td>15:00\u201317:00<\/td><td>Saturday<\/td><td>Included<\/td><\/tr><tr><td>Seafood buffet and party, Torfnes sports hall<\/td><td>April 18<\/td><td>19:30\u201301:00<\/td><td>Saturday<\/td><td><a href=\"https:\/\/skraning.fossavatn.is\/?lang=en\">Registration<\/a><\/td><\/tr><\/tbody><\/table><\/figure>\n\n\n\n<p>Here is information about<a href=\"https:\/\/fossavatn.is\/en\/race-office\/\"> opening hours at the race office. <\/a><\/p>\n\n\n\n<div style=\"height:100px\" aria-hidden=\"true\" class=\"wp-block-spacer\"><\/div>","protected":false},"excerpt":{"rendered":"<p>Svona l\u00edtur dagskr\u00e1in \u00fat fyrir 2026. Uppf\u00e6rt \u00ed j\u00fal\u00ed 2025 og getur teki\u00f0 sm\u00e1v\u00e6gilegum breytingum. Ganga Dagsetning T\u00edmi Vikudagur Skr\u00e1ning N\u00e6turFossavatni\u00f0 35 km 15. apr\u00edl 22:00 Mi\u00f0vikudagur Skr\u00e1ning N\u00e6turFossavatni\u00f0 70 km 15. apr\u00edl 22:00 Mi\u00f0vikudagur Skr\u00e1ning Fossavatnsskauti\u00f0 25 km 16. apr\u00edl 17:00 Fimmtudagur Skr\u00e1ning KrakkaFossavatni\u00f0 1 km 16. apr\u00edl 17:30 Fimmtudagur Skr\u00e1ning Fj\u00f6lskylduFossavatni\u00f0 5 km [&hellip;]<\/p>\n","protected":false},"author":4,"featured_media":0,"parent":0,"menu_order":0,"comment_status":"closed","ping_status":"closed","template":"","meta":{"footnotes":""},"class_list":["post-667","page","type-page","status-publish","hentry"],"_links":{"self":[{"href":"https:\/\/fossavatn.is\/en\/wp-json\/wp\/v2\/pages\/667","targetHints":{"allow":["GET"]}}],"collection":[{"href":"https:\/\/fossavatn.is\/en\/wp-json\/wp\/v2\/pages"}],"about":[{"href":"https:\/\/fossavatn.is\/en\/wp-json\/wp\/v2\/types\/page"}],"author":[{"embeddable":true,"href":"https:\/\/fossavatn.is\/en\/wp-json\/wp\/v2\/users\/4"}],"replies":[{"embeddable":true,"href":"https:\/\/fossavatn.is\/en\/wp-json\/wp\/v2\/comments?post=667"}],"version-history":[{"count":64,"href":"https:\/\/fossavatn.is\/en\/wp-json\/wp\/v2\/pages\/667\/revisions"}],"predecessor-version":[{"id":4912,"href":"https:\/\/fossavatn.is\/en\/wp-json\/wp\/v2\/pages\/667\/revisions\/4912"}],"wp:attachment":[{"href":"https:\/\/fossavatn.is\/en\/wp-json\/wp\/v2\/media?parent=667"}],"curies":[{"name":"wp","href":"https:\/\/api.w.org\/{rel}","templated":true}]}}