{"id":680,"date":"2021-01-26T16:15:51","date_gmt":"2021-01-26T16:15:51","guid":{"rendered":"https:\/\/fossavatn.is\/?page_id=680"},"modified":"2025-07-20T16:38:52","modified_gmt":"2025-07-20T16:38:52","slug":"verdskra","status":"publish","type":"page","link":"https:\/\/fossavatn.is\/en\/verdskra\/","title":{"rendered":"Price list 2026"},"content":{"rendered":"<p>The registration fees are low to begin with but rise the closer we get to race day.  <\/p>\n\n\n\n<p>Competitors in two or more races receive a 50% discount on the competition fee for the shorter distance. Competitors at the \u00cdsfir\u00f0inga Ski Club receive a special discount as advertised within the club. <\/p>\n\n\n\n<p>Profits from Fossavatnsgangan go to our local ski club, Sk\u00ed\u00f0af\u00e9lag \u00cdsfir\u00f0inga and their ambitious program for children and youth in cross-country skiing, alpine skiing and snowboarding.<\/p>\n\n\n\n<figure class=\"wp-block-table is-style-fv-tafla\"><table><thead><tr><th>Race<\/th><th class=\"has-text-align-right\" data-align=\"right\">Until November 30<\/th><th class=\"has-text-align-right\" data-align=\"right\">Until January 3<\/th><th class=\"has-text-align-right\" data-align=\"right\">Until race day<\/th><\/tr><\/thead><tbody><tr><td>1 km<\/td><td class=\"has-text-align-right\" data-align=\"right\">Free<\/td><td class=\"has-text-align-right\" data-align=\"right\">Free<\/td><td class=\"has-text-align-right\" data-align=\"right\">Free<\/td><\/tr><tr><td>5 km (children to 12 years old)<\/td><td class=\"has-text-align-right\" data-align=\"right\">1.000<\/td><td class=\"has-text-align-right\" data-align=\"right\">1.000<\/td><td class=\"has-text-align-right\" data-align=\"right\">1.000<\/td><\/tr><tr><td>5 km (13 years and older)<\/td><td class=\"has-text-align-right\" data-align=\"right\">3.000<\/td><td class=\"has-text-align-right\" data-align=\"right\">3.000<\/td><td class=\"has-text-align-right\" data-align=\"right\">3.000<\/td><\/tr><tr><td>12.5 km<\/td><td class=\"has-text-align-right\" data-align=\"right\">8.000<\/td><td class=\"has-text-align-right\" data-align=\"right\">9.000<\/td><td class=\"has-text-align-right\" data-align=\"right\">10.000<\/td><\/tr><tr><td>25 km (free style and main race)<\/td><td class=\"has-text-align-right\" data-align=\"right\">14.000<\/td><td class=\"has-text-align-right\" data-align=\"right\">16.000<\/td><td class=\"has-text-align-right\" data-align=\"right\">18.000<\/td><\/tr><tr><td>50 km <\/td><td class=\"has-text-align-right\" data-align=\"right\">19.000<\/td><td class=\"has-text-align-right\" data-align=\"right\">23.000<\/td><td class=\"has-text-align-right\" data-align=\"right\">26.000<\/td><\/tr><tr><td>Fossavatnsgangan party<\/td><td class=\"has-text-align-right\" data-align=\"right\">13.000<\/td><td class=\"has-text-align-right\" data-align=\"right\">13.000<\/td><td class=\"has-text-align-right\" data-align=\"right\">13.000<\/td><\/tr><tr><td>Fossavatn Night Race 35 km<\/td><td class=\"has-text-align-right\" data-align=\"right\">12.000<\/td><td class=\"has-text-align-right\" data-align=\"right\">14.000<\/td><td class=\"has-text-align-right\" data-align=\"right\">16.000<\/td><\/tr><tr><td>Fossavatn Night Race 70 km<\/td><td class=\"has-text-align-right\" data-align=\"right\">13.000<\/td><td class=\"has-text-align-right\" data-align=\"right\">15.000<\/td><td class=\"has-text-align-right\" data-align=\"right\">17.000<\/td><\/tr><\/tbody><\/table><figcaption class=\"wp-element-caption\">Price list, updated July 2025<\/figcaption><\/figure>\n\n\n\n<p><\/p>\n\n\n\n<div style=\"height:132px\" aria-hidden=\"true\" class=\"wp-block-spacer\"><\/div>","protected":false},"excerpt":{"rendered":"<p>H\u00e9r fyrir ne\u00f0an er ver\u00f0skr\u00e1in okkar. Skr\u00e1ningargj\u00f6ld eru m\u00f6rg hver l\u00e6gri snemma vetrar og h\u00e6kka eftir \u00fev\u00ed sem l\u00ed\u00f0ur a\u00f0 g\u00f6ngu. Keppendur \u00ed tveimur g\u00f6ngum e\u00f0a fleiri f\u00e1 50% afsl\u00e1tt af keppnisgjaldi \u00ed styttri vegalengdinni. I\u00f0kendur hj\u00e1 Sk\u00ed\u00f0af\u00e9lagi \u00cdsfir\u00f0inga f\u00e1 s\u00e9rstakan afsl\u00e1tt sem kynntur innan f\u00e9lagsins. Hagna\u00f0ur af rekstri g\u00f6ngunnar fer til Sk\u00ed\u00f0af\u00e9lags \u00cdsfir\u00f0inga og [&hellip;]<\/p>\n","protected":false},"author":4,"featured_media":2356,"parent":0,"menu_order":0,"comment_status":"closed","ping_status":"closed","template":"","meta":{"footnotes":""},"class_list":["post-680","page","type-page","status-publish","has-post-thumbnail","hentry"],"_links":{"self":[{"href":"https:\/\/fossavatn.is\/en\/wp-json\/wp\/v2\/pages\/680","targetHints":{"allow":["GET"]}}],"collection":[{"href":"https:\/\/fossavatn.is\/en\/wp-json\/wp\/v2\/pages"}],"about":[{"href":"https:\/\/fossavatn.is\/en\/wp-json\/wp\/v2\/types\/page"}],"author":[{"embeddable":true,"href":"https:\/\/fossavatn.is\/en\/wp-json\/wp\/v2\/users\/4"}],"replies":[{"embeddable":true,"href":"https:\/\/fossavatn.is\/en\/wp-json\/wp\/v2\/comments?post=680"}],"version-history":[{"count":18,"href":"https:\/\/fossavatn.is\/en\/wp-json\/wp\/v2\/pages\/680\/revisions"}],"predecessor-version":[{"id":4894,"href":"https:\/\/fossavatn.is\/en\/wp-json\/wp\/v2\/pages\/680\/revisions\/4894"}],"wp:featuredmedia":[{"embeddable":true,"href":"https:\/\/fossavatn.is\/en\/wp-json\/wp\/v2\/media\/2356"}],"wp:attachment":[{"href":"https:\/\/fossavatn.is\/en\/wp-json\/wp\/v2\/media?parent=680"}],"curies":[{"name":"wp","href":"https:\/\/api.w.org\/{rel}","templated":true}]}}