{"id":696,"date":"2021-01-26T16:38:25","date_gmt":"2021-01-26T16:38:25","guid":{"rendered":"https:\/\/fossavatn.is\/?page_id=696"},"modified":"2026-03-25T14:47:34","modified_gmt":"2026-03-25T14:47:34","slug":"buses","status":"publish","type":"page","link":"https:\/\/fossavatn.is\/en\/buses\/","title":{"rendered":"Bus 2026"},"content":{"rendered":"<p><\/p>\n\n\n\n<p><\/p>\n\n\n\n<div class=\"wp-block-columns is-layout-flex wp-container-core-columns-is-layout-28f84493 wp-block-columns-is-layout-flex\">\n<div class=\"wp-block-column is-layout-flow wp-block-column-is-layout-flow\">\n<h2 class=\"wp-block-heading\">Buses Thursday and Friday<\/h2>\n\n\n\n<p>West Travel will have bus trips on Thursday, April 16th, and Friday, April 17th, from town up to the valley.<\/p>\n\n\n\n<p><strong>Free shuttle bus service<\/strong><\/p>\n\n\n\n<p>Bus rides included in the participation fee depart from Torfnes on Thursday, April 16, at 3:00 PM and 3:30 PM. Buses will return as needed.<\/p>\n\n\n\n<p><\/p>\n\n\n\n<p><strong>Additional bus trips<\/strong><\/p>\n\n\n\n<p>There are also bus tours that are not included in the participation fee. <\/p>\n\n\n\n<p>From Torfnes: 11:00, 14:00, 16:00, 18:00.<\/p>\n\n\n\n<p>From Seljalandsdalur: 11:30, 14:30, 16:30, 18:30<\/p>\n\n\n\n<p>The bus fare is 1,500 kr. one way.<\/p>\n\n\n\n<p>You can buy tickets for the bus on the website <a href=\"https:\/\/www.westtravel.is\/\">https:\/\/www.westtravel.is\/<\/a>&nbsp;and you will also be able to buy ticket on the bus using card or contactless payment.<\/p>\n\n\n\n<p>Private car traffic is permitted on Wednesday, Thursday and Friday. <\/p>\n<\/div>\n\n\n\n<div class=\"wp-block-column is-layout-flow wp-block-column-is-layout-flow\">\n<h2 class=\"wp-block-heading\">Buses Saturday<\/h2>\n\n\n\n<p>Due to road congestion and limited parking, private car traffic up Seljalandsdalur is prohibited on Saturday morning until 09:00. <\/p>\n\n\n\n<p>Free buses are provided by the race organizers. \nThere is ample parking by the football field and the high school at Torfnes.<\/p>\n\n\n\n<p>The first bus leaves Torfnes at 06:30, and then every 15 minutes. The last bus leaves at 08:45. After that, private cars are allowed into the area while parking spaces last.<\/p>\n\n\n\n<p>Busses will be waiting at the finish goal and will go every 15 minutes or when they have reached their capacity.<\/p>\n\n\n\n<p>The road is then opened to private cars at 09:00, but parking is limited and you can expect to have to park quite a distance from the race site. <\/p>\n<\/div>\n<\/div>\n\n\n\n<p><\/p>\n\n\n\n<div style=\"height:100px\" aria-hidden=\"true\" class=\"wp-block-spacer\"><\/div>\n\n\n\r\n            \r\n            \r\n            \r\n            <a name='map2'><\/a>\r\n            \r\n            \r\n            \r\n            \r\n            <div class=\"wpgmza_map\"  id=\"wpgmza_map_2\" style=\"display:block; overflow:auto; width:100%; height:400px; float:left;\" data-settings='{\"id\":\"2\",\"map_title\":\"R\\u00fatur\",\"map_width\":\"100\",\"map_height\":\"400\",\"map_start_lat\":\"66.06714319425862\",\"map_start_lng\":\"-23.171286747717716\",\"map_start_location\":\"\",\"map_start_zoom\":\"13\",\"default_marker\":\"\",\"type\":\"0\",\"alignment\":\"0\",\"directions_enabled\":\"0\",\"styling_enabled\":\"0\",\"styling_json\":\"\",\"active\":\"0\",\"kml\":\"\",\"bicycle\":\"0\",\"traffic\":\"0\",\"dbox\":\"1\",\"dbox_width\":\"100\",\"listmarkers\":\"0\",\"listmarkers_advanced\":\"0\",\"filterbycat\":\"0\",\"ugm_enabled\":\"0\",\"ugm_category_enabled\":\"0\",\"fusion\":\"\",\"map_width_type\":\"%\",\"map_height_type\":\"px\",\"mass_marker_support\":\"0\",\"ugm_access\":\"0\",\"order_markers_by\":\"1\",\"order_markers_choice\":\"1\",\"show_user_location\":\"0\",\"default_to\":\"\",\"other_settings\":{\"map_type\":1,\"sl_stroke_color\":\"#ff0000\",\"sl_fill_color\":\"#ff0000\",\"sl_stroke_opacity\":\"1\",\"sl_fill_opacity\":\"0.5\",\"transport_layer\":false,\"action\":\"wpgmza_save_map\",\"redirect_to\":\"\\\/wp-admin\\\/admin-post.php\",\"map_id\":\"2\",\"http_referer\":\"\\\/wp-admin\\\/admin.php?page=wp-google-maps-menu&amp;amp;action=edit&amp;amp;map_id=2\",\"wpgmza_id\":\"2\",\"wpgmza_start_location\":\"66.06714319425862,-23.171286747717716\",\"wpgmza_start_zoom\":\"13\",\"wpgmza_dbox_width_type\":\"%\",\"default_from\":\"\",\"directions_behaviour\":\"default\",\"force_google_directions_app\":false,\"directions_route_origin_icon\":\"https:\\\/\\\/fossavatn.is\\\/wp-content\\\/plugins\\\/wp-google-maps\\\/images\\\/spotlight-poi2.png\",\"directions_origin_retina\":false,\"directions_route_destination_icon\":\"https:\\\/\\\/fossavatn.is\\\/wp-content\\\/plugins\\\/wp-google-maps\\\/images\\\/spotlight-poi2.png\",\"directions_destination_retina\":false,\"directions_route_stroke_color\":\"#4f8df5\",\"directions_route_stroke_weight\":\"4\",\"directions_route_stroke_opacity\":\"0.8\",\"directions_fit_bounds_to_route\":false,\"store_locator_enabled\":false,\"store_locator_search_area\":\"radial\",\"wpgmza_store_locator_radius_style\":\"legacy\",\"wpgmza_store_locator_default_radius\":\"10\",\"store_locator_auto_area_max_zoom\":\"\",\"wpgmza_store_locator_restrict\":\"\",\"store_locator_distance\":false,\"wpgmza_store_locator_position\":false,\"store_locator_show_distance\":false,\"store_locator_category\":false,\"wpgmza_store_locator_use_their_location\":false,\"wpgmza_store_locator_bounce\":false,\"upload_default_sl_marker\":\"\",\"retina\":false,\"wpgmza_sl_animation\":\"0\",\"wpgmza_store_locator_hide_before_search\":false,\"store_locator_query_string\":\"\",\"store_locator_default_address\":\"\",\"store_locator_name_search\":false,\"store_locator_name_string\":\"\",\"store_locator_not_found_message\":\"\",\"wpgmza_map_align\":\"1\",\"upload_default_ul_marker\":\"\",\"jump_to_nearest_marker_on_initialization\":false,\"automatically_pan_to_users_location\":false,\"override_users_location_zoom_level\":false,\"override_users_location_zoom_levels\":\"\",\"show_distance_from_location\":false,\"map_max_zoom\":\"21\",\"map_min_zoom\":\"0\",\"click_open_link\":false,\"fit_maps_bounds_to_markers\":false,\"fit_maps_bounds_to_markers_after_filtering\":false,\"hide_point_of_interest\":false,\"wpgmza_zoom_on_marker_click\":false,\"wpgmza_zoom_on_marker_click_slider\":\"\",\"close_infowindow_on_map_click\":false,\"disable_lightbox_images\":false,\"use_Raw_Jpeg_Coordinates\":false,\"polygon_labels\":false,\"disable_polygon_info_windows\":false,\"enable_advanced_custom_fields_integration\":false,\"enable_toolset_woocommerce_integration\":false,\"only_load_markers_within_viewport\":false,\"iw_primary_color\":\"#000000\",\"iw_accent_color\":\"#000000\",\"iw_text_color\":\"#000000\",\"wpgmza_listmarkers_by\":\"0\",\"wpgmza_marker_listing_position\":false,\"datatable_no_result_message\":\"\",\"remove_search_box_datables\":false,\"dataTable_pagination_style\":\"default\",\"datatable_search_string\":\"\",\"datatable_result_start\":\"\",\"datatable_result_of\":\"\",\"datatable_result_to\":\"\",\"datatable_result_total\":\"\",\"datatable_result_show\":\"\",\"datatable_result_entries\":\"\",\"wpgmza_savemap\":\"Save Map \\u00bb\",\"shortcodeAttributes\":{\"id\":\"2\"},\"upload_default_sl_marker_retina\":false,\"store_locator_location_placeholder\":\"\",\"upload_default_ul_marker_retina\":false,\"zoom_level_on_marker_listing_override\":false,\"zoom_level_on_marker_listing_click\":\"\",\"marker_listing_disable_zoom\":false,\"enable_marker_labels\":false,\"zoom_level_mobile_override_enabled\":false,\"zoom_level_mobile_override\":\"\"}}' data-map-id='2' data-shortcode-attributes='{\"id\":\"2\"}'> <\/div>\r\n            \r\n               \r\n        \n\n\n\n<div style=\"height:100px\" aria-hidden=\"true\" class=\"wp-block-spacer\"><\/div>\n\n\n\n<figure class=\"wp-block-image aligncenter size-large\"><img decoding=\"async\" src=\"https:\/\/fossavatn.is\/wp-content\/uploads\/2021\/04\/torfnes-1024x353.png\" alt=\"\" class=\"wp-image-2305\"\/><figcaption class=\"wp-element-caption\">Torfnes Sports Center<\/figcaption><\/figure>\n\n\n\n<p><\/p>\n\n\n\n<div style=\"height:100px\" aria-hidden=\"true\" class=\"wp-block-spacer\"><\/div>","protected":false},"excerpt":{"rendered":"<p>R\u00fatur fimmtudag og f\u00f6studag West Travel ver\u00f0a me\u00f0 r\u00fatufer\u00f0ir \u00e1 fimmtudeginum 16. apr\u00edl og f\u00f6studeginum 17. apr\u00edl fr\u00e1 b\u00e6num og upp \u00e1 dal. \u00d3keypis r\u00fatufer\u00f0ir R\u00fatufer\u00f0ir sem eru innifaldar \u00ed \u00fe\u00e1ttt\u00f6kugjaldi eru fr\u00e1 Torfnesi fimmtudaginn 16. apr\u00edl kl. 15:00 og 15:30. R\u00fatur fara til baka eftir \u00fe\u00f6rfum. Aukar\u00fatufer\u00f0ir Einnig eru r\u00fatufer\u00f0ir sem ekki eru innifaldar [&hellip;]<\/p>\n","protected":false},"author":1,"featured_media":0,"parent":0,"menu_order":0,"comment_status":"closed","ping_status":"closed","template":"","meta":{"footnotes":""},"class_list":["post-696","page","type-page","status-publish","hentry"],"_links":{"self":[{"href":"https:\/\/fossavatn.is\/en\/wp-json\/wp\/v2\/pages\/696","targetHints":{"allow":["GET"]}}],"collection":[{"href":"https:\/\/fossavatn.is\/en\/wp-json\/wp\/v2\/pages"}],"about":[{"href":"https:\/\/fossavatn.is\/en\/wp-json\/wp\/v2\/types\/page"}],"author":[{"embeddable":true,"href":"https:\/\/fossavatn.is\/en\/wp-json\/wp\/v2\/users\/1"}],"replies":[{"embeddable":true,"href":"https:\/\/fossavatn.is\/en\/wp-json\/wp\/v2\/comments?post=696"}],"version-history":[{"count":32,"href":"https:\/\/fossavatn.is\/en\/wp-json\/wp\/v2\/pages\/696\/revisions"}],"predecessor-version":[{"id":4962,"href":"https:\/\/fossavatn.is\/en\/wp-json\/wp\/v2\/pages\/696\/revisions\/4962"}],"wp:attachment":[{"href":"https:\/\/fossavatn.is\/en\/wp-json\/wp\/v2\/media?parent=696"}],"curies":[{"name":"wp","href":"https:\/\/api.w.org\/{rel}","templated":true}]}}